{"id":7249,"date":"2024-02-09T08:27:08","date_gmt":"2024-02-09T08:27:08","guid":{"rendered":"https:\/\/baixas.es\/sin categor\u00eda\/cheescake-individual\/"},"modified":"2024-02-09T08:27:08","modified_gmt":"2024-02-09T08:27:08","slug":"cheescake-individual","status":"publish","type":"product","link":"https:\/\/baixas.es\/es\/pasteleria-barcelona\/individuales-pastisseria\/cheescake-individual\/","title":{"rendered":"Cheescake Individual"},"content":{"rendered":"","protected":false},"excerpt":{"rendered":"<p>Tarta de queso cremosa con un ligero toque de Camembert y una base de crumble.<\/p>\n<p>AL\u00c9RGENOS: Sin gluten, lactosa, huevo, trazas de soja y frutos secos.<\/p>\n","protected":false},"featured_media":5425,"template":"","meta":{"_acf_changed":false,"inline_featured_image":false},"product_brand":[],"product_cat":[245,210],"product_tag":[],"class_list":{"0":"post-7249","1":"product","2":"type-product","3":"status-publish","4":"has-post-thumbnail","6":"product_cat-individuales-pastisseria","7":"product_cat-pasteleria-barcelona","9":"first","10":"instock","11":"purchasable","12":"product-type-simple"},"acf":[],"yoast_head":"<!-- This site is optimized with the Yoast SEO plugin v27.3 - https:\/\/yoast.com\/product\/yoast-seo-wordpress\/ -->\n<title>Cheescake Individual &#8211; Pastisseria Baixas<\/title>\n<meta name=\"description\" content=\"Descubre nuestro delicioso cheesecake individual en Baixas , la pasteler\u00eda de Barcelona. Disfruta de la tarta de queso que cautiva todos los sentidos.\" \/>\n<meta name=\"robots\" content=\"index, follow, max-snippet:-1, max-image-preview:large, max-video-preview:-1\" \/>\n<link rel=\"canonical\" href=\"https:\/\/baixas.es\/es\/pasteleria-barcelona\/individuales-pastisseria\/cheescake-individual\/\" \/>\n<meta property=\"og:locale\" content=\"es_ES\" \/>\n<meta property=\"og:type\" content=\"article\" \/>\n<meta property=\"og:title\" content=\"Cheescake Individual &#8211; Pastisseria Baixas\" \/>\n<meta property=\"og:description\" content=\"Descubre nuestro delicioso cheesecake individual en Baixas , la pasteler\u00eda de Barcelona. Disfruta de la tarta de queso que cautiva todos los sentidos.\" \/>\n<meta property=\"og:url\" content=\"https:\/\/baixas.es\/es\/pasteleria-barcelona\/individuales-pastisseria\/cheescake-individual\/\" \/>\n<meta property=\"og:site_name\" content=\"Pastisseria Baixas\" \/>\n<meta property=\"og:image\" content=\"https:\/\/baixas.es\/wp-content\/uploads\/2024\/02\/BAIXAS-2024_11680.jpg\" \/>\n\t<meta property=\"og:image:width\" content=\"2000\" \/>\n\t<meta property=\"og:image:height\" content=\"2000\" \/>\n\t<meta property=\"og:image:type\" content=\"image\/jpeg\" \/>\n<meta name=\"twitter:card\" content=\"summary_large_image\" \/>\n<script type=\"application\/ld+json\" class=\"yoast-schema-graph\">{\"@context\":\"https:\\\/\\\/schema.org\",\"@graph\":[{\"@type\":\"WebPage\",\"@id\":\"https:\\\/\\\/baixas.es\\\/es\\\/pasteleria-barcelona\\\/individuales-pastisseria\\\/cheescake-individual\\\/\",\"url\":\"https:\\\/\\\/baixas.es\\\/es\\\/pasteleria-barcelona\\\/individuales-pastisseria\\\/cheescake-individual\\\/\",\"name\":\"Cheescake Individual &#8211; Pastisseria Baixas\",\"isPartOf\":{\"@id\":\"https:\\\/\\\/baixas.es\\\/es\\\/#website\"},\"primaryImageOfPage\":{\"@id\":\"https:\\\/\\\/baixas.es\\\/es\\\/pasteleria-barcelona\\\/individuales-pastisseria\\\/cheescake-individual\\\/#primaryimage\"},\"image\":{\"@id\":\"https:\\\/\\\/baixas.es\\\/es\\\/pasteleria-barcelona\\\/individuales-pastisseria\\\/cheescake-individual\\\/#primaryimage\"},\"thumbnailUrl\":\"https:\\\/\\\/baixas.es\\\/wp-content\\\/uploads\\\/2024\\\/02\\\/BAIXAS-2024_11680.jpg\",\"datePublished\":\"2024-02-09T08:27:08+00:00\",\"description\":\"Descubre nuestro delicioso cheesecake individual en Baixas , la pasteler\u00eda de Barcelona. Disfruta de la tarta de queso que cautiva todos los sentidos.\",\"breadcrumb\":{\"@id\":\"https:\\\/\\\/baixas.es\\\/es\\\/pasteleria-barcelona\\\/individuales-pastisseria\\\/cheescake-individual\\\/#breadcrumb\"},\"inLanguage\":\"es\",\"potentialAction\":[{\"@type\":\"ReadAction\",\"target\":[\"https:\\\/\\\/baixas.es\\\/es\\\/pasteleria-barcelona\\\/individuales-pastisseria\\\/cheescake-individual\\\/\"]}]},{\"@type\":\"ImageObject\",\"inLanguage\":\"es\",\"@id\":\"https:\\\/\\\/baixas.es\\\/es\\\/pasteleria-barcelona\\\/individuales-pastisseria\\\/cheescake-individual\\\/#primaryimage\",\"url\":\"https:\\\/\\\/baixas.es\\\/wp-content\\\/uploads\\\/2024\\\/02\\\/BAIXAS-2024_11680.jpg\",\"contentUrl\":\"https:\\\/\\\/baixas.es\\\/wp-content\\\/uploads\\\/2024\\\/02\\\/BAIXAS-2024_11680.jpg\",\"width\":2000,\"height\":2000,\"caption\":\"BAIXAS\"},{\"@type\":\"BreadcrumbList\",\"@id\":\"https:\\\/\\\/baixas.es\\\/es\\\/pasteleria-barcelona\\\/individuales-pastisseria\\\/cheescake-individual\\\/#breadcrumb\",\"itemListElement\":[{\"@type\":\"ListItem\",\"position\":1,\"name\":\"Inici\",\"item\":\"https:\\\/\\\/baixas.es\\\/es\\\/\"},{\"@type\":\"ListItem\",\"position\":2,\"name\":\"Tienda\",\"item\":\"https:\\\/\\\/baixas.es\\\/es\\\/tienda\\\/\"},{\"@type\":\"ListItem\",\"position\":3,\"name\":\"Cheescake Individual\"}]},{\"@type\":\"WebSite\",\"@id\":\"https:\\\/\\\/baixas.es\\\/es\\\/#website\",\"url\":\"https:\\\/\\\/baixas.es\\\/es\\\/\",\"name\":\"Pastisseria Baixas\",\"description\":\"La pasteler\u00eda de Barcelona m\u00e1s sostenible con el m\u00ednimo intervencionismo y artificialidad\",\"publisher\":{\"@id\":\"https:\\\/\\\/baixas.es\\\/es\\\/#organization\"},\"alternateName\":\"Baixas\",\"potentialAction\":[{\"@type\":\"SearchAction\",\"target\":{\"@type\":\"EntryPoint\",\"urlTemplate\":\"https:\\\/\\\/baixas.es\\\/es\\\/?s={search_term_string}\"},\"query-input\":{\"@type\":\"PropertyValueSpecification\",\"valueRequired\":true,\"valueName\":\"search_term_string\"}}],\"inLanguage\":\"es\"},{\"@type\":\"Organization\",\"@id\":\"https:\\\/\\\/baixas.es\\\/es\\\/#organization\",\"name\":\"Pastisseria Baixas\",\"alternateName\":\"Baixas\",\"url\":\"https:\\\/\\\/baixas.es\\\/es\\\/\",\"logo\":{\"@type\":\"ImageObject\",\"inLanguage\":\"es\",\"@id\":\"https:\\\/\\\/baixas.es\\\/es\\\/#\\\/schema\\\/logo\\\/image\\\/\",\"url\":\"https:\\\/\\\/baixas.es\\\/wp-content\\\/uploads\\\/2023\\\/03\\\/logo.svg\",\"contentUrl\":\"https:\\\/\\\/baixas.es\\\/wp-content\\\/uploads\\\/2023\\\/03\\\/logo.svg\",\"width\":155,\"height\":41,\"caption\":\"Pastisseria Baixas\"},\"image\":{\"@id\":\"https:\\\/\\\/baixas.es\\\/es\\\/#\\\/schema\\\/logo\\\/image\\\/\"},\"sameAs\":[\"https:\\\/\\\/www.instagram.com\\\/baixasbarcelona\\\/\",\"https:\\\/\\\/www.linkedin.com\\\/company\\\/baixas-barcelona\\\/\"]}]}<\/script>\n<!-- \/ Yoast SEO plugin. -->","yoast_head_json":{"title":"Cheescake Individual &#8211; Pastisseria Baixas","description":"Descubre nuestro delicioso cheesecake individual en Baixas , la pasteler\u00eda de Barcelona. Disfruta de la tarta de queso que cautiva todos los sentidos.","robots":{"index":"index","follow":"follow","max-snippet":"max-snippet:-1","max-image-preview":"max-image-preview:large","max-video-preview":"max-video-preview:-1"},"canonical":"https:\/\/baixas.es\/es\/pasteleria-barcelona\/individuales-pastisseria\/cheescake-individual\/","og_locale":"es_ES","og_type":"article","og_title":"Cheescake Individual &#8211; Pastisseria Baixas","og_description":"Descubre nuestro delicioso cheesecake individual en Baixas , la pasteler\u00eda de Barcelona. Disfruta de la tarta de queso que cautiva todos los sentidos.","og_url":"https:\/\/baixas.es\/es\/pasteleria-barcelona\/individuales-pastisseria\/cheescake-individual\/","og_site_name":"Pastisseria Baixas","og_image":[{"width":2000,"height":2000,"url":"https:\/\/baixas.es\/wp-content\/uploads\/2024\/02\/BAIXAS-2024_11680.jpg","type":"image\/jpeg"}],"twitter_card":"summary_large_image","schema":{"@context":"https:\/\/schema.org","@graph":[{"@type":"WebPage","@id":"https:\/\/baixas.es\/es\/pasteleria-barcelona\/individuales-pastisseria\/cheescake-individual\/","url":"https:\/\/baixas.es\/es\/pasteleria-barcelona\/individuales-pastisseria\/cheescake-individual\/","name":"Cheescake Individual &#8211; Pastisseria Baixas","isPartOf":{"@id":"https:\/\/baixas.es\/es\/#website"},"primaryImageOfPage":{"@id":"https:\/\/baixas.es\/es\/pasteleria-barcelona\/individuales-pastisseria\/cheescake-individual\/#primaryimage"},"image":{"@id":"https:\/\/baixas.es\/es\/pasteleria-barcelona\/individuales-pastisseria\/cheescake-individual\/#primaryimage"},"thumbnailUrl":"https:\/\/baixas.es\/wp-content\/uploads\/2024\/02\/BAIXAS-2024_11680.jpg","datePublished":"2024-02-09T08:27:08+00:00","description":"Descubre nuestro delicioso cheesecake individual en Baixas , la pasteler\u00eda de Barcelona. Disfruta de la tarta de queso que cautiva todos los sentidos.","breadcrumb":{"@id":"https:\/\/baixas.es\/es\/pasteleria-barcelona\/individuales-pastisseria\/cheescake-individual\/#breadcrumb"},"inLanguage":"es","potentialAction":[{"@type":"ReadAction","target":["https:\/\/baixas.es\/es\/pasteleria-barcelona\/individuales-pastisseria\/cheescake-individual\/"]}]},{"@type":"ImageObject","inLanguage":"es","@id":"https:\/\/baixas.es\/es\/pasteleria-barcelona\/individuales-pastisseria\/cheescake-individual\/#primaryimage","url":"https:\/\/baixas.es\/wp-content\/uploads\/2024\/02\/BAIXAS-2024_11680.jpg","contentUrl":"https:\/\/baixas.es\/wp-content\/uploads\/2024\/02\/BAIXAS-2024_11680.jpg","width":2000,"height":2000,"caption":"BAIXAS"},{"@type":"BreadcrumbList","@id":"https:\/\/baixas.es\/es\/pasteleria-barcelona\/individuales-pastisseria\/cheescake-individual\/#breadcrumb","itemListElement":[{"@type":"ListItem","position":1,"name":"Inici","item":"https:\/\/baixas.es\/es\/"},{"@type":"ListItem","position":2,"name":"Tienda","item":"https:\/\/baixas.es\/es\/tienda\/"},{"@type":"ListItem","position":3,"name":"Cheescake Individual"}]},{"@type":"WebSite","@id":"https:\/\/baixas.es\/es\/#website","url":"https:\/\/baixas.es\/es\/","name":"Pastisseria Baixas","description":"La pasteler\u00eda de Barcelona m\u00e1s sostenible con el m\u00ednimo intervencionismo y artificialidad","publisher":{"@id":"https:\/\/baixas.es\/es\/#organization"},"alternateName":"Baixas","potentialAction":[{"@type":"SearchAction","target":{"@type":"EntryPoint","urlTemplate":"https:\/\/baixas.es\/es\/?s={search_term_string}"},"query-input":{"@type":"PropertyValueSpecification","valueRequired":true,"valueName":"search_term_string"}}],"inLanguage":"es"},{"@type":"Organization","@id":"https:\/\/baixas.es\/es\/#organization","name":"Pastisseria Baixas","alternateName":"Baixas","url":"https:\/\/baixas.es\/es\/","logo":{"@type":"ImageObject","inLanguage":"es","@id":"https:\/\/baixas.es\/es\/#\/schema\/logo\/image\/","url":"https:\/\/baixas.es\/wp-content\/uploads\/2023\/03\/logo.svg","contentUrl":"https:\/\/baixas.es\/wp-content\/uploads\/2023\/03\/logo.svg","width":155,"height":41,"caption":"Pastisseria Baixas"},"image":{"@id":"https:\/\/baixas.es\/es\/#\/schema\/logo\/image\/"},"sameAs":["https:\/\/www.instagram.com\/baixasbarcelona\/","https:\/\/www.linkedin.com\/company\/baixas-barcelona\/"]}]}},"_links":{"self":[{"href":"https:\/\/baixas.es\/es\/wp-json\/wp\/v2\/product\/7249","targetHints":{"allow":["GET"]}}],"collection":[{"href":"https:\/\/baixas.es\/es\/wp-json\/wp\/v2\/product"}],"about":[{"href":"https:\/\/baixas.es\/es\/wp-json\/wp\/v2\/types\/product"}],"wp:featuredmedia":[{"embeddable":true,"href":"https:\/\/baixas.es\/es\/wp-json\/wp\/v2\/media\/5425"}],"wp:attachment":[{"href":"https:\/\/baixas.es\/es\/wp-json\/wp\/v2\/media?parent=7249"}],"wp:term":[{"taxonomy":"product_brand","embeddable":true,"href":"https:\/\/baixas.es\/es\/wp-json\/wp\/v2\/product_brand?post=7249"},{"taxonomy":"product_cat","embeddable":true,"href":"https:\/\/baixas.es\/es\/wp-json\/wp\/v2\/product_cat?post=7249"},{"taxonomy":"product_tag","embeddable":true,"href":"https:\/\/baixas.es\/es\/wp-json\/wp\/v2\/product_tag?post=7249"}],"curies":[{"name":"wp","href":"https:\/\/api.w.org\/{rel}","templated":true}]}}