{"id":7134,"date":"2023-04-21T21:31:31","date_gmt":"2023-04-21T21:31:31","guid":{"rendered":"https:\/\/baixas.es\/sin categor\u00eda\/caja-bombones-natura-54-unidades\/"},"modified":"2023-04-21T21:31:31","modified_gmt":"2023-04-21T21:31:31","slug":"caja-bombones-natura-54-unidades","status":"publish","type":"product","link":"https:\/\/baixas.es\/es\/chocolateria-barcelona\/bombones\/caja-bombones-natura-54-unidades\/","title":{"rendered":"Caja bombones Natura (54 unidades)"},"content":{"rendered":"<p>La caja bombones Natura (54 unidades) ofrece una aleatoria selecci\u00f3n de 54 bombones de los siguientes deliciosos sabores:<\/p>\n<ul>\n<li style=\"list-style-type: none;\">\n<ul>\n<li>El Palet de Oro sorprende con su combinaci\u00f3n de una cremosa ganache de chocolate con toques sutiles de frutos secos.<\/li>\n<li>El Tres Avellanes enamora con su fusi\u00f3n perfecta de avellana tostada, ganache de chocolate y una fina cobertura de cacao.<\/li>\n<li>El Pralin\u00e9 de Avellanes cautiva con su textura sedosa y la explosi\u00f3n de avellana caramelizada.<\/li>\n<li>El Caf\u00e9 despierta los sentidos con una combinaci\u00f3n equilibrada de caf\u00e9 y una sutil nota de cacao.<\/li>\n<li>El Toffee Salat endulza con su caramelo suave y compensa con una delicada capa de sal.<\/li>\n<li>La Pimienta y Sal es una propuesta atrevida con una <span class=\"hiddenSpellError\">ganache <\/span>de chocolate y un toque sutil de pimienta. La sal realza los aromas del conjunto. <\/li>\n<li>La Menta refresca con su <span class=\"hiddenSpellError\">ganache <\/span>suave de chocolate, que proporciona un contraste muy interesante y mucha frescura.<\/li>\n<li><span class=\"hiddenSpellError\">Yuzu <\/span>sorprende con sus c\u00edtricos ex\u00f3ticos que aportan un toque \u00e1cido y vibrante. Complementan a la perfecci\u00f3n la dulzura del chocolate. <\/li>\n<li>El de Kikos, con el crujiente del cacao y la textura ligera de los frutos secos, aportan una experiencia distinta y sorprendente.<\/li>\n<li>El Pralin\u00e9 de Neula aporta una combinaci\u00f3n irresistible, delicada, de una fina capa de galleta cubierta de una suculenta ganache de chocolate.<\/li>\n<li>El de Frambuesas seduce con su exquisita combinaci\u00f3n de fruta roja y chocolate. Fresco y suculento. <\/li>\n<li>El Maracuy\u00e1 embriaga con su ganache tropical de fruta de la pasi\u00f3n. Ofrece un toque ex\u00f3tico y fresco muy bueno. <\/li>\n<li>El Coco y Curri sorprende con su inusual fusi\u00f3n de coco y un toque sutil de curry. Regalan una experiencia exquisita y diferente. Un matrimonio muy bien avenido.  <\/li>\n<li>La Pimienta Roja es una ganache con notas de piment\u00f3n. Proporciona un toque ligeramente picante que contrasta con la dulzura del chocolate.\n<\/li>\n<\/ul>\n<\/li>\n<\/ul>\n<p>Esta caja de bombones variados es ideal para compartir con los seres queridos o para regalar a aquellos que son m\u00e1s amantes del chocolate.<\/p>\n<p>Capsa Natura. Est\u00e1 hecha de material 100% biodegradable. Hecha con productos 100% reciclados. La tinta utilizada tambi\u00e9n es 100% biodegradable. Baixas est\u00e1 100% comprometido con la sostenibilidad del planeta y un mundo mejor.    <\/p>\n<p>A disfrutar en Baixas , la <a href=\"https:\/\/baixas.es\/es\/chocolateria-barcelona\/\">chocolater\u00eda de Barcelona<\/a> que no te dejar\u00e1 indiferente. \u00a1Buen provecho!<\/p>\n","protected":false},"excerpt":{"rendered":"<p>Selecci\u00f3n de 54 bombones variados de los siguientes sabores:<\/p>\n<ul>\n<li>Palet de oro.<\/li>\n<li>Tres avellanas.<\/li>\n<li>Pralin\u00e9 de avellanas.<\/li>\n<li>Caf\u00e9.<\/li>\n<li>Toffee salado.<\/li>\n<li>Pimienta y sal.<\/li>\n<li>Menta.<\/li>\n<li>Yuzu.<\/li>\n<li>Kikos.<\/li>\n<li>Pralin\u00e9 barquillo.<\/li>\n<li>Frambuesa.<\/li>\n<li>Maracuy\u00e1.<\/li>\n<li>Coco y curry.<\/li>\n<li>Piment\u00f3n.<\/li>\n<\/ul>\n<p>&nbsp;<\/p>\n<p>AL\u00c9RGENOS: Gluten, lactosa, huevo, trazas de soja y frutos secos.<\/p>\n","protected":false},"featured_media":4729,"template":"","meta":{"_acf_changed":false,"inline_featured_image":false},"product_brand":[],"product_cat":[374,373],"product_tag":[],"class_list":{"0":"post-7134","1":"product","2":"type-product","3":"status-publish","4":"has-post-thumbnail","6":"product_cat-bombones","7":"product_cat-chocolateria-barcelona","9":"first","10":"instock","11":"purchasable","12":"product-type-simple"},"acf":[],"yoast_head":"<!-- This site is optimized with the Yoast SEO plugin v27.2 - https:\/\/yoast.com\/product\/yoast-seo-wordpress\/ -->\n<title>Caja bombones Natura (54 unidades) &#8211; Pastisseria Baixas<\/title>\n<meta name=\"description\" content=\"La caja bombones Natura (54 unidades) ofrece una aleatoria selecci\u00f3n de 54 bombones de fant\u00e1sticos sabores, desc\u00fabrelos en Baixas , la chocolater\u00eda de Barcelona.\" \/>\n<meta name=\"robots\" content=\"index, follow, max-snippet:-1, max-image-preview:large, max-video-preview:-1\" \/>\n<link rel=\"canonical\" href=\"https:\/\/baixas.es\/es\/chocolateria-barcelona\/bombones\/caja-bombones-natura-54-unidades\/\" \/>\n<meta property=\"og:locale\" content=\"es_ES\" \/>\n<meta property=\"og:type\" content=\"article\" \/>\n<meta property=\"og:title\" content=\"Caja bombones Natura (54 unidades) &#8211; Pastisseria Baixas\" \/>\n<meta property=\"og:description\" content=\"La caja bombones Natura (54 unidades) ofrece una aleatoria selecci\u00f3n de 54 bombones de fant\u00e1sticos sabores, desc\u00fabrelos en Baixas , la chocolater\u00eda de Barcelona.\" \/>\n<meta property=\"og:url\" content=\"https:\/\/baixas.es\/es\/chocolateria-barcelona\/bombones\/caja-bombones-natura-54-unidades\/\" \/>\n<meta property=\"og:site_name\" content=\"Pastisseria Baixas\" \/>\n<meta property=\"og:image\" content=\"https:\/\/baixas.es\/wp-content\/uploads\/2023\/04\/Capsa-bombons-Natura-54-unitats.jpg\" \/>\n\t<meta property=\"og:image:width\" content=\"2000\" \/>\n\t<meta property=\"og:image:height\" content=\"2000\" \/>\n\t<meta property=\"og:image:type\" content=\"image\/jpeg\" \/>\n<meta name=\"twitter:card\" content=\"summary_large_image\" \/>\n<meta name=\"twitter:label1\" content=\"Tiempo de lectura\" \/>\n\t<meta name=\"twitter:data1\" content=\"2 minutos\" \/>\n<script type=\"application\/ld+json\" class=\"yoast-schema-graph\">{\"@context\":\"https:\/\/schema.org\",\"@graph\":[{\"@type\":\"WebPage\",\"@id\":\"https:\/\/baixas.es\/es\/chocolateria-barcelona\/bombones\/caja-bombones-natura-54-unidades\/\",\"url\":\"https:\/\/baixas.es\/es\/chocolateria-barcelona\/bombones\/caja-bombones-natura-54-unidades\/\",\"name\":\"Caja bombones Natura (54 unidades) &#8211; Pastisseria Baixas\",\"isPartOf\":{\"@id\":\"https:\/\/baixas.es\/es\/#website\"},\"primaryImageOfPage\":{\"@id\":\"https:\/\/baixas.es\/es\/chocolateria-barcelona\/bombones\/caja-bombones-natura-54-unidades\/#primaryimage\"},\"image\":{\"@id\":\"https:\/\/baixas.es\/es\/chocolateria-barcelona\/bombones\/caja-bombones-natura-54-unidades\/#primaryimage\"},\"thumbnailUrl\":\"https:\/\/baixas.es\/wp-content\/uploads\/2023\/04\/Capsa-bombons-Natura-54-unitats.jpg\",\"datePublished\":\"2023-04-21T21:31:31+00:00\",\"description\":\"La caja bombones Natura (54 unidades) ofrece una aleatoria selecci\u00f3n de 54 bombones de fant\u00e1sticos sabores, desc\u00fabrelos en Baixas , la chocolater\u00eda de Barcelona.\",\"breadcrumb\":{\"@id\":\"https:\/\/baixas.es\/es\/chocolateria-barcelona\/bombones\/caja-bombones-natura-54-unidades\/#breadcrumb\"},\"inLanguage\":\"es\",\"potentialAction\":[{\"@type\":\"ReadAction\",\"target\":[\"https:\/\/baixas.es\/es\/chocolateria-barcelona\/bombones\/caja-bombones-natura-54-unidades\/\"]}]},{\"@type\":\"ImageObject\",\"inLanguage\":\"es\",\"@id\":\"https:\/\/baixas.es\/es\/chocolateria-barcelona\/bombones\/caja-bombones-natura-54-unidades\/#primaryimage\",\"url\":\"https:\/\/baixas.es\/wp-content\/uploads\/2023\/04\/Capsa-bombons-Natura-54-unitats.jpg\",\"contentUrl\":\"https:\/\/baixas.es\/wp-content\/uploads\/2023\/04\/Capsa-bombons-Natura-54-unitats.jpg\",\"width\":2000,\"height\":2000,\"caption\":\"Capsa bombons Natura (54 unitats)\"},{\"@type\":\"BreadcrumbList\",\"@id\":\"https:\/\/baixas.es\/es\/chocolateria-barcelona\/bombones\/caja-bombones-natura-54-unidades\/#breadcrumb\",\"itemListElement\":[{\"@type\":\"ListItem\",\"position\":1,\"name\":\"Inici\",\"item\":\"https:\/\/baixas.es\/es\/\"},{\"@type\":\"ListItem\",\"position\":2,\"name\":\"Tienda\",\"item\":\"https:\/\/baixas.es\/es\/tienda\/\"},{\"@type\":\"ListItem\",\"position\":3,\"name\":\"Caja bombones Natura (54 unidades)\"}]},{\"@type\":\"WebSite\",\"@id\":\"https:\/\/baixas.es\/es\/#website\",\"url\":\"https:\/\/baixas.es\/es\/\",\"name\":\"Pastisseria Baixas\",\"description\":\"La pasteler\u00eda de Barcelona m\u00e1s sostenible con el m\u00ednimo intervencionismo y artificialidad\",\"publisher\":{\"@id\":\"https:\/\/baixas.es\/es\/#organization\"},\"alternateName\":\"Baixas\",\"potentialAction\":[{\"@type\":\"SearchAction\",\"target\":{\"@type\":\"EntryPoint\",\"urlTemplate\":\"https:\/\/baixas.es\/es\/?s={search_term_string}\"},\"query-input\":{\"@type\":\"PropertyValueSpecification\",\"valueRequired\":true,\"valueName\":\"search_term_string\"}}],\"inLanguage\":\"es\"},{\"@type\":\"Organization\",\"@id\":\"https:\/\/baixas.es\/es\/#organization\",\"name\":\"Pastisseria Baixas\",\"alternateName\":\"Baixas\",\"url\":\"https:\/\/baixas.es\/es\/\",\"logo\":{\"@type\":\"ImageObject\",\"inLanguage\":\"es\",\"@id\":\"https:\/\/baixas.es\/es\/#\/schema\/logo\/image\/\",\"url\":\"https:\/\/baixas.es\/wp-content\/uploads\/2023\/03\/logo.svg\",\"contentUrl\":\"https:\/\/baixas.es\/wp-content\/uploads\/2023\/03\/logo.svg\",\"width\":155,\"height\":41,\"caption\":\"Pastisseria Baixas\"},\"image\":{\"@id\":\"https:\/\/baixas.es\/es\/#\/schema\/logo\/image\/\"},\"sameAs\":[\"https:\/\/www.instagram.com\/baixasbarcelona\/\",\"https:\/\/www.linkedin.com\/company\/baixas-barcelona\/\"]}]}<\/script>\n<!-- \/ Yoast SEO plugin. -->","yoast_head_json":{"title":"Caja bombones Natura (54 unidades) &#8211; Pastisseria Baixas","description":"La caja bombones Natura (54 unidades) ofrece una aleatoria selecci\u00f3n de 54 bombones de fant\u00e1sticos sabores, desc\u00fabrelos en Baixas , la chocolater\u00eda de Barcelona.","robots":{"index":"index","follow":"follow","max-snippet":"max-snippet:-1","max-image-preview":"max-image-preview:large","max-video-preview":"max-video-preview:-1"},"canonical":"https:\/\/baixas.es\/es\/chocolateria-barcelona\/bombones\/caja-bombones-natura-54-unidades\/","og_locale":"es_ES","og_type":"article","og_title":"Caja bombones Natura (54 unidades) &#8211; Pastisseria Baixas","og_description":"La caja bombones Natura (54 unidades) ofrece una aleatoria selecci\u00f3n de 54 bombones de fant\u00e1sticos sabores, desc\u00fabrelos en Baixas , la chocolater\u00eda de Barcelona.","og_url":"https:\/\/baixas.es\/es\/chocolateria-barcelona\/bombones\/caja-bombones-natura-54-unidades\/","og_site_name":"Pastisseria Baixas","og_image":[{"width":2000,"height":2000,"url":"https:\/\/baixas.es\/wp-content\/uploads\/2023\/04\/Capsa-bombons-Natura-54-unitats.jpg","type":"image\/jpeg"}],"twitter_card":"summary_large_image","twitter_misc":{"Tiempo de lectura":"2 minutos"},"schema":{"@context":"https:\/\/schema.org","@graph":[{"@type":"WebPage","@id":"https:\/\/baixas.es\/es\/chocolateria-barcelona\/bombones\/caja-bombones-natura-54-unidades\/","url":"https:\/\/baixas.es\/es\/chocolateria-barcelona\/bombones\/caja-bombones-natura-54-unidades\/","name":"Caja bombones Natura (54 unidades) &#8211; Pastisseria Baixas","isPartOf":{"@id":"https:\/\/baixas.es\/es\/#website"},"primaryImageOfPage":{"@id":"https:\/\/baixas.es\/es\/chocolateria-barcelona\/bombones\/caja-bombones-natura-54-unidades\/#primaryimage"},"image":{"@id":"https:\/\/baixas.es\/es\/chocolateria-barcelona\/bombones\/caja-bombones-natura-54-unidades\/#primaryimage"},"thumbnailUrl":"https:\/\/baixas.es\/wp-content\/uploads\/2023\/04\/Capsa-bombons-Natura-54-unitats.jpg","datePublished":"2023-04-21T21:31:31+00:00","description":"La caja bombones Natura (54 unidades) ofrece una aleatoria selecci\u00f3n de 54 bombones de fant\u00e1sticos sabores, desc\u00fabrelos en Baixas , la chocolater\u00eda de Barcelona.","breadcrumb":{"@id":"https:\/\/baixas.es\/es\/chocolateria-barcelona\/bombones\/caja-bombones-natura-54-unidades\/#breadcrumb"},"inLanguage":"es","potentialAction":[{"@type":"ReadAction","target":["https:\/\/baixas.es\/es\/chocolateria-barcelona\/bombones\/caja-bombones-natura-54-unidades\/"]}]},{"@type":"ImageObject","inLanguage":"es","@id":"https:\/\/baixas.es\/es\/chocolateria-barcelona\/bombones\/caja-bombones-natura-54-unidades\/#primaryimage","url":"https:\/\/baixas.es\/wp-content\/uploads\/2023\/04\/Capsa-bombons-Natura-54-unitats.jpg","contentUrl":"https:\/\/baixas.es\/wp-content\/uploads\/2023\/04\/Capsa-bombons-Natura-54-unitats.jpg","width":2000,"height":2000,"caption":"Capsa bombons Natura (54 unitats)"},{"@type":"BreadcrumbList","@id":"https:\/\/baixas.es\/es\/chocolateria-barcelona\/bombones\/caja-bombones-natura-54-unidades\/#breadcrumb","itemListElement":[{"@type":"ListItem","position":1,"name":"Inici","item":"https:\/\/baixas.es\/es\/"},{"@type":"ListItem","position":2,"name":"Tienda","item":"https:\/\/baixas.es\/es\/tienda\/"},{"@type":"ListItem","position":3,"name":"Caja bombones Natura (54 unidades)"}]},{"@type":"WebSite","@id":"https:\/\/baixas.es\/es\/#website","url":"https:\/\/baixas.es\/es\/","name":"Pastisseria Baixas","description":"La pasteler\u00eda de Barcelona m\u00e1s sostenible con el m\u00ednimo intervencionismo y artificialidad","publisher":{"@id":"https:\/\/baixas.es\/es\/#organization"},"alternateName":"Baixas","potentialAction":[{"@type":"SearchAction","target":{"@type":"EntryPoint","urlTemplate":"https:\/\/baixas.es\/es\/?s={search_term_string}"},"query-input":{"@type":"PropertyValueSpecification","valueRequired":true,"valueName":"search_term_string"}}],"inLanguage":"es"},{"@type":"Organization","@id":"https:\/\/baixas.es\/es\/#organization","name":"Pastisseria Baixas","alternateName":"Baixas","url":"https:\/\/baixas.es\/es\/","logo":{"@type":"ImageObject","inLanguage":"es","@id":"https:\/\/baixas.es\/es\/#\/schema\/logo\/image\/","url":"https:\/\/baixas.es\/wp-content\/uploads\/2023\/03\/logo.svg","contentUrl":"https:\/\/baixas.es\/wp-content\/uploads\/2023\/03\/logo.svg","width":155,"height":41,"caption":"Pastisseria Baixas"},"image":{"@id":"https:\/\/baixas.es\/es\/#\/schema\/logo\/image\/"},"sameAs":["https:\/\/www.instagram.com\/baixasbarcelona\/","https:\/\/www.linkedin.com\/company\/baixas-barcelona\/"]}]}},"_links":{"self":[{"href":"https:\/\/baixas.es\/es\/wp-json\/wp\/v2\/product\/7134","targetHints":{"allow":["GET"]}}],"collection":[{"href":"https:\/\/baixas.es\/es\/wp-json\/wp\/v2\/product"}],"about":[{"href":"https:\/\/baixas.es\/es\/wp-json\/wp\/v2\/types\/product"}],"wp:featuredmedia":[{"embeddable":true,"href":"https:\/\/baixas.es\/es\/wp-json\/wp\/v2\/media\/4729"}],"wp:attachment":[{"href":"https:\/\/baixas.es\/es\/wp-json\/wp\/v2\/media?parent=7134"}],"wp:term":[{"taxonomy":"product_brand","embeddable":true,"href":"https:\/\/baixas.es\/es\/wp-json\/wp\/v2\/product_brand?post=7134"},{"taxonomy":"product_cat","embeddable":true,"href":"https:\/\/baixas.es\/es\/wp-json\/wp\/v2\/product_cat?post=7134"},{"taxonomy":"product_tag","embeddable":true,"href":"https:\/\/baixas.es\/es\/wp-json\/wp\/v2\/product_tag?post=7134"}],"curies":[{"name":"wp","href":"https:\/\/api.w.org\/{rel}","templated":true}]}}