{"id":7118,"date":"2023-04-21T21:32:13","date_gmt":"2023-04-21T21:32:13","guid":{"rendered":"https:\/\/baixas.es\/sin categor\u00eda\/flauta-de-chorizo-iberico-mini\/"},"modified":"2023-04-21T21:32:13","modified_gmt":"2023-04-21T21:32:13","slug":"flauta-de-chorizo-iberico-mini","status":"publish","type":"product","link":"https:\/\/baixas.es\/es\/catering-barcelona\/flautas-y-chapatas-catering\/flauta-de-chorizo-iberico-mini\/","title":{"rendered":"Flauta de chorizo ib\u00e9rico mini"},"content":{"rendered":"<p>La flauta de chorizo ib\u00e9rico es un bocadillo delicioso que combina el sabor intenso del chorizo ib\u00e9rico con la textura crujiente del pan de flauta. Este bocadillo es una aut\u00e9ntica delicia para los amantes de los embutidos y una opci\u00f3n perfecta para una comida r\u00e1pida y satisfactoria.<\/p>\n<p>Nuestra flauta es un pan de burbuja, crujiente, seco. Una vez horneado, disponemos el pan en dos mitades y untamos con tomate de colgar maduro y aceite de oliva virgen extra.  A continuaci\u00f3n, se rellena con generosas l\u00e1minas de chorizo ib\u00e9rico. En efecto, un embutido gastron\u00f3micamente muy valorado, que est\u00e1 adobado con t\u00e9cnicas ancestrales para obtener un resultado espectacular. <\/p>\n<p>El chorizo ib\u00e9rico es muy apreciado por su intensidad y complejidad de aromas. Recuerdos a piment\u00f3n y picante, de textura suave y melosa. Cada l\u00e1mina de chorizo es una explosi\u00f3n de territorio, artesan\u00eda y respeto por la cultura gastron\u00f3mica del pa\u00eds. Hace salivar.   <\/p>\n<p>La flauta de chorizo es id\u00f3nea para desayunar o merendar. A media ma\u00f1ana o para complementar con otros productos de nuestro catering. Perfecto para combinar con una ensalada.   \u00a1Que aproveche!<\/p>\n<p>Disfr\u00fatalo en Baixas <a href=\"https:\/\/baixas.es\/es\/catering-barcelona-es-2\/\">el catering de Barcelona<\/a> que no te dejar\u00e1 indiferente.<\/p>\n","protected":false},"excerpt":{"rendered":"<p>Baguette alargada de chorizo ib\u00e9rico con una corteza crujiente y una miga suave y esponjosa.<\/p>\n<p>M\u00ednimo 4 unidades.<\/p>\n<p>AL\u00c9RGENOS: Gluten, lactosa, huevo, trazas de soja y frutos secos.<\/p>\n","protected":false},"featured_media":4509,"template":"","meta":{"_acf_changed":false,"inline_featured_image":false},"product_brand":[],"product_cat":[218,362],"product_tag":[],"class_list":{"0":"post-7118","1":"product","2":"type-product","3":"status-publish","4":"has-post-thumbnail","6":"product_cat-catering-barcelona","7":"product_cat-flautas-y-chapatas-catering","9":"first","10":"instock","11":"purchasable","12":"product-type-simple"},"acf":[],"yoast_head":"<!-- This site is optimized with the Yoast SEO plugin v27.3 - https:\/\/yoast.com\/product\/yoast-seo-wordpress\/ -->\n<title>Flauta de chorizo ib\u00e9rico mini &#8211; Pastisseria Baixas<\/title>\n<meta name=\"description\" content=\"La flauta de chorizo ib\u00e9rico es un bocadillo delicioso que combina el sabor intenso del chorizo ib\u00e9rico con la textura crujiente del pan de flauta.\" \/>\n<meta name=\"robots\" content=\"index, follow, max-snippet:-1, max-image-preview:large, max-video-preview:-1\" \/>\n<link rel=\"canonical\" href=\"https:\/\/baixas.es\/es\/catering-barcelona\/flautas-y-chapatas-catering\/flauta-de-chorizo-iberico-mini\/\" \/>\n<meta property=\"og:locale\" content=\"es_ES\" \/>\n<meta property=\"og:type\" content=\"article\" \/>\n<meta property=\"og:title\" content=\"Flauta de chorizo ib\u00e9rico mini &#8211; Pastisseria Baixas\" \/>\n<meta property=\"og:description\" content=\"La flauta de chorizo ib\u00e9rico es un bocadillo delicioso que combina el sabor intenso del chorizo ib\u00e9rico con la textura crujiente del pan de flauta.\" \/>\n<meta property=\"og:url\" content=\"https:\/\/baixas.es\/es\/catering-barcelona\/flautas-y-chapatas-catering\/flauta-de-chorizo-iberico-mini\/\" \/>\n<meta property=\"og:site_name\" content=\"Pastisseria Baixas\" \/>\n<meta property=\"og:image\" content=\"https:\/\/baixas.es\/wp-content\/uploads\/2023\/04\/mini-flauta-xorico-iberic-pastisseria-baixas.jpg\" \/>\n\t<meta property=\"og:image:width\" content=\"2000\" \/>\n\t<meta property=\"og:image:height\" content=\"2000\" \/>\n\t<meta property=\"og:image:type\" content=\"image\/jpeg\" \/>\n<meta name=\"twitter:card\" content=\"summary_large_image\" \/>\n<meta name=\"twitter:label1\" content=\"Tiempo de lectura\" \/>\n\t<meta name=\"twitter:data1\" content=\"1 minuto\" \/>\n<script type=\"application\/ld+json\" class=\"yoast-schema-graph\">{\"@context\":\"https:\\\/\\\/schema.org\",\"@graph\":[{\"@type\":\"WebPage\",\"@id\":\"https:\\\/\\\/baixas.es\\\/es\\\/catering-barcelona\\\/flautas-y-chapatas-catering\\\/flauta-de-chorizo-iberico-mini\\\/\",\"url\":\"https:\\\/\\\/baixas.es\\\/es\\\/catering-barcelona\\\/flautas-y-chapatas-catering\\\/flauta-de-chorizo-iberico-mini\\\/\",\"name\":\"Flauta de chorizo ib\u00e9rico mini &#8211; Pastisseria Baixas\",\"isPartOf\":{\"@id\":\"https:\\\/\\\/baixas.es\\\/es\\\/#website\"},\"primaryImageOfPage\":{\"@id\":\"https:\\\/\\\/baixas.es\\\/es\\\/catering-barcelona\\\/flautas-y-chapatas-catering\\\/flauta-de-chorizo-iberico-mini\\\/#primaryimage\"},\"image\":{\"@id\":\"https:\\\/\\\/baixas.es\\\/es\\\/catering-barcelona\\\/flautas-y-chapatas-catering\\\/flauta-de-chorizo-iberico-mini\\\/#primaryimage\"},\"thumbnailUrl\":\"https:\\\/\\\/baixas.es\\\/wp-content\\\/uploads\\\/2023\\\/04\\\/mini-flauta-xorico-iberic-pastisseria-baixas.jpg\",\"datePublished\":\"2023-04-21T21:32:13+00:00\",\"description\":\"La flauta de chorizo ib\u00e9rico es un bocadillo delicioso que combina el sabor intenso del chorizo ib\u00e9rico con la textura crujiente del pan de flauta.\",\"breadcrumb\":{\"@id\":\"https:\\\/\\\/baixas.es\\\/es\\\/catering-barcelona\\\/flautas-y-chapatas-catering\\\/flauta-de-chorizo-iberico-mini\\\/#breadcrumb\"},\"inLanguage\":\"es\",\"potentialAction\":[{\"@type\":\"ReadAction\",\"target\":[\"https:\\\/\\\/baixas.es\\\/es\\\/catering-barcelona\\\/flautas-y-chapatas-catering\\\/flauta-de-chorizo-iberico-mini\\\/\"]}]},{\"@type\":\"ImageObject\",\"inLanguage\":\"es\",\"@id\":\"https:\\\/\\\/baixas.es\\\/es\\\/catering-barcelona\\\/flautas-y-chapatas-catering\\\/flauta-de-chorizo-iberico-mini\\\/#primaryimage\",\"url\":\"https:\\\/\\\/baixas.es\\\/wp-content\\\/uploads\\\/2023\\\/04\\\/mini-flauta-xorico-iberic-pastisseria-baixas.jpg\",\"contentUrl\":\"https:\\\/\\\/baixas.es\\\/wp-content\\\/uploads\\\/2023\\\/04\\\/mini-flauta-xorico-iberic-pastisseria-baixas.jpg\",\"width\":2000,\"height\":2000,\"caption\":\"mini-flauta-xorico-iberic-pastisseria-baixas\"},{\"@type\":\"BreadcrumbList\",\"@id\":\"https:\\\/\\\/baixas.es\\\/es\\\/catering-barcelona\\\/flautas-y-chapatas-catering\\\/flauta-de-chorizo-iberico-mini\\\/#breadcrumb\",\"itemListElement\":[{\"@type\":\"ListItem\",\"position\":1,\"name\":\"Inici\",\"item\":\"https:\\\/\\\/baixas.es\\\/es\\\/\"},{\"@type\":\"ListItem\",\"position\":2,\"name\":\"Tienda\",\"item\":\"https:\\\/\\\/baixas.es\\\/es\\\/tienda\\\/\"},{\"@type\":\"ListItem\",\"position\":3,\"name\":\"Flauta de chorizo ib\u00e9rico mini\"}]},{\"@type\":\"WebSite\",\"@id\":\"https:\\\/\\\/baixas.es\\\/es\\\/#website\",\"url\":\"https:\\\/\\\/baixas.es\\\/es\\\/\",\"name\":\"Pastisseria Baixas\",\"description\":\"La pasteler\u00eda de Barcelona m\u00e1s sostenible con el m\u00ednimo intervencionismo y artificialidad\",\"publisher\":{\"@id\":\"https:\\\/\\\/baixas.es\\\/es\\\/#organization\"},\"alternateName\":\"Baixas\",\"potentialAction\":[{\"@type\":\"SearchAction\",\"target\":{\"@type\":\"EntryPoint\",\"urlTemplate\":\"https:\\\/\\\/baixas.es\\\/es\\\/?s={search_term_string}\"},\"query-input\":{\"@type\":\"PropertyValueSpecification\",\"valueRequired\":true,\"valueName\":\"search_term_string\"}}],\"inLanguage\":\"es\"},{\"@type\":\"Organization\",\"@id\":\"https:\\\/\\\/baixas.es\\\/es\\\/#organization\",\"name\":\"Pastisseria Baixas\",\"alternateName\":\"Baixas\",\"url\":\"https:\\\/\\\/baixas.es\\\/es\\\/\",\"logo\":{\"@type\":\"ImageObject\",\"inLanguage\":\"es\",\"@id\":\"https:\\\/\\\/baixas.es\\\/es\\\/#\\\/schema\\\/logo\\\/image\\\/\",\"url\":\"https:\\\/\\\/baixas.es\\\/wp-content\\\/uploads\\\/2023\\\/03\\\/logo.svg\",\"contentUrl\":\"https:\\\/\\\/baixas.es\\\/wp-content\\\/uploads\\\/2023\\\/03\\\/logo.svg\",\"width\":155,\"height\":41,\"caption\":\"Pastisseria Baixas\"},\"image\":{\"@id\":\"https:\\\/\\\/baixas.es\\\/es\\\/#\\\/schema\\\/logo\\\/image\\\/\"},\"sameAs\":[\"https:\\\/\\\/www.instagram.com\\\/baixasbarcelona\\\/\",\"https:\\\/\\\/www.linkedin.com\\\/company\\\/baixas-barcelona\\\/\"]}]}<\/script>\n<!-- \/ Yoast SEO plugin. -->","yoast_head_json":{"title":"Flauta de chorizo ib\u00e9rico mini &#8211; Pastisseria Baixas","description":"La flauta de chorizo ib\u00e9rico es un bocadillo delicioso que combina el sabor intenso del chorizo ib\u00e9rico con la textura crujiente del pan de flauta.","robots":{"index":"index","follow":"follow","max-snippet":"max-snippet:-1","max-image-preview":"max-image-preview:large","max-video-preview":"max-video-preview:-1"},"canonical":"https:\/\/baixas.es\/es\/catering-barcelona\/flautas-y-chapatas-catering\/flauta-de-chorizo-iberico-mini\/","og_locale":"es_ES","og_type":"article","og_title":"Flauta de chorizo ib\u00e9rico mini &#8211; Pastisseria Baixas","og_description":"La flauta de chorizo ib\u00e9rico es un bocadillo delicioso que combina el sabor intenso del chorizo ib\u00e9rico con la textura crujiente del pan de flauta.","og_url":"https:\/\/baixas.es\/es\/catering-barcelona\/flautas-y-chapatas-catering\/flauta-de-chorizo-iberico-mini\/","og_site_name":"Pastisseria Baixas","og_image":[{"width":2000,"height":2000,"url":"https:\/\/baixas.es\/wp-content\/uploads\/2023\/04\/mini-flauta-xorico-iberic-pastisseria-baixas.jpg","type":"image\/jpeg"}],"twitter_card":"summary_large_image","twitter_misc":{"Tiempo de lectura":"1 minuto"},"schema":{"@context":"https:\/\/schema.org","@graph":[{"@type":"WebPage","@id":"https:\/\/baixas.es\/es\/catering-barcelona\/flautas-y-chapatas-catering\/flauta-de-chorizo-iberico-mini\/","url":"https:\/\/baixas.es\/es\/catering-barcelona\/flautas-y-chapatas-catering\/flauta-de-chorizo-iberico-mini\/","name":"Flauta de chorizo ib\u00e9rico mini &#8211; Pastisseria Baixas","isPartOf":{"@id":"https:\/\/baixas.es\/es\/#website"},"primaryImageOfPage":{"@id":"https:\/\/baixas.es\/es\/catering-barcelona\/flautas-y-chapatas-catering\/flauta-de-chorizo-iberico-mini\/#primaryimage"},"image":{"@id":"https:\/\/baixas.es\/es\/catering-barcelona\/flautas-y-chapatas-catering\/flauta-de-chorizo-iberico-mini\/#primaryimage"},"thumbnailUrl":"https:\/\/baixas.es\/wp-content\/uploads\/2023\/04\/mini-flauta-xorico-iberic-pastisseria-baixas.jpg","datePublished":"2023-04-21T21:32:13+00:00","description":"La flauta de chorizo ib\u00e9rico es un bocadillo delicioso que combina el sabor intenso del chorizo ib\u00e9rico con la textura crujiente del pan de flauta.","breadcrumb":{"@id":"https:\/\/baixas.es\/es\/catering-barcelona\/flautas-y-chapatas-catering\/flauta-de-chorizo-iberico-mini\/#breadcrumb"},"inLanguage":"es","potentialAction":[{"@type":"ReadAction","target":["https:\/\/baixas.es\/es\/catering-barcelona\/flautas-y-chapatas-catering\/flauta-de-chorizo-iberico-mini\/"]}]},{"@type":"ImageObject","inLanguage":"es","@id":"https:\/\/baixas.es\/es\/catering-barcelona\/flautas-y-chapatas-catering\/flauta-de-chorizo-iberico-mini\/#primaryimage","url":"https:\/\/baixas.es\/wp-content\/uploads\/2023\/04\/mini-flauta-xorico-iberic-pastisseria-baixas.jpg","contentUrl":"https:\/\/baixas.es\/wp-content\/uploads\/2023\/04\/mini-flauta-xorico-iberic-pastisseria-baixas.jpg","width":2000,"height":2000,"caption":"mini-flauta-xorico-iberic-pastisseria-baixas"},{"@type":"BreadcrumbList","@id":"https:\/\/baixas.es\/es\/catering-barcelona\/flautas-y-chapatas-catering\/flauta-de-chorizo-iberico-mini\/#breadcrumb","itemListElement":[{"@type":"ListItem","position":1,"name":"Inici","item":"https:\/\/baixas.es\/es\/"},{"@type":"ListItem","position":2,"name":"Tienda","item":"https:\/\/baixas.es\/es\/tienda\/"},{"@type":"ListItem","position":3,"name":"Flauta de chorizo ib\u00e9rico mini"}]},{"@type":"WebSite","@id":"https:\/\/baixas.es\/es\/#website","url":"https:\/\/baixas.es\/es\/","name":"Pastisseria Baixas","description":"La pasteler\u00eda de Barcelona m\u00e1s sostenible con el m\u00ednimo intervencionismo y artificialidad","publisher":{"@id":"https:\/\/baixas.es\/es\/#organization"},"alternateName":"Baixas","potentialAction":[{"@type":"SearchAction","target":{"@type":"EntryPoint","urlTemplate":"https:\/\/baixas.es\/es\/?s={search_term_string}"},"query-input":{"@type":"PropertyValueSpecification","valueRequired":true,"valueName":"search_term_string"}}],"inLanguage":"es"},{"@type":"Organization","@id":"https:\/\/baixas.es\/es\/#organization","name":"Pastisseria Baixas","alternateName":"Baixas","url":"https:\/\/baixas.es\/es\/","logo":{"@type":"ImageObject","inLanguage":"es","@id":"https:\/\/baixas.es\/es\/#\/schema\/logo\/image\/","url":"https:\/\/baixas.es\/wp-content\/uploads\/2023\/03\/logo.svg","contentUrl":"https:\/\/baixas.es\/wp-content\/uploads\/2023\/03\/logo.svg","width":155,"height":41,"caption":"Pastisseria Baixas"},"image":{"@id":"https:\/\/baixas.es\/es\/#\/schema\/logo\/image\/"},"sameAs":["https:\/\/www.instagram.com\/baixasbarcelona\/","https:\/\/www.linkedin.com\/company\/baixas-barcelona\/"]}]}},"_links":{"self":[{"href":"https:\/\/baixas.es\/es\/wp-json\/wp\/v2\/product\/7118","targetHints":{"allow":["GET"]}}],"collection":[{"href":"https:\/\/baixas.es\/es\/wp-json\/wp\/v2\/product"}],"about":[{"href":"https:\/\/baixas.es\/es\/wp-json\/wp\/v2\/types\/product"}],"wp:featuredmedia":[{"embeddable":true,"href":"https:\/\/baixas.es\/es\/wp-json\/wp\/v2\/media\/4509"}],"wp:attachment":[{"href":"https:\/\/baixas.es\/es\/wp-json\/wp\/v2\/media?parent=7118"}],"wp:term":[{"taxonomy":"product_brand","embeddable":true,"href":"https:\/\/baixas.es\/es\/wp-json\/wp\/v2\/product_brand?post=7118"},{"taxonomy":"product_cat","embeddable":true,"href":"https:\/\/baixas.es\/es\/wp-json\/wp\/v2\/product_cat?post=7118"},{"taxonomy":"product_tag","embeddable":true,"href":"https:\/\/baixas.es\/es\/wp-json\/wp\/v2\/product_tag?post=7118"}],"curies":[{"name":"wp","href":"https:\/\/api.w.org\/{rel}","templated":true}]}}