{"id":7114,"date":"2023-04-21T21:32:13","date_gmt":"2023-04-21T21:32:13","guid":{"rendered":"https:\/\/baixas.es\/sin categor\u00eda\/flauta-de-longaniza-mini\/"},"modified":"2023-04-21T21:32:13","modified_gmt":"2023-04-21T21:32:13","slug":"flauta-de-longaniza-mini","status":"publish","type":"product","link":"https:\/\/baixas.es\/es\/catering-barcelona\/flautas-y-chapatas-catering\/flauta-de-longaniza-mini\/","title":{"rendered":"Flauta de longaniza mini"},"content":{"rendered":"<p>La flauta de salchich\u00f3n es un bocadillo delicioso que combina el sabor intenso y tradicional del salchich\u00f3n con la textura crujiente del pan de flauta. Este bocadillo es una opci\u00f3n popular para el desayuno o a media ma\u00f1ana. Una opci\u00f3n sencilla y resolutiva en cualquier momento. <\/p>\n<p>Nuestro pan de flauta es un pan de burbuja muy crujiente. Horneado del d\u00eda, seco, bien tostado para que no se ablande, untado con tomate de colgar maduro y aceite de oliva extra. <\/p>\n<p>Una vez tostado y ali\u00f1ado, vestimos el bocadillo de finas l\u00e1minas de longaniza del pa\u00eds. Con un punto \u00f3ptimo de curaci\u00f3n, los ingredientes clave de este producto son la sal y la pimienta. Una longaniza 100% artesanal de nuestro proveedor de confianza. La longaniza es tradici\u00f3n, la longaniza es territorio.   <\/p>\n<p>La flauta de longaniza es una opci\u00f3n popular para una comida r\u00e1pida y saborizada. Es perfecta para desayunar o a media ma\u00f1ana y para acompa\u00f1ar con otros productos de nuestro catering. En <span class=\"hiddenGrammarError\">Baixas<\/span>, la calidad va siempre por delante y la sencillez va de la mano de la excelencia   \u00a1Buen provecho!<\/p>\n<p>Disfr\u00fatalo en Baixas <a href=\"https:\/\/baixas.es\/es\/catering-barcelona-es-2\/\">el catering de Barcelona<\/a> que no te dejar\u00e1 indiferente.<\/p>\n","protected":false},"excerpt":{"rendered":"<p>Baguette alargada de longaniza con una corteza crujiente y una miga suave y esponjosa.<\/p>\n<p>M\u00ednimo 4 unidades.<\/p>\n<p>AL\u00c9RGENOS: Gluten, lactosa, huevo, trazas de soja y frutos secos.<\/p>\n","protected":false},"featured_media":4501,"template":"","meta":{"_acf_changed":false,"inline_featured_image":false},"product_brand":[],"product_cat":[218,362],"product_tag":[],"class_list":{"0":"post-7114","1":"product","2":"type-product","3":"status-publish","4":"has-post-thumbnail","6":"product_cat-catering-barcelona","7":"product_cat-flautas-y-chapatas-catering","9":"first","10":"instock","11":"purchasable","12":"product-type-simple"},"acf":[],"yoast_head":"<!-- This site is optimized with the Yoast SEO plugin v27.3 - https:\/\/yoast.com\/product\/yoast-seo-wordpress\/ -->\n<title>Flauta de longaniza mini &#8211; Pastisseria Baixas<\/title>\n<meta name=\"description\" content=\"La flauta de salchich\u00f3n es un bocadillo delicioso que combina el sabor intenso y tradicional del salchich\u00f3n con la textura crujiente del pan de flauta.\" \/>\n<meta name=\"robots\" content=\"index, follow, max-snippet:-1, max-image-preview:large, max-video-preview:-1\" \/>\n<link rel=\"canonical\" href=\"https:\/\/baixas.es\/es\/catering-barcelona\/flautas-y-chapatas-catering\/flauta-de-longaniza-mini\/\" \/>\n<meta property=\"og:locale\" content=\"es_ES\" \/>\n<meta property=\"og:type\" content=\"article\" \/>\n<meta property=\"og:title\" content=\"Flauta de longaniza mini &#8211; Pastisseria Baixas\" \/>\n<meta property=\"og:description\" content=\"La flauta de salchich\u00f3n es un bocadillo delicioso que combina el sabor intenso y tradicional del salchich\u00f3n con la textura crujiente del pan de flauta.\" \/>\n<meta property=\"og:url\" content=\"https:\/\/baixas.es\/es\/catering-barcelona\/flautas-y-chapatas-catering\/flauta-de-longaniza-mini\/\" \/>\n<meta property=\"og:site_name\" content=\"Pastisseria Baixas\" \/>\n<meta property=\"og:image\" content=\"https:\/\/baixas.es\/wp-content\/uploads\/2023\/04\/mini-flauta-llonganissa-pastisseria-baixas.jpg\" \/>\n\t<meta property=\"og:image:width\" content=\"2000\" \/>\n\t<meta property=\"og:image:height\" content=\"2000\" \/>\n\t<meta property=\"og:image:type\" content=\"image\/jpeg\" \/>\n<meta name=\"twitter:card\" content=\"summary_large_image\" \/>\n<meta name=\"twitter:label1\" content=\"Tiempo de lectura\" \/>\n\t<meta name=\"twitter:data1\" content=\"1 minuto\" \/>\n<script type=\"application\/ld+json\" class=\"yoast-schema-graph\">{\"@context\":\"https:\\\/\\\/schema.org\",\"@graph\":[{\"@type\":\"WebPage\",\"@id\":\"https:\\\/\\\/baixas.es\\\/es\\\/catering-barcelona\\\/flautas-y-chapatas-catering\\\/flauta-de-longaniza-mini\\\/\",\"url\":\"https:\\\/\\\/baixas.es\\\/es\\\/catering-barcelona\\\/flautas-y-chapatas-catering\\\/flauta-de-longaniza-mini\\\/\",\"name\":\"Flauta de longaniza mini &#8211; Pastisseria Baixas\",\"isPartOf\":{\"@id\":\"https:\\\/\\\/baixas.es\\\/es\\\/#website\"},\"primaryImageOfPage\":{\"@id\":\"https:\\\/\\\/baixas.es\\\/es\\\/catering-barcelona\\\/flautas-y-chapatas-catering\\\/flauta-de-longaniza-mini\\\/#primaryimage\"},\"image\":{\"@id\":\"https:\\\/\\\/baixas.es\\\/es\\\/catering-barcelona\\\/flautas-y-chapatas-catering\\\/flauta-de-longaniza-mini\\\/#primaryimage\"},\"thumbnailUrl\":\"https:\\\/\\\/baixas.es\\\/wp-content\\\/uploads\\\/2023\\\/04\\\/mini-flauta-llonganissa-pastisseria-baixas.jpg\",\"datePublished\":\"2023-04-21T21:32:13+00:00\",\"description\":\"La flauta de salchich\u00f3n es un bocadillo delicioso que combina el sabor intenso y tradicional del salchich\u00f3n con la textura crujiente del pan de flauta.\",\"breadcrumb\":{\"@id\":\"https:\\\/\\\/baixas.es\\\/es\\\/catering-barcelona\\\/flautas-y-chapatas-catering\\\/flauta-de-longaniza-mini\\\/#breadcrumb\"},\"inLanguage\":\"es\",\"potentialAction\":[{\"@type\":\"ReadAction\",\"target\":[\"https:\\\/\\\/baixas.es\\\/es\\\/catering-barcelona\\\/flautas-y-chapatas-catering\\\/flauta-de-longaniza-mini\\\/\"]}]},{\"@type\":\"ImageObject\",\"inLanguage\":\"es\",\"@id\":\"https:\\\/\\\/baixas.es\\\/es\\\/catering-barcelona\\\/flautas-y-chapatas-catering\\\/flauta-de-longaniza-mini\\\/#primaryimage\",\"url\":\"https:\\\/\\\/baixas.es\\\/wp-content\\\/uploads\\\/2023\\\/04\\\/mini-flauta-llonganissa-pastisseria-baixas.jpg\",\"contentUrl\":\"https:\\\/\\\/baixas.es\\\/wp-content\\\/uploads\\\/2023\\\/04\\\/mini-flauta-llonganissa-pastisseria-baixas.jpg\",\"width\":2000,\"height\":2000,\"caption\":\"Flauta de llonganissa mini\"},{\"@type\":\"BreadcrumbList\",\"@id\":\"https:\\\/\\\/baixas.es\\\/es\\\/catering-barcelona\\\/flautas-y-chapatas-catering\\\/flauta-de-longaniza-mini\\\/#breadcrumb\",\"itemListElement\":[{\"@type\":\"ListItem\",\"position\":1,\"name\":\"Inici\",\"item\":\"https:\\\/\\\/baixas.es\\\/es\\\/\"},{\"@type\":\"ListItem\",\"position\":2,\"name\":\"Tienda\",\"item\":\"https:\\\/\\\/baixas.es\\\/es\\\/tienda\\\/\"},{\"@type\":\"ListItem\",\"position\":3,\"name\":\"Flauta de longaniza mini\"}]},{\"@type\":\"WebSite\",\"@id\":\"https:\\\/\\\/baixas.es\\\/es\\\/#website\",\"url\":\"https:\\\/\\\/baixas.es\\\/es\\\/\",\"name\":\"Pastisseria Baixas\",\"description\":\"La pasteler\u00eda de Barcelona m\u00e1s sostenible con el m\u00ednimo intervencionismo y artificialidad\",\"publisher\":{\"@id\":\"https:\\\/\\\/baixas.es\\\/es\\\/#organization\"},\"alternateName\":\"Baixas\",\"potentialAction\":[{\"@type\":\"SearchAction\",\"target\":{\"@type\":\"EntryPoint\",\"urlTemplate\":\"https:\\\/\\\/baixas.es\\\/es\\\/?s={search_term_string}\"},\"query-input\":{\"@type\":\"PropertyValueSpecification\",\"valueRequired\":true,\"valueName\":\"search_term_string\"}}],\"inLanguage\":\"es\"},{\"@type\":\"Organization\",\"@id\":\"https:\\\/\\\/baixas.es\\\/es\\\/#organization\",\"name\":\"Pastisseria Baixas\",\"alternateName\":\"Baixas\",\"url\":\"https:\\\/\\\/baixas.es\\\/es\\\/\",\"logo\":{\"@type\":\"ImageObject\",\"inLanguage\":\"es\",\"@id\":\"https:\\\/\\\/baixas.es\\\/es\\\/#\\\/schema\\\/logo\\\/image\\\/\",\"url\":\"https:\\\/\\\/baixas.es\\\/wp-content\\\/uploads\\\/2023\\\/03\\\/logo.svg\",\"contentUrl\":\"https:\\\/\\\/baixas.es\\\/wp-content\\\/uploads\\\/2023\\\/03\\\/logo.svg\",\"width\":155,\"height\":41,\"caption\":\"Pastisseria Baixas\"},\"image\":{\"@id\":\"https:\\\/\\\/baixas.es\\\/es\\\/#\\\/schema\\\/logo\\\/image\\\/\"},\"sameAs\":[\"https:\\\/\\\/www.instagram.com\\\/baixasbarcelona\\\/\",\"https:\\\/\\\/www.linkedin.com\\\/company\\\/baixas-barcelona\\\/\"]}]}<\/script>\n<!-- \/ Yoast SEO plugin. -->","yoast_head_json":{"title":"Flauta de longaniza mini &#8211; Pastisseria Baixas","description":"La flauta de salchich\u00f3n es un bocadillo delicioso que combina el sabor intenso y tradicional del salchich\u00f3n con la textura crujiente del pan de flauta.","robots":{"index":"index","follow":"follow","max-snippet":"max-snippet:-1","max-image-preview":"max-image-preview:large","max-video-preview":"max-video-preview:-1"},"canonical":"https:\/\/baixas.es\/es\/catering-barcelona\/flautas-y-chapatas-catering\/flauta-de-longaniza-mini\/","og_locale":"es_ES","og_type":"article","og_title":"Flauta de longaniza mini &#8211; Pastisseria Baixas","og_description":"La flauta de salchich\u00f3n es un bocadillo delicioso que combina el sabor intenso y tradicional del salchich\u00f3n con la textura crujiente del pan de flauta.","og_url":"https:\/\/baixas.es\/es\/catering-barcelona\/flautas-y-chapatas-catering\/flauta-de-longaniza-mini\/","og_site_name":"Pastisseria Baixas","og_image":[{"width":2000,"height":2000,"url":"https:\/\/baixas.es\/wp-content\/uploads\/2023\/04\/mini-flauta-llonganissa-pastisseria-baixas.jpg","type":"image\/jpeg"}],"twitter_card":"summary_large_image","twitter_misc":{"Tiempo de lectura":"1 minuto"},"schema":{"@context":"https:\/\/schema.org","@graph":[{"@type":"WebPage","@id":"https:\/\/baixas.es\/es\/catering-barcelona\/flautas-y-chapatas-catering\/flauta-de-longaniza-mini\/","url":"https:\/\/baixas.es\/es\/catering-barcelona\/flautas-y-chapatas-catering\/flauta-de-longaniza-mini\/","name":"Flauta de longaniza mini &#8211; Pastisseria Baixas","isPartOf":{"@id":"https:\/\/baixas.es\/es\/#website"},"primaryImageOfPage":{"@id":"https:\/\/baixas.es\/es\/catering-barcelona\/flautas-y-chapatas-catering\/flauta-de-longaniza-mini\/#primaryimage"},"image":{"@id":"https:\/\/baixas.es\/es\/catering-barcelona\/flautas-y-chapatas-catering\/flauta-de-longaniza-mini\/#primaryimage"},"thumbnailUrl":"https:\/\/baixas.es\/wp-content\/uploads\/2023\/04\/mini-flauta-llonganissa-pastisseria-baixas.jpg","datePublished":"2023-04-21T21:32:13+00:00","description":"La flauta de salchich\u00f3n es un bocadillo delicioso que combina el sabor intenso y tradicional del salchich\u00f3n con la textura crujiente del pan de flauta.","breadcrumb":{"@id":"https:\/\/baixas.es\/es\/catering-barcelona\/flautas-y-chapatas-catering\/flauta-de-longaniza-mini\/#breadcrumb"},"inLanguage":"es","potentialAction":[{"@type":"ReadAction","target":["https:\/\/baixas.es\/es\/catering-barcelona\/flautas-y-chapatas-catering\/flauta-de-longaniza-mini\/"]}]},{"@type":"ImageObject","inLanguage":"es","@id":"https:\/\/baixas.es\/es\/catering-barcelona\/flautas-y-chapatas-catering\/flauta-de-longaniza-mini\/#primaryimage","url":"https:\/\/baixas.es\/wp-content\/uploads\/2023\/04\/mini-flauta-llonganissa-pastisseria-baixas.jpg","contentUrl":"https:\/\/baixas.es\/wp-content\/uploads\/2023\/04\/mini-flauta-llonganissa-pastisseria-baixas.jpg","width":2000,"height":2000,"caption":"Flauta de llonganissa mini"},{"@type":"BreadcrumbList","@id":"https:\/\/baixas.es\/es\/catering-barcelona\/flautas-y-chapatas-catering\/flauta-de-longaniza-mini\/#breadcrumb","itemListElement":[{"@type":"ListItem","position":1,"name":"Inici","item":"https:\/\/baixas.es\/es\/"},{"@type":"ListItem","position":2,"name":"Tienda","item":"https:\/\/baixas.es\/es\/tienda\/"},{"@type":"ListItem","position":3,"name":"Flauta de longaniza mini"}]},{"@type":"WebSite","@id":"https:\/\/baixas.es\/es\/#website","url":"https:\/\/baixas.es\/es\/","name":"Pastisseria Baixas","description":"La pasteler\u00eda de Barcelona m\u00e1s sostenible con el m\u00ednimo intervencionismo y artificialidad","publisher":{"@id":"https:\/\/baixas.es\/es\/#organization"},"alternateName":"Baixas","potentialAction":[{"@type":"SearchAction","target":{"@type":"EntryPoint","urlTemplate":"https:\/\/baixas.es\/es\/?s={search_term_string}"},"query-input":{"@type":"PropertyValueSpecification","valueRequired":true,"valueName":"search_term_string"}}],"inLanguage":"es"},{"@type":"Organization","@id":"https:\/\/baixas.es\/es\/#organization","name":"Pastisseria Baixas","alternateName":"Baixas","url":"https:\/\/baixas.es\/es\/","logo":{"@type":"ImageObject","inLanguage":"es","@id":"https:\/\/baixas.es\/es\/#\/schema\/logo\/image\/","url":"https:\/\/baixas.es\/wp-content\/uploads\/2023\/03\/logo.svg","contentUrl":"https:\/\/baixas.es\/wp-content\/uploads\/2023\/03\/logo.svg","width":155,"height":41,"caption":"Pastisseria Baixas"},"image":{"@id":"https:\/\/baixas.es\/es\/#\/schema\/logo\/image\/"},"sameAs":["https:\/\/www.instagram.com\/baixasbarcelona\/","https:\/\/www.linkedin.com\/company\/baixas-barcelona\/"]}]}},"_links":{"self":[{"href":"https:\/\/baixas.es\/es\/wp-json\/wp\/v2\/product\/7114","targetHints":{"allow":["GET"]}}],"collection":[{"href":"https:\/\/baixas.es\/es\/wp-json\/wp\/v2\/product"}],"about":[{"href":"https:\/\/baixas.es\/es\/wp-json\/wp\/v2\/types\/product"}],"wp:featuredmedia":[{"embeddable":true,"href":"https:\/\/baixas.es\/es\/wp-json\/wp\/v2\/media\/4501"}],"wp:attachment":[{"href":"https:\/\/baixas.es\/es\/wp-json\/wp\/v2\/media?parent=7114"}],"wp:term":[{"taxonomy":"product_brand","embeddable":true,"href":"https:\/\/baixas.es\/es\/wp-json\/wp\/v2\/product_brand?post=7114"},{"taxonomy":"product_cat","embeddable":true,"href":"https:\/\/baixas.es\/es\/wp-json\/wp\/v2\/product_cat?post=7114"},{"taxonomy":"product_tag","embeddable":true,"href":"https:\/\/baixas.es\/es\/wp-json\/wp\/v2\/product_tag?post=7114"}],"curies":[{"name":"wp","href":"https:\/\/api.w.org\/{rel}","templated":true}]}}