{"id":7074,"date":"2023-04-21T21:33:10","date_gmt":"2023-04-21T21:33:10","guid":{"rendered":"https:\/\/baixas.es\/sin categor\u00eda\/boton-de-jamon-iberico\/"},"modified":"2023-04-21T21:33:10","modified_gmt":"2023-04-21T21:33:10","slug":"boton-de-jamon-iberico","status":"publish","type":"product","link":"https:\/\/baixas.es\/es\/catering-barcelona\/flautas-y-chapatas-catering\/boton-de-jamon-iberico\/","title":{"rendered":"Bot\u00f3n de jam\u00f3n ib\u00e9rico"},"content":{"rendered":"<p>El bot\u00f3n de jam\u00f3n ib\u00e9rico podr\u00eda ser el bot\u00f3n por antonomasia. Esta creaci\u00f3n culinaria ofrece una experiencia gastron\u00f3mica \u00fanica, irresistible. <\/p>\n<p>El pan tipo Viena, de masa tierna y miga suave, es perfecto para rellenarlo del mejor jam\u00f3n ib\u00e9rico de bellota. Untado con tomate de colgar, la corteza del pan adquiere una textura ligeramente crujiente que realza el conjunto. <\/p>\n<p>El jam\u00f3n ib\u00e9rico de bellota es la pieza central de esta delicia. Con su textura tierna y melosa, su rico e intenso sabor, cada l\u00e1mina de jam\u00f3n se funde en boca. Al ser jam\u00f3n de bellota es rico con grasas omega 3 cardiosaludables. Organol\u00e9pticamente, carece de oposici\u00f3n, el placer est\u00e1 asegurado.   <\/p>\n<p>El bot\u00f3n de jam\u00f3n ib\u00e9rico de bellota nos transporta directo a la \u00abDehesa\u00bb. Aquel paraje id\u00edlico de alcornoques y decenas de ejemplares ib\u00e9ricos pastando. Un aut\u00e9ntico regalo gastron\u00f3mico que cautiva por las emociones y los sentidos.  <\/p>\n<p>Este bocadillo es ideal para un desayuno, merienda o una celebraci\u00f3n con amigos o familia. Escoger un bot\u00f3n de jam\u00f3n ib\u00e9rico combinado con otros canap\u00e9s, es una apuesta segura. \u00a1Se come de un bocado!  <\/p>\n<p>Disfr\u00fatalo en Baixas <a href=\"https:\/\/baixas.es\/es\/catering-barcelona-es-2\/\">el catering de Barcelona<\/a> que no te dejar\u00e1 indiferente.<\/p>\n","protected":false},"excerpt":{"rendered":"<p>Chapata de pan tipo viena rellena con jam\u00f3n ib\u00e9rico de bellota.<\/p>\n<p>M\u00ednimo 4 unidades.<\/p>\n<p>AL\u00c9RGENOS: Gluten, lactosa, huevo, trazas de soja y frutos secos.<\/p>\n","protected":false},"featured_media":4535,"template":"","meta":{"_acf_changed":false,"inline_featured_image":false},"product_brand":[],"product_cat":[362],"product_tag":[],"class_list":{"0":"post-7074","1":"product","2":"type-product","3":"status-publish","4":"has-post-thumbnail","6":"product_cat-flautas-y-chapatas-catering","8":"first","9":"instock","10":"purchasable","11":"product-type-simple"},"acf":[],"yoast_head":"<!-- This site is optimized with the Yoast SEO plugin v27.3 - https:\/\/yoast.com\/product\/yoast-seo-wordpress\/ -->\n<title>Bot\u00f3n de jam\u00f3n ib\u00e9rico &#8211; Pastisseria Baixas<\/title>\n<meta name=\"description\" content=\"El bot\u00f3n de jam\u00f3n ib\u00e9rico podr\u00eda ser el bot\u00f3n por antonomasia. Esta creaci\u00f3n culinaria ofrece una experiencia gastron\u00f3mica \u00fanica, irresistible.\" \/>\n<meta name=\"robots\" content=\"index, follow, max-snippet:-1, max-image-preview:large, max-video-preview:-1\" \/>\n<link rel=\"canonical\" href=\"https:\/\/baixas.es\/es\/catering-barcelona\/flautas-y-chapatas-catering\/boton-de-jamon-iberico\/\" \/>\n<meta property=\"og:locale\" content=\"es_ES\" \/>\n<meta property=\"og:type\" content=\"article\" \/>\n<meta property=\"og:title\" content=\"Bot\u00f3n de jam\u00f3n ib\u00e9rico &#8211; Pastisseria Baixas\" \/>\n<meta property=\"og:description\" content=\"El bot\u00f3n de jam\u00f3n ib\u00e9rico podr\u00eda ser el bot\u00f3n por antonomasia. Esta creaci\u00f3n culinaria ofrece una experiencia gastron\u00f3mica \u00fanica, irresistible.\" \/>\n<meta property=\"og:url\" content=\"https:\/\/baixas.es\/es\/catering-barcelona\/flautas-y-chapatas-catering\/boton-de-jamon-iberico\/\" \/>\n<meta property=\"og:site_name\" content=\"Pastisseria Baixas\" \/>\n<meta property=\"og:image\" content=\"https:\/\/baixas.es\/wp-content\/uploads\/2023\/04\/boto-de-pernil-iberic-pastisseria-baixas.jpg\" \/>\n\t<meta property=\"og:image:width\" content=\"2000\" \/>\n\t<meta property=\"og:image:height\" content=\"2000\" \/>\n\t<meta property=\"og:image:type\" content=\"image\/jpeg\" \/>\n<meta name=\"twitter:card\" content=\"summary_large_image\" \/>\n<meta name=\"twitter:label1\" content=\"Tiempo de lectura\" \/>\n\t<meta name=\"twitter:data1\" content=\"1 minuto\" \/>\n<script type=\"application\/ld+json\" class=\"yoast-schema-graph\">{\"@context\":\"https:\\\/\\\/schema.org\",\"@graph\":[{\"@type\":\"WebPage\",\"@id\":\"https:\\\/\\\/baixas.es\\\/es\\\/catering-barcelona\\\/flautas-y-chapatas-catering\\\/boton-de-jamon-iberico\\\/\",\"url\":\"https:\\\/\\\/baixas.es\\\/es\\\/catering-barcelona\\\/flautas-y-chapatas-catering\\\/boton-de-jamon-iberico\\\/\",\"name\":\"Bot\u00f3n de jam\u00f3n ib\u00e9rico &#8211; Pastisseria Baixas\",\"isPartOf\":{\"@id\":\"https:\\\/\\\/baixas.es\\\/es\\\/#website\"},\"primaryImageOfPage\":{\"@id\":\"https:\\\/\\\/baixas.es\\\/es\\\/catering-barcelona\\\/flautas-y-chapatas-catering\\\/boton-de-jamon-iberico\\\/#primaryimage\"},\"image\":{\"@id\":\"https:\\\/\\\/baixas.es\\\/es\\\/catering-barcelona\\\/flautas-y-chapatas-catering\\\/boton-de-jamon-iberico\\\/#primaryimage\"},\"thumbnailUrl\":\"https:\\\/\\\/baixas.es\\\/wp-content\\\/uploads\\\/2023\\\/04\\\/boto-de-pernil-iberic-pastisseria-baixas.jpg\",\"datePublished\":\"2023-04-21T21:33:10+00:00\",\"description\":\"El bot\u00f3n de jam\u00f3n ib\u00e9rico podr\u00eda ser el bot\u00f3n por antonomasia. Esta creaci\u00f3n culinaria ofrece una experiencia gastron\u00f3mica \u00fanica, irresistible.\",\"breadcrumb\":{\"@id\":\"https:\\\/\\\/baixas.es\\\/es\\\/catering-barcelona\\\/flautas-y-chapatas-catering\\\/boton-de-jamon-iberico\\\/#breadcrumb\"},\"inLanguage\":\"es\",\"potentialAction\":[{\"@type\":\"ReadAction\",\"target\":[\"https:\\\/\\\/baixas.es\\\/es\\\/catering-barcelona\\\/flautas-y-chapatas-catering\\\/boton-de-jamon-iberico\\\/\"]}]},{\"@type\":\"ImageObject\",\"inLanguage\":\"es\",\"@id\":\"https:\\\/\\\/baixas.es\\\/es\\\/catering-barcelona\\\/flautas-y-chapatas-catering\\\/boton-de-jamon-iberico\\\/#primaryimage\",\"url\":\"https:\\\/\\\/baixas.es\\\/wp-content\\\/uploads\\\/2023\\\/04\\\/boto-de-pernil-iberic-pastisseria-baixas.jpg\",\"contentUrl\":\"https:\\\/\\\/baixas.es\\\/wp-content\\\/uploads\\\/2023\\\/04\\\/boto-de-pernil-iberic-pastisseria-baixas.jpg\",\"width\":2000,\"height\":2000,\"caption\":\"boto-de-pernil-iberic-pastisseria-baixas\"},{\"@type\":\"BreadcrumbList\",\"@id\":\"https:\\\/\\\/baixas.es\\\/es\\\/catering-barcelona\\\/flautas-y-chapatas-catering\\\/boton-de-jamon-iberico\\\/#breadcrumb\",\"itemListElement\":[{\"@type\":\"ListItem\",\"position\":1,\"name\":\"Inici\",\"item\":\"https:\\\/\\\/baixas.es\\\/es\\\/\"},{\"@type\":\"ListItem\",\"position\":2,\"name\":\"Tienda\",\"item\":\"https:\\\/\\\/baixas.es\\\/es\\\/tienda\\\/\"},{\"@type\":\"ListItem\",\"position\":3,\"name\":\"Bot\u00f3n de jam\u00f3n ib\u00e9rico\"}]},{\"@type\":\"WebSite\",\"@id\":\"https:\\\/\\\/baixas.es\\\/es\\\/#website\",\"url\":\"https:\\\/\\\/baixas.es\\\/es\\\/\",\"name\":\"Pastisseria Baixas\",\"description\":\"La pasteler\u00eda de Barcelona m\u00e1s sostenible con el m\u00ednimo intervencionismo y artificialidad\",\"publisher\":{\"@id\":\"https:\\\/\\\/baixas.es\\\/es\\\/#organization\"},\"alternateName\":\"Baixas\",\"potentialAction\":[{\"@type\":\"SearchAction\",\"target\":{\"@type\":\"EntryPoint\",\"urlTemplate\":\"https:\\\/\\\/baixas.es\\\/es\\\/?s={search_term_string}\"},\"query-input\":{\"@type\":\"PropertyValueSpecification\",\"valueRequired\":true,\"valueName\":\"search_term_string\"}}],\"inLanguage\":\"es\"},{\"@type\":\"Organization\",\"@id\":\"https:\\\/\\\/baixas.es\\\/es\\\/#organization\",\"name\":\"Pastisseria Baixas\",\"alternateName\":\"Baixas\",\"url\":\"https:\\\/\\\/baixas.es\\\/es\\\/\",\"logo\":{\"@type\":\"ImageObject\",\"inLanguage\":\"es\",\"@id\":\"https:\\\/\\\/baixas.es\\\/es\\\/#\\\/schema\\\/logo\\\/image\\\/\",\"url\":\"https:\\\/\\\/baixas.es\\\/wp-content\\\/uploads\\\/2023\\\/03\\\/logo.svg\",\"contentUrl\":\"https:\\\/\\\/baixas.es\\\/wp-content\\\/uploads\\\/2023\\\/03\\\/logo.svg\",\"width\":155,\"height\":41,\"caption\":\"Pastisseria Baixas\"},\"image\":{\"@id\":\"https:\\\/\\\/baixas.es\\\/es\\\/#\\\/schema\\\/logo\\\/image\\\/\"},\"sameAs\":[\"https:\\\/\\\/www.instagram.com\\\/baixasbarcelona\\\/\",\"https:\\\/\\\/www.linkedin.com\\\/company\\\/baixas-barcelona\\\/\"]}]}<\/script>\n<!-- \/ Yoast SEO plugin. -->","yoast_head_json":{"title":"Bot\u00f3n de jam\u00f3n ib\u00e9rico &#8211; Pastisseria Baixas","description":"El bot\u00f3n de jam\u00f3n ib\u00e9rico podr\u00eda ser el bot\u00f3n por antonomasia. Esta creaci\u00f3n culinaria ofrece una experiencia gastron\u00f3mica \u00fanica, irresistible.","robots":{"index":"index","follow":"follow","max-snippet":"max-snippet:-1","max-image-preview":"max-image-preview:large","max-video-preview":"max-video-preview:-1"},"canonical":"https:\/\/baixas.es\/es\/catering-barcelona\/flautas-y-chapatas-catering\/boton-de-jamon-iberico\/","og_locale":"es_ES","og_type":"article","og_title":"Bot\u00f3n de jam\u00f3n ib\u00e9rico &#8211; Pastisseria Baixas","og_description":"El bot\u00f3n de jam\u00f3n ib\u00e9rico podr\u00eda ser el bot\u00f3n por antonomasia. Esta creaci\u00f3n culinaria ofrece una experiencia gastron\u00f3mica \u00fanica, irresistible.","og_url":"https:\/\/baixas.es\/es\/catering-barcelona\/flautas-y-chapatas-catering\/boton-de-jamon-iberico\/","og_site_name":"Pastisseria Baixas","og_image":[{"width":2000,"height":2000,"url":"https:\/\/baixas.es\/wp-content\/uploads\/2023\/04\/boto-de-pernil-iberic-pastisseria-baixas.jpg","type":"image\/jpeg"}],"twitter_card":"summary_large_image","twitter_misc":{"Tiempo de lectura":"1 minuto"},"schema":{"@context":"https:\/\/schema.org","@graph":[{"@type":"WebPage","@id":"https:\/\/baixas.es\/es\/catering-barcelona\/flautas-y-chapatas-catering\/boton-de-jamon-iberico\/","url":"https:\/\/baixas.es\/es\/catering-barcelona\/flautas-y-chapatas-catering\/boton-de-jamon-iberico\/","name":"Bot\u00f3n de jam\u00f3n ib\u00e9rico &#8211; Pastisseria Baixas","isPartOf":{"@id":"https:\/\/baixas.es\/es\/#website"},"primaryImageOfPage":{"@id":"https:\/\/baixas.es\/es\/catering-barcelona\/flautas-y-chapatas-catering\/boton-de-jamon-iberico\/#primaryimage"},"image":{"@id":"https:\/\/baixas.es\/es\/catering-barcelona\/flautas-y-chapatas-catering\/boton-de-jamon-iberico\/#primaryimage"},"thumbnailUrl":"https:\/\/baixas.es\/wp-content\/uploads\/2023\/04\/boto-de-pernil-iberic-pastisseria-baixas.jpg","datePublished":"2023-04-21T21:33:10+00:00","description":"El bot\u00f3n de jam\u00f3n ib\u00e9rico podr\u00eda ser el bot\u00f3n por antonomasia. Esta creaci\u00f3n culinaria ofrece una experiencia gastron\u00f3mica \u00fanica, irresistible.","breadcrumb":{"@id":"https:\/\/baixas.es\/es\/catering-barcelona\/flautas-y-chapatas-catering\/boton-de-jamon-iberico\/#breadcrumb"},"inLanguage":"es","potentialAction":[{"@type":"ReadAction","target":["https:\/\/baixas.es\/es\/catering-barcelona\/flautas-y-chapatas-catering\/boton-de-jamon-iberico\/"]}]},{"@type":"ImageObject","inLanguage":"es","@id":"https:\/\/baixas.es\/es\/catering-barcelona\/flautas-y-chapatas-catering\/boton-de-jamon-iberico\/#primaryimage","url":"https:\/\/baixas.es\/wp-content\/uploads\/2023\/04\/boto-de-pernil-iberic-pastisseria-baixas.jpg","contentUrl":"https:\/\/baixas.es\/wp-content\/uploads\/2023\/04\/boto-de-pernil-iberic-pastisseria-baixas.jpg","width":2000,"height":2000,"caption":"boto-de-pernil-iberic-pastisseria-baixas"},{"@type":"BreadcrumbList","@id":"https:\/\/baixas.es\/es\/catering-barcelona\/flautas-y-chapatas-catering\/boton-de-jamon-iberico\/#breadcrumb","itemListElement":[{"@type":"ListItem","position":1,"name":"Inici","item":"https:\/\/baixas.es\/es\/"},{"@type":"ListItem","position":2,"name":"Tienda","item":"https:\/\/baixas.es\/es\/tienda\/"},{"@type":"ListItem","position":3,"name":"Bot\u00f3n de jam\u00f3n ib\u00e9rico"}]},{"@type":"WebSite","@id":"https:\/\/baixas.es\/es\/#website","url":"https:\/\/baixas.es\/es\/","name":"Pastisseria Baixas","description":"La pasteler\u00eda de Barcelona m\u00e1s sostenible con el m\u00ednimo intervencionismo y artificialidad","publisher":{"@id":"https:\/\/baixas.es\/es\/#organization"},"alternateName":"Baixas","potentialAction":[{"@type":"SearchAction","target":{"@type":"EntryPoint","urlTemplate":"https:\/\/baixas.es\/es\/?s={search_term_string}"},"query-input":{"@type":"PropertyValueSpecification","valueRequired":true,"valueName":"search_term_string"}}],"inLanguage":"es"},{"@type":"Organization","@id":"https:\/\/baixas.es\/es\/#organization","name":"Pastisseria Baixas","alternateName":"Baixas","url":"https:\/\/baixas.es\/es\/","logo":{"@type":"ImageObject","inLanguage":"es","@id":"https:\/\/baixas.es\/es\/#\/schema\/logo\/image\/","url":"https:\/\/baixas.es\/wp-content\/uploads\/2023\/03\/logo.svg","contentUrl":"https:\/\/baixas.es\/wp-content\/uploads\/2023\/03\/logo.svg","width":155,"height":41,"caption":"Pastisseria Baixas"},"image":{"@id":"https:\/\/baixas.es\/es\/#\/schema\/logo\/image\/"},"sameAs":["https:\/\/www.instagram.com\/baixasbarcelona\/","https:\/\/www.linkedin.com\/company\/baixas-barcelona\/"]}]}},"_links":{"self":[{"href":"https:\/\/baixas.es\/es\/wp-json\/wp\/v2\/product\/7074","targetHints":{"allow":["GET"]}}],"collection":[{"href":"https:\/\/baixas.es\/es\/wp-json\/wp\/v2\/product"}],"about":[{"href":"https:\/\/baixas.es\/es\/wp-json\/wp\/v2\/types\/product"}],"wp:featuredmedia":[{"embeddable":true,"href":"https:\/\/baixas.es\/es\/wp-json\/wp\/v2\/media\/4535"}],"wp:attachment":[{"href":"https:\/\/baixas.es\/es\/wp-json\/wp\/v2\/media?parent=7074"}],"wp:term":[{"taxonomy":"product_brand","embeddable":true,"href":"https:\/\/baixas.es\/es\/wp-json\/wp\/v2\/product_brand?post=7074"},{"taxonomy":"product_cat","embeddable":true,"href":"https:\/\/baixas.es\/es\/wp-json\/wp\/v2\/product_cat?post=7074"},{"taxonomy":"product_tag","embeddable":true,"href":"https:\/\/baixas.es\/es\/wp-json\/wp\/v2\/product_tag?post=7074"}],"curies":[{"name":"wp","href":"https:\/\/api.w.org\/{rel}","templated":true}]}}