{"id":7053,"date":"2023-04-21T21:34:03","date_gmt":"2023-04-21T21:34:03","guid":{"rendered":"https:\/\/baixas.es\/sin categor\u00eda\/cruasan-de-jamon-iberico\/"},"modified":"2023-04-21T21:34:03","modified_gmt":"2023-04-21T21:34:03","slug":"cruasan-de-jamon-iberico","status":"publish","type":"product","link":"https:\/\/baixas.es\/es\/catering-barcelona\/cruasanes-y-pastas-catering\/cruasan-de-jamon-iberico\/","title":{"rendered":"Cruas\u00e1n de jam\u00f3n ib\u00e9rico"},"content":{"rendered":"<p>El cruas\u00e1n de jam\u00f3n ib\u00e9rico es una combinaci\u00f3n cl\u00e1sica que combina la complejidad de nuestro cruas\u00e1n con la exquisitez del jam\u00f3n ib\u00e9rico de bellota. Esta delicia culinaria es un cl\u00e1sico en el desayuno o merienda que satisfar\u00e1 por su sabor elegante y sencillez. <\/p>\n<p>El cruas\u00e1n, hecho con harina de trigo, sal, az\u00facar, levadura, leche y mantequilla Corman, tiene una textura ligera y crujiente. Sobre la base del cruas\u00e1n, se disponen l\u00e1minas de jam\u00f3n ib\u00e9rico de bellota. Que ser\u00e1 intenso, untuoso, no salado. La combinaci\u00f3n del relleno y el hojaldre del cruas\u00e1n crean un equilibrio exquisito.   <\/p>\n<p>La profundidad y elegancia del jam\u00f3n ib\u00e9rico, compensa elegantemente la grasa del cruas\u00e1n y se convierte en una propuesta muy suculenta. Todo se funde en boca. <\/p>\n<p>El jam\u00f3n ib\u00e9rico de bellota es el ingrediente estrella de este cruas\u00e1n. Mundialmente aclamado, nos evoca aromas intensos, nobles, salvajes, de territorio. El jam\u00f3n ib\u00e9rico de bellota es rico en Omega 3, por tanto, cardiosaludable.  <\/p>\n<p>El contraste de las l\u00e1minas crujientes del cruas\u00e1n y la untuosidad del jam\u00f3n provocan una fusi\u00f3n en boca sublime. Esa sensaci\u00f3n de querer repetir. <\/p>\n<p>Se trata de una opci\u00f3n perfecta para el desayuno, la merienda o simplemente para satisfacer los deseos culinarios en cualquier momento del d\u00eda. Una receta muy venerada por muchos establecimientos de prestigio. \u00a1La f\u00f3rmula funciona!  <\/p>\n<p>Disfr\u00fatalo en Baixas <a href=\"https:\/\/baixas.es\/es\/catering-barcelona-es-2\/\">el catering de Barcelona<\/a> que no te dejar\u00e1 indiferente.<\/p>\n","protected":false},"excerpt":{"rendered":"<p>Cruas\u00e1n de mantequilla relleno de jam\u00f3n ib\u00e9rico de bellota.<\/p>\n<p>M\u00ednimo 4 unidades.<\/p>\n<p>AL\u00c9RGENOS: Gluten, lactosa, huevo, trazas de soja y frutos secos.<\/p>\n","protected":false},"featured_media":4579,"template":"","meta":{"_acf_changed":false,"inline_featured_image":false},"product_brand":[],"product_cat":[218,361],"product_tag":[],"class_list":{"0":"post-7053","1":"product","2":"type-product","3":"status-publish","4":"has-post-thumbnail","6":"product_cat-catering-barcelona","7":"product_cat-cruasanes-y-pastas-catering","9":"first","10":"instock","11":"purchasable","12":"product-type-simple"},"acf":[],"yoast_head":"<!-- This site is optimized with the Yoast SEO plugin v27.2 - https:\/\/yoast.com\/product\/yoast-seo-wordpress\/ -->\n<title>Cruas\u00e1n de jam\u00f3n ib\u00e9rico &#8211; Pastisseria Baixas<\/title>\n<meta name=\"description\" content=\"El cruas\u00e1n de jam\u00f3n ib\u00e9rico es una combinaci\u00f3n cl\u00e1sica que combina la complejidad de nuestro cruas\u00e1n, con la exquisitez del jam\u00f3n ib\u00e9rico de bellota.\" \/>\n<meta name=\"robots\" content=\"index, follow, max-snippet:-1, max-image-preview:large, max-video-preview:-1\" \/>\n<link rel=\"canonical\" href=\"https:\/\/baixas.es\/es\/catering-barcelona\/cruasanes-y-pastas-catering\/cruasan-de-jamon-iberico\/\" \/>\n<meta property=\"og:locale\" content=\"es_ES\" \/>\n<meta property=\"og:type\" content=\"article\" \/>\n<meta property=\"og:title\" content=\"Cruas\u00e1n de jam\u00f3n ib\u00e9rico &#8211; Pastisseria Baixas\" \/>\n<meta property=\"og:description\" content=\"El cruas\u00e1n de jam\u00f3n ib\u00e9rico es una combinaci\u00f3n cl\u00e1sica que combina la complejidad de nuestro cruas\u00e1n, con la exquisitez del jam\u00f3n ib\u00e9rico de bellota.\" \/>\n<meta property=\"og:url\" content=\"https:\/\/baixas.es\/es\/catering-barcelona\/cruasanes-y-pastas-catering\/cruasan-de-jamon-iberico\/\" \/>\n<meta property=\"og:site_name\" content=\"Pastisseria Baixas\" \/>\n<meta property=\"og:image\" content=\"https:\/\/baixas.es\/wp-content\/uploads\/2023\/04\/croissant-pernil-iberic-pastisseria-baixas.jpg\" \/>\n\t<meta property=\"og:image:width\" content=\"2000\" \/>\n\t<meta property=\"og:image:height\" content=\"2000\" \/>\n\t<meta property=\"og:image:type\" content=\"image\/jpeg\" \/>\n<meta name=\"twitter:card\" content=\"summary_large_image\" \/>\n<meta name=\"twitter:label1\" content=\"Tiempo de lectura\" \/>\n\t<meta name=\"twitter:data1\" content=\"1 minuto\" \/>\n<script type=\"application\/ld+json\" class=\"yoast-schema-graph\">{\"@context\":\"https:\/\/schema.org\",\"@graph\":[{\"@type\":\"WebPage\",\"@id\":\"https:\/\/baixas.es\/es\/catering-barcelona\/cruasanes-y-pastas-catering\/cruasan-de-jamon-iberico\/\",\"url\":\"https:\/\/baixas.es\/es\/catering-barcelona\/cruasanes-y-pastas-catering\/cruasan-de-jamon-iberico\/\",\"name\":\"Cruas\u00e1n de jam\u00f3n ib\u00e9rico &#8211; Pastisseria Baixas\",\"isPartOf\":{\"@id\":\"https:\/\/baixas.es\/es\/#website\"},\"primaryImageOfPage\":{\"@id\":\"https:\/\/baixas.es\/es\/catering-barcelona\/cruasanes-y-pastas-catering\/cruasan-de-jamon-iberico\/#primaryimage\"},\"image\":{\"@id\":\"https:\/\/baixas.es\/es\/catering-barcelona\/cruasanes-y-pastas-catering\/cruasan-de-jamon-iberico\/#primaryimage\"},\"thumbnailUrl\":\"https:\/\/baixas.es\/wp-content\/uploads\/2023\/04\/croissant-pernil-iberic-pastisseria-baixas.jpg\",\"datePublished\":\"2023-04-21T21:34:03+00:00\",\"description\":\"El cruas\u00e1n de jam\u00f3n ib\u00e9rico es una combinaci\u00f3n cl\u00e1sica que combina la complejidad de nuestro cruas\u00e1n, con la exquisitez del jam\u00f3n ib\u00e9rico de bellota.\",\"breadcrumb\":{\"@id\":\"https:\/\/baixas.es\/es\/catering-barcelona\/cruasanes-y-pastas-catering\/cruasan-de-jamon-iberico\/#breadcrumb\"},\"inLanguage\":\"es\",\"potentialAction\":[{\"@type\":\"ReadAction\",\"target\":[\"https:\/\/baixas.es\/es\/catering-barcelona\/cruasanes-y-pastas-catering\/cruasan-de-jamon-iberico\/\"]}]},{\"@type\":\"ImageObject\",\"inLanguage\":\"es\",\"@id\":\"https:\/\/baixas.es\/es\/catering-barcelona\/cruasanes-y-pastas-catering\/cruasan-de-jamon-iberico\/#primaryimage\",\"url\":\"https:\/\/baixas.es\/wp-content\/uploads\/2023\/04\/croissant-pernil-iberic-pastisseria-baixas.jpg\",\"contentUrl\":\"https:\/\/baixas.es\/wp-content\/uploads\/2023\/04\/croissant-pernil-iberic-pastisseria-baixas.jpg\",\"width\":2000,\"height\":2000,\"caption\":\"croissant-pernil-iberic-pastisseria-baixas\"},{\"@type\":\"BreadcrumbList\",\"@id\":\"https:\/\/baixas.es\/es\/catering-barcelona\/cruasanes-y-pastas-catering\/cruasan-de-jamon-iberico\/#breadcrumb\",\"itemListElement\":[{\"@type\":\"ListItem\",\"position\":1,\"name\":\"Inici\",\"item\":\"https:\/\/baixas.es\/es\/\"},{\"@type\":\"ListItem\",\"position\":2,\"name\":\"Tienda\",\"item\":\"https:\/\/baixas.es\/es\/tienda\/\"},{\"@type\":\"ListItem\",\"position\":3,\"name\":\"Cruas\u00e1n de jam\u00f3n ib\u00e9rico\"}]},{\"@type\":\"WebSite\",\"@id\":\"https:\/\/baixas.es\/es\/#website\",\"url\":\"https:\/\/baixas.es\/es\/\",\"name\":\"Pastisseria Baixas\",\"description\":\"La pasteler\u00eda de Barcelona m\u00e1s sostenible con el m\u00ednimo intervencionismo y artificialidad\",\"publisher\":{\"@id\":\"https:\/\/baixas.es\/es\/#organization\"},\"alternateName\":\"Baixas\",\"potentialAction\":[{\"@type\":\"SearchAction\",\"target\":{\"@type\":\"EntryPoint\",\"urlTemplate\":\"https:\/\/baixas.es\/es\/?s={search_term_string}\"},\"query-input\":{\"@type\":\"PropertyValueSpecification\",\"valueRequired\":true,\"valueName\":\"search_term_string\"}}],\"inLanguage\":\"es\"},{\"@type\":\"Organization\",\"@id\":\"https:\/\/baixas.es\/es\/#organization\",\"name\":\"Pastisseria Baixas\",\"alternateName\":\"Baixas\",\"url\":\"https:\/\/baixas.es\/es\/\",\"logo\":{\"@type\":\"ImageObject\",\"inLanguage\":\"es\",\"@id\":\"https:\/\/baixas.es\/es\/#\/schema\/logo\/image\/\",\"url\":\"https:\/\/baixas.es\/wp-content\/uploads\/2023\/03\/logo.svg\",\"contentUrl\":\"https:\/\/baixas.es\/wp-content\/uploads\/2023\/03\/logo.svg\",\"width\":155,\"height\":41,\"caption\":\"Pastisseria Baixas\"},\"image\":{\"@id\":\"https:\/\/baixas.es\/es\/#\/schema\/logo\/image\/\"},\"sameAs\":[\"https:\/\/www.instagram.com\/baixasbarcelona\/\",\"https:\/\/www.linkedin.com\/company\/baixas-barcelona\/\"]}]}<\/script>\n<!-- \/ Yoast SEO plugin. -->","yoast_head_json":{"title":"Cruas\u00e1n de jam\u00f3n ib\u00e9rico &#8211; Pastisseria Baixas","description":"El cruas\u00e1n de jam\u00f3n ib\u00e9rico es una combinaci\u00f3n cl\u00e1sica que combina la complejidad de nuestro cruas\u00e1n, con la exquisitez del jam\u00f3n ib\u00e9rico de bellota.","robots":{"index":"index","follow":"follow","max-snippet":"max-snippet:-1","max-image-preview":"max-image-preview:large","max-video-preview":"max-video-preview:-1"},"canonical":"https:\/\/baixas.es\/es\/catering-barcelona\/cruasanes-y-pastas-catering\/cruasan-de-jamon-iberico\/","og_locale":"es_ES","og_type":"article","og_title":"Cruas\u00e1n de jam\u00f3n ib\u00e9rico &#8211; Pastisseria Baixas","og_description":"El cruas\u00e1n de jam\u00f3n ib\u00e9rico es una combinaci\u00f3n cl\u00e1sica que combina la complejidad de nuestro cruas\u00e1n, con la exquisitez del jam\u00f3n ib\u00e9rico de bellota.","og_url":"https:\/\/baixas.es\/es\/catering-barcelona\/cruasanes-y-pastas-catering\/cruasan-de-jamon-iberico\/","og_site_name":"Pastisseria Baixas","og_image":[{"width":2000,"height":2000,"url":"https:\/\/baixas.es\/wp-content\/uploads\/2023\/04\/croissant-pernil-iberic-pastisseria-baixas.jpg","type":"image\/jpeg"}],"twitter_card":"summary_large_image","twitter_misc":{"Tiempo de lectura":"1 minuto"},"schema":{"@context":"https:\/\/schema.org","@graph":[{"@type":"WebPage","@id":"https:\/\/baixas.es\/es\/catering-barcelona\/cruasanes-y-pastas-catering\/cruasan-de-jamon-iberico\/","url":"https:\/\/baixas.es\/es\/catering-barcelona\/cruasanes-y-pastas-catering\/cruasan-de-jamon-iberico\/","name":"Cruas\u00e1n de jam\u00f3n ib\u00e9rico &#8211; Pastisseria Baixas","isPartOf":{"@id":"https:\/\/baixas.es\/es\/#website"},"primaryImageOfPage":{"@id":"https:\/\/baixas.es\/es\/catering-barcelona\/cruasanes-y-pastas-catering\/cruasan-de-jamon-iberico\/#primaryimage"},"image":{"@id":"https:\/\/baixas.es\/es\/catering-barcelona\/cruasanes-y-pastas-catering\/cruasan-de-jamon-iberico\/#primaryimage"},"thumbnailUrl":"https:\/\/baixas.es\/wp-content\/uploads\/2023\/04\/croissant-pernil-iberic-pastisseria-baixas.jpg","datePublished":"2023-04-21T21:34:03+00:00","description":"El cruas\u00e1n de jam\u00f3n ib\u00e9rico es una combinaci\u00f3n cl\u00e1sica que combina la complejidad de nuestro cruas\u00e1n, con la exquisitez del jam\u00f3n ib\u00e9rico de bellota.","breadcrumb":{"@id":"https:\/\/baixas.es\/es\/catering-barcelona\/cruasanes-y-pastas-catering\/cruasan-de-jamon-iberico\/#breadcrumb"},"inLanguage":"es","potentialAction":[{"@type":"ReadAction","target":["https:\/\/baixas.es\/es\/catering-barcelona\/cruasanes-y-pastas-catering\/cruasan-de-jamon-iberico\/"]}]},{"@type":"ImageObject","inLanguage":"es","@id":"https:\/\/baixas.es\/es\/catering-barcelona\/cruasanes-y-pastas-catering\/cruasan-de-jamon-iberico\/#primaryimage","url":"https:\/\/baixas.es\/wp-content\/uploads\/2023\/04\/croissant-pernil-iberic-pastisseria-baixas.jpg","contentUrl":"https:\/\/baixas.es\/wp-content\/uploads\/2023\/04\/croissant-pernil-iberic-pastisseria-baixas.jpg","width":2000,"height":2000,"caption":"croissant-pernil-iberic-pastisseria-baixas"},{"@type":"BreadcrumbList","@id":"https:\/\/baixas.es\/es\/catering-barcelona\/cruasanes-y-pastas-catering\/cruasan-de-jamon-iberico\/#breadcrumb","itemListElement":[{"@type":"ListItem","position":1,"name":"Inici","item":"https:\/\/baixas.es\/es\/"},{"@type":"ListItem","position":2,"name":"Tienda","item":"https:\/\/baixas.es\/es\/tienda\/"},{"@type":"ListItem","position":3,"name":"Cruas\u00e1n de jam\u00f3n ib\u00e9rico"}]},{"@type":"WebSite","@id":"https:\/\/baixas.es\/es\/#website","url":"https:\/\/baixas.es\/es\/","name":"Pastisseria Baixas","description":"La pasteler\u00eda de Barcelona m\u00e1s sostenible con el m\u00ednimo intervencionismo y artificialidad","publisher":{"@id":"https:\/\/baixas.es\/es\/#organization"},"alternateName":"Baixas","potentialAction":[{"@type":"SearchAction","target":{"@type":"EntryPoint","urlTemplate":"https:\/\/baixas.es\/es\/?s={search_term_string}"},"query-input":{"@type":"PropertyValueSpecification","valueRequired":true,"valueName":"search_term_string"}}],"inLanguage":"es"},{"@type":"Organization","@id":"https:\/\/baixas.es\/es\/#organization","name":"Pastisseria Baixas","alternateName":"Baixas","url":"https:\/\/baixas.es\/es\/","logo":{"@type":"ImageObject","inLanguage":"es","@id":"https:\/\/baixas.es\/es\/#\/schema\/logo\/image\/","url":"https:\/\/baixas.es\/wp-content\/uploads\/2023\/03\/logo.svg","contentUrl":"https:\/\/baixas.es\/wp-content\/uploads\/2023\/03\/logo.svg","width":155,"height":41,"caption":"Pastisseria Baixas"},"image":{"@id":"https:\/\/baixas.es\/es\/#\/schema\/logo\/image\/"},"sameAs":["https:\/\/www.instagram.com\/baixasbarcelona\/","https:\/\/www.linkedin.com\/company\/baixas-barcelona\/"]}]}},"_links":{"self":[{"href":"https:\/\/baixas.es\/es\/wp-json\/wp\/v2\/product\/7053","targetHints":{"allow":["GET"]}}],"collection":[{"href":"https:\/\/baixas.es\/es\/wp-json\/wp\/v2\/product"}],"about":[{"href":"https:\/\/baixas.es\/es\/wp-json\/wp\/v2\/types\/product"}],"wp:featuredmedia":[{"embeddable":true,"href":"https:\/\/baixas.es\/es\/wp-json\/wp\/v2\/media\/4579"}],"wp:attachment":[{"href":"https:\/\/baixas.es\/es\/wp-json\/wp\/v2\/media?parent=7053"}],"wp:term":[{"taxonomy":"product_brand","embeddable":true,"href":"https:\/\/baixas.es\/es\/wp-json\/wp\/v2\/product_brand?post=7053"},{"taxonomy":"product_cat","embeddable":true,"href":"https:\/\/baixas.es\/es\/wp-json\/wp\/v2\/product_cat?post=7053"},{"taxonomy":"product_tag","embeddable":true,"href":"https:\/\/baixas.es\/es\/wp-json\/wp\/v2\/product_tag?post=7053"}],"curies":[{"name":"wp","href":"https:\/\/api.w.org\/{rel}","templated":true}]}}