{"id":7047,"date":"2023-04-21T21:34:03","date_gmt":"2023-04-21T21:34:03","guid":{"rendered":"https:\/\/baixas.es\/sin%20categor\u00eda\/empanada-de-atun-y-pimiento\/"},"modified":"2026-04-13T07:07:57","modified_gmt":"2026-04-13T07:07:57","slug":"empanada-de-atun-y-pimiento","status":"publish","type":"product","link":"https:\/\/baixas.es\/es\/catering-barcelona\/cocas-y-focaccias\/empanada-de-atun-y-pimiento\/","title":{"rendered":"Empanada de at\u00fan y pimiento"},"content":{"rendered":"<p>La empanada de at\u00fan y pimiento es una aut\u00e9ntica delicia culinaria que nos invita a disfrutar de la cocina tradicional y los sabores m\u00e1s mediterr\u00e1neos. La empanada est\u00e1 hecha de hojaldre. De textura crujiente y delicada, es perfecta para esta deliciosa combinaci\u00f3n.<\/p>\n<p>Como punto de partida, hacemos un sofrito de cebolla, tomate, pimiento rojo y pimiento verde. La cebolla aportar\u00e1 dulzura y melosidad, los dem\u00e1s ingredientes, frescura y acidez. Este sofrito combinar\u00e1 en grande con el at\u00fan.<\/p>\n<p>El at\u00fan en conserva es el protagonista de esta empanada. De sabor intenso, muy mediterr\u00e1neo, el at\u00fan y el huevo duro se adaptan fant\u00e1sticamente y simbolizan una fusi\u00f3n de libro. Un toque de \u00abciboulette\u00bb nos conferir\u00e1 una nota arom\u00e1tica y de frescura.<\/p>\n<p>El aceite de oliva virgen extra amorosea el relleno con esta nota tan mediterr\u00e1nea.<\/p>\n<p>La empanada de at\u00fan y pimiento es una opci\u00f3n perfecta para disfrutar en cualquier ocasi\u00f3n. Ideal para compartir, ya sea como aperitivo o para el almuerzo o la cena. Recomendamos la empanada para un m\u00ednimo de 4 personas. \u00a1Que aproveche!<\/p>\n<p>Disfr\u00fatalo en Baixas <a href=\"https:\/\/baixas.es\/es\/catering-barcelona-es-2\/\">el catering de Barcelona<\/a> que no te dejar\u00e1 indiferente.<\/p>\n","protected":false},"excerpt":{"rendered":"<p>Base de hojaldre con cebolla, pimiento rojo y verde, tomate maduro rallado, at\u00fan en aceite, huevo duro rallado, \u201cciboulette\u201d fresco picado y aceite de oliva virgen extra.<\/p>\n<p>AL\u00c9RGENOS: Gluten, lactosa, huevo, trazas de soja y frutos secos.<\/p>\n","protected":false},"featured_media":4571,"template":"","meta":{"_acf_changed":false,"inline_featured_image":false},"product_brand":[],"product_cat":[218,244],"product_tag":[],"class_list":{"0":"post-7047","1":"product","2":"type-product","3":"status-publish","4":"has-post-thumbnail","6":"product_cat-catering-barcelona","7":"product_cat-cocas-y-focaccias","9":"first","10":"instock","11":"purchasable","12":"product-type-simple"},"acf":[],"yoast_head":"<!-- This site is optimized with the Yoast SEO plugin v27.3 - https:\/\/yoast.com\/product\/yoast-seo-wordpress\/ -->\n<title>Empanada de at\u00fan y pimiento &#8211; Pastisseria Baixas<\/title>\n<meta name=\"description\" content=\"La empanada de at\u00fan y pimiento es una aut\u00e9ntica delicia culinaria que nos invita a disfrutar de la cocina tradicional y los sabores m\u00e1s mediterr\u00e1neos.\" \/>\n<meta name=\"robots\" content=\"index, follow, max-snippet:-1, max-image-preview:large, max-video-preview:-1\" \/>\n<link rel=\"canonical\" href=\"https:\/\/baixas.es\/es\/catering-barcelona\/cocas-y-focaccias\/empanada-de-atun-y-pimiento\/\" \/>\n<meta property=\"og:locale\" content=\"es_ES\" \/>\n<meta property=\"og:type\" content=\"article\" \/>\n<meta property=\"og:title\" content=\"Empanada de at\u00fan y pimiento &#8211; Pastisseria Baixas\" \/>\n<meta property=\"og:description\" content=\"La empanada de at\u00fan y pimiento es una aut\u00e9ntica delicia culinaria que nos invita a disfrutar de la cocina tradicional y los sabores m\u00e1s mediterr\u00e1neos.\" \/>\n<meta property=\"og:url\" content=\"https:\/\/baixas.es\/es\/catering-barcelona\/cocas-y-focaccias\/empanada-de-atun-y-pimiento\/\" \/>\n<meta property=\"og:site_name\" content=\"Pastisseria Baixas\" \/>\n<meta property=\"article:modified_time\" content=\"2026-04-13T07:07:57+00:00\" \/>\n<meta property=\"og:image\" content=\"https:\/\/baixas.es\/wp-content\/uploads\/2023\/04\/empanada-de-tonyina-i-pebrot-pastisseria-baixas.jpg\" \/>\n\t<meta property=\"og:image:width\" content=\"2000\" \/>\n\t<meta property=\"og:image:height\" content=\"2000\" \/>\n\t<meta property=\"og:image:type\" content=\"image\/jpeg\" \/>\n<meta name=\"twitter:card\" content=\"summary_large_image\" \/>\n<meta name=\"twitter:label1\" content=\"Tiempo de lectura\" \/>\n\t<meta name=\"twitter:data1\" content=\"2 minutos\" \/>\n<script type=\"application\/ld+json\" class=\"yoast-schema-graph\">{\"@context\":\"https:\\\/\\\/schema.org\",\"@graph\":[{\"@type\":\"WebPage\",\"@id\":\"https:\\\/\\\/baixas.es\\\/es\\\/catering-barcelona\\\/cocas-y-focaccias\\\/empanada-de-atun-y-pimiento\\\/\",\"url\":\"https:\\\/\\\/baixas.es\\\/es\\\/catering-barcelona\\\/cocas-y-focaccias\\\/empanada-de-atun-y-pimiento\\\/\",\"name\":\"Empanada de at\u00fan y pimiento &#8211; Pastisseria Baixas\",\"isPartOf\":{\"@id\":\"https:\\\/\\\/baixas.es\\\/es\\\/#website\"},\"primaryImageOfPage\":{\"@id\":\"https:\\\/\\\/baixas.es\\\/es\\\/catering-barcelona\\\/cocas-y-focaccias\\\/empanada-de-atun-y-pimiento\\\/#primaryimage\"},\"image\":{\"@id\":\"https:\\\/\\\/baixas.es\\\/es\\\/catering-barcelona\\\/cocas-y-focaccias\\\/empanada-de-atun-y-pimiento\\\/#primaryimage\"},\"thumbnailUrl\":\"https:\\\/\\\/baixas.es\\\/wp-content\\\/uploads\\\/2023\\\/04\\\/empanada-de-tonyina-i-pebrot-pastisseria-baixas.jpg\",\"datePublished\":\"2023-04-21T21:34:03+00:00\",\"dateModified\":\"2026-04-13T07:07:57+00:00\",\"description\":\"La empanada de at\u00fan y pimiento es una aut\u00e9ntica delicia culinaria que nos invita a disfrutar de la cocina tradicional y los sabores m\u00e1s mediterr\u00e1neos.\",\"breadcrumb\":{\"@id\":\"https:\\\/\\\/baixas.es\\\/es\\\/catering-barcelona\\\/cocas-y-focaccias\\\/empanada-de-atun-y-pimiento\\\/#breadcrumb\"},\"inLanguage\":\"es\",\"potentialAction\":[{\"@type\":\"ReadAction\",\"target\":[\"https:\\\/\\\/baixas.es\\\/es\\\/catering-barcelona\\\/cocas-y-focaccias\\\/empanada-de-atun-y-pimiento\\\/\"]}]},{\"@type\":\"ImageObject\",\"inLanguage\":\"es\",\"@id\":\"https:\\\/\\\/baixas.es\\\/es\\\/catering-barcelona\\\/cocas-y-focaccias\\\/empanada-de-atun-y-pimiento\\\/#primaryimage\",\"url\":\"https:\\\/\\\/baixas.es\\\/wp-content\\\/uploads\\\/2023\\\/04\\\/empanada-de-tonyina-i-pebrot-pastisseria-baixas.jpg\",\"contentUrl\":\"https:\\\/\\\/baixas.es\\\/wp-content\\\/uploads\\\/2023\\\/04\\\/empanada-de-tonyina-i-pebrot-pastisseria-baixas.jpg\",\"width\":2000,\"height\":2000,\"caption\":\"Empanada de tonyina i pebrot\"},{\"@type\":\"BreadcrumbList\",\"@id\":\"https:\\\/\\\/baixas.es\\\/es\\\/catering-barcelona\\\/cocas-y-focaccias\\\/empanada-de-atun-y-pimiento\\\/#breadcrumb\",\"itemListElement\":[{\"@type\":\"ListItem\",\"position\":1,\"name\":\"Inici\",\"item\":\"https:\\\/\\\/baixas.es\\\/es\\\/\"},{\"@type\":\"ListItem\",\"position\":2,\"name\":\"Tienda\",\"item\":\"https:\\\/\\\/baixas.es\\\/es\\\/tienda\\\/\"},{\"@type\":\"ListItem\",\"position\":3,\"name\":\"Empanada de at\u00fan y pimiento\"}]},{\"@type\":\"WebSite\",\"@id\":\"https:\\\/\\\/baixas.es\\\/es\\\/#website\",\"url\":\"https:\\\/\\\/baixas.es\\\/es\\\/\",\"name\":\"Pastisseria Baixas\",\"description\":\"La pasteler\u00eda de Barcelona m\u00e1s sostenible con el m\u00ednimo intervencionismo y artificialidad\",\"publisher\":{\"@id\":\"https:\\\/\\\/baixas.es\\\/es\\\/#organization\"},\"alternateName\":\"Baixas\",\"potentialAction\":[{\"@type\":\"SearchAction\",\"target\":{\"@type\":\"EntryPoint\",\"urlTemplate\":\"https:\\\/\\\/baixas.es\\\/es\\\/?s={search_term_string}\"},\"query-input\":{\"@type\":\"PropertyValueSpecification\",\"valueRequired\":true,\"valueName\":\"search_term_string\"}}],\"inLanguage\":\"es\"},{\"@type\":\"Organization\",\"@id\":\"https:\\\/\\\/baixas.es\\\/es\\\/#organization\",\"name\":\"Pastisseria Baixas\",\"alternateName\":\"Baixas\",\"url\":\"https:\\\/\\\/baixas.es\\\/es\\\/\",\"logo\":{\"@type\":\"ImageObject\",\"inLanguage\":\"es\",\"@id\":\"https:\\\/\\\/baixas.es\\\/es\\\/#\\\/schema\\\/logo\\\/image\\\/\",\"url\":\"https:\\\/\\\/baixas.es\\\/wp-content\\\/uploads\\\/2023\\\/03\\\/logo.svg\",\"contentUrl\":\"https:\\\/\\\/baixas.es\\\/wp-content\\\/uploads\\\/2023\\\/03\\\/logo.svg\",\"width\":155,\"height\":41,\"caption\":\"Pastisseria Baixas\"},\"image\":{\"@id\":\"https:\\\/\\\/baixas.es\\\/es\\\/#\\\/schema\\\/logo\\\/image\\\/\"},\"sameAs\":[\"https:\\\/\\\/www.instagram.com\\\/baixasbarcelona\\\/\",\"https:\\\/\\\/www.linkedin.com\\\/company\\\/baixas-barcelona\\\/\"]}]}<\/script>\n<!-- \/ Yoast SEO plugin. -->","yoast_head_json":{"title":"Empanada de at\u00fan y pimiento &#8211; Pastisseria Baixas","description":"La empanada de at\u00fan y pimiento es una aut\u00e9ntica delicia culinaria que nos invita a disfrutar de la cocina tradicional y los sabores m\u00e1s mediterr\u00e1neos.","robots":{"index":"index","follow":"follow","max-snippet":"max-snippet:-1","max-image-preview":"max-image-preview:large","max-video-preview":"max-video-preview:-1"},"canonical":"https:\/\/baixas.es\/es\/catering-barcelona\/cocas-y-focaccias\/empanada-de-atun-y-pimiento\/","og_locale":"es_ES","og_type":"article","og_title":"Empanada de at\u00fan y pimiento &#8211; Pastisseria Baixas","og_description":"La empanada de at\u00fan y pimiento es una aut\u00e9ntica delicia culinaria que nos invita a disfrutar de la cocina tradicional y los sabores m\u00e1s mediterr\u00e1neos.","og_url":"https:\/\/baixas.es\/es\/catering-barcelona\/cocas-y-focaccias\/empanada-de-atun-y-pimiento\/","og_site_name":"Pastisseria Baixas","article_modified_time":"2026-04-13T07:07:57+00:00","og_image":[{"width":2000,"height":2000,"url":"https:\/\/baixas.es\/wp-content\/uploads\/2023\/04\/empanada-de-tonyina-i-pebrot-pastisseria-baixas.jpg","type":"image\/jpeg"}],"twitter_card":"summary_large_image","twitter_misc":{"Tiempo de lectura":"2 minutos"},"schema":{"@context":"https:\/\/schema.org","@graph":[{"@type":"WebPage","@id":"https:\/\/baixas.es\/es\/catering-barcelona\/cocas-y-focaccias\/empanada-de-atun-y-pimiento\/","url":"https:\/\/baixas.es\/es\/catering-barcelona\/cocas-y-focaccias\/empanada-de-atun-y-pimiento\/","name":"Empanada de at\u00fan y pimiento &#8211; Pastisseria Baixas","isPartOf":{"@id":"https:\/\/baixas.es\/es\/#website"},"primaryImageOfPage":{"@id":"https:\/\/baixas.es\/es\/catering-barcelona\/cocas-y-focaccias\/empanada-de-atun-y-pimiento\/#primaryimage"},"image":{"@id":"https:\/\/baixas.es\/es\/catering-barcelona\/cocas-y-focaccias\/empanada-de-atun-y-pimiento\/#primaryimage"},"thumbnailUrl":"https:\/\/baixas.es\/wp-content\/uploads\/2023\/04\/empanada-de-tonyina-i-pebrot-pastisseria-baixas.jpg","datePublished":"2023-04-21T21:34:03+00:00","dateModified":"2026-04-13T07:07:57+00:00","description":"La empanada de at\u00fan y pimiento es una aut\u00e9ntica delicia culinaria que nos invita a disfrutar de la cocina tradicional y los sabores m\u00e1s mediterr\u00e1neos.","breadcrumb":{"@id":"https:\/\/baixas.es\/es\/catering-barcelona\/cocas-y-focaccias\/empanada-de-atun-y-pimiento\/#breadcrumb"},"inLanguage":"es","potentialAction":[{"@type":"ReadAction","target":["https:\/\/baixas.es\/es\/catering-barcelona\/cocas-y-focaccias\/empanada-de-atun-y-pimiento\/"]}]},{"@type":"ImageObject","inLanguage":"es","@id":"https:\/\/baixas.es\/es\/catering-barcelona\/cocas-y-focaccias\/empanada-de-atun-y-pimiento\/#primaryimage","url":"https:\/\/baixas.es\/wp-content\/uploads\/2023\/04\/empanada-de-tonyina-i-pebrot-pastisseria-baixas.jpg","contentUrl":"https:\/\/baixas.es\/wp-content\/uploads\/2023\/04\/empanada-de-tonyina-i-pebrot-pastisseria-baixas.jpg","width":2000,"height":2000,"caption":"Empanada de tonyina i pebrot"},{"@type":"BreadcrumbList","@id":"https:\/\/baixas.es\/es\/catering-barcelona\/cocas-y-focaccias\/empanada-de-atun-y-pimiento\/#breadcrumb","itemListElement":[{"@type":"ListItem","position":1,"name":"Inici","item":"https:\/\/baixas.es\/es\/"},{"@type":"ListItem","position":2,"name":"Tienda","item":"https:\/\/baixas.es\/es\/tienda\/"},{"@type":"ListItem","position":3,"name":"Empanada de at\u00fan y pimiento"}]},{"@type":"WebSite","@id":"https:\/\/baixas.es\/es\/#website","url":"https:\/\/baixas.es\/es\/","name":"Pastisseria Baixas","description":"La pasteler\u00eda de Barcelona m\u00e1s sostenible con el m\u00ednimo intervencionismo y artificialidad","publisher":{"@id":"https:\/\/baixas.es\/es\/#organization"},"alternateName":"Baixas","potentialAction":[{"@type":"SearchAction","target":{"@type":"EntryPoint","urlTemplate":"https:\/\/baixas.es\/es\/?s={search_term_string}"},"query-input":{"@type":"PropertyValueSpecification","valueRequired":true,"valueName":"search_term_string"}}],"inLanguage":"es"},{"@type":"Organization","@id":"https:\/\/baixas.es\/es\/#organization","name":"Pastisseria Baixas","alternateName":"Baixas","url":"https:\/\/baixas.es\/es\/","logo":{"@type":"ImageObject","inLanguage":"es","@id":"https:\/\/baixas.es\/es\/#\/schema\/logo\/image\/","url":"https:\/\/baixas.es\/wp-content\/uploads\/2023\/03\/logo.svg","contentUrl":"https:\/\/baixas.es\/wp-content\/uploads\/2023\/03\/logo.svg","width":155,"height":41,"caption":"Pastisseria Baixas"},"image":{"@id":"https:\/\/baixas.es\/es\/#\/schema\/logo\/image\/"},"sameAs":["https:\/\/www.instagram.com\/baixasbarcelona\/","https:\/\/www.linkedin.com\/company\/baixas-barcelona\/"]}]}},"_links":{"self":[{"href":"https:\/\/baixas.es\/es\/wp-json\/wp\/v2\/product\/7047","targetHints":{"allow":["GET"]}}],"collection":[{"href":"https:\/\/baixas.es\/es\/wp-json\/wp\/v2\/product"}],"about":[{"href":"https:\/\/baixas.es\/es\/wp-json\/wp\/v2\/types\/product"}],"wp:featuredmedia":[{"embeddable":true,"href":"https:\/\/baixas.es\/es\/wp-json\/wp\/v2\/media\/4571"}],"wp:attachment":[{"href":"https:\/\/baixas.es\/es\/wp-json\/wp\/v2\/media?parent=7047"}],"wp:term":[{"taxonomy":"product_brand","embeddable":true,"href":"https:\/\/baixas.es\/es\/wp-json\/wp\/v2\/product_brand?post=7047"},{"taxonomy":"product_cat","embeddable":true,"href":"https:\/\/baixas.es\/es\/wp-json\/wp\/v2\/product_cat?post=7047"},{"taxonomy":"product_tag","embeddable":true,"href":"https:\/\/baixas.es\/es\/wp-json\/wp\/v2\/product_tag?post=7047"}],"curies":[{"name":"wp","href":"https:\/\/api.w.org\/{rel}","templated":true}]}}