{"id":6949,"date":"2023-07-31T13:46:04","date_gmt":"2023-07-31T13:46:04","guid":{"rendered":"https:\/\/baixas.es\/sin categor\u00eda\/schweppes-de-naranja-25cl\/"},"modified":"2023-07-31T13:46:04","modified_gmt":"2023-07-31T13:46:04","slug":"schweppes-de-naranja-25cl","status":"publish","type":"product","link":"https:\/\/baixas.es\/es\/sin-categoria-2\/schweppes-de-naranja-25cl\/","title":{"rendered":"Schweppes de naranja (25cl)"},"content":{"rendered":"","protected":false},"excerpt":{"rendered":"<p>Schweppes de naranja de 25cl.<\/p>\n","protected":false},"featured_media":2105,"template":"","meta":{"_acf_changed":false,"inline_featured_image":false},"product_brand":[],"product_cat":[207],"product_tag":[],"class_list":{"0":"post-6949","1":"product","2":"type-product","3":"status-publish","4":"has-post-thumbnail","6":"product_cat-sin-categoria-2","8":"first","9":"outofstock","10":"product-type-simple"},"acf":[],"yoast_head":"<!-- This site is optimized with the Yoast SEO plugin v27.2 - https:\/\/yoast.com\/product\/yoast-seo-wordpress\/ -->\n<title>Schweppes de naranja (25cl) &#8211; Pastisseria Baixas<\/title>\n<meta name=\"description\" content=\"Pasteler\u00eda Baixas : Del\u00e9itese con la dicha c\u00edtrica de Schweppes Orange (25cl) en Pasteler\u00eda Baixas . Perfecci\u00f3n refrescante para ti paladar.\" \/>\n<meta name=\"robots\" content=\"index, follow, max-snippet:-1, max-image-preview:large, max-video-preview:-1\" \/>\n<link rel=\"canonical\" href=\"https:\/\/baixas.es\/es\/sin-categoria-2\/schweppes-de-naranja-25cl\/\" \/>\n<meta property=\"og:locale\" content=\"es_ES\" \/>\n<meta property=\"og:type\" content=\"article\" \/>\n<meta property=\"og:title\" content=\"Schweppes de naranja (25cl) &#8211; Pastisseria Baixas\" \/>\n<meta property=\"og:description\" content=\"Pasteler\u00eda Baixas : Del\u00e9itese con la dicha c\u00edtrica de Schweppes Orange (25cl) en Pasteler\u00eda Baixas . Perfecci\u00f3n refrescante para ti paladar.\" \/>\n<meta property=\"og:url\" content=\"https:\/\/baixas.es\/es\/sin-categoria-2\/schweppes-de-naranja-25cl\/\" \/>\n<meta property=\"og:site_name\" content=\"Pastisseria Baixas\" \/>\n<meta property=\"og:image\" content=\"https:\/\/baixas.es\/wp-content\/uploads\/2023\/07\/Schweppes-NEW.jpg\" \/>\n\t<meta property=\"og:image:width\" content=\"2000\" \/>\n\t<meta property=\"og:image:height\" content=\"2000\" \/>\n\t<meta property=\"og:image:type\" content=\"image\/jpeg\" \/>\n<meta name=\"twitter:card\" content=\"summary_large_image\" \/>\n<script type=\"application\/ld+json\" class=\"yoast-schema-graph\">{\"@context\":\"https:\/\/schema.org\",\"@graph\":[{\"@type\":\"WebPage\",\"@id\":\"https:\/\/baixas.es\/es\/sin-categoria-2\/schweppes-de-naranja-25cl\/\",\"url\":\"https:\/\/baixas.es\/es\/sin-categoria-2\/schweppes-de-naranja-25cl\/\",\"name\":\"Schweppes de naranja (25cl) &#8211; Pastisseria Baixas\",\"isPartOf\":{\"@id\":\"https:\/\/baixas.es\/es\/#website\"},\"primaryImageOfPage\":{\"@id\":\"https:\/\/baixas.es\/es\/sin-categoria-2\/schweppes-de-naranja-25cl\/#primaryimage\"},\"image\":{\"@id\":\"https:\/\/baixas.es\/es\/sin-categoria-2\/schweppes-de-naranja-25cl\/#primaryimage\"},\"thumbnailUrl\":\"https:\/\/baixas.es\/wp-content\/uploads\/2023\/07\/Schweppes-NEW.jpg\",\"datePublished\":\"2023-07-31T13:46:04+00:00\",\"description\":\"Pasteler\u00eda Baixas : Del\u00e9itese con la dicha c\u00edtrica de Schweppes Orange (25cl) en Pasteler\u00eda Baixas . Perfecci\u00f3n refrescante para ti paladar.\",\"breadcrumb\":{\"@id\":\"https:\/\/baixas.es\/es\/sin-categoria-2\/schweppes-de-naranja-25cl\/#breadcrumb\"},\"inLanguage\":\"es\",\"potentialAction\":[{\"@type\":\"ReadAction\",\"target\":[\"https:\/\/baixas.es\/es\/sin-categoria-2\/schweppes-de-naranja-25cl\/\"]}]},{\"@type\":\"ImageObject\",\"inLanguage\":\"es\",\"@id\":\"https:\/\/baixas.es\/es\/sin-categoria-2\/schweppes-de-naranja-25cl\/#primaryimage\",\"url\":\"https:\/\/baixas.es\/wp-content\/uploads\/2023\/07\/Schweppes-NEW.jpg\",\"contentUrl\":\"https:\/\/baixas.es\/wp-content\/uploads\/2023\/07\/Schweppes-NEW.jpg\",\"width\":2000,\"height\":2000,\"caption\":\"Schweppes NEW\"},{\"@type\":\"BreadcrumbList\",\"@id\":\"https:\/\/baixas.es\/es\/sin-categoria-2\/schweppes-de-naranja-25cl\/#breadcrumb\",\"itemListElement\":[{\"@type\":\"ListItem\",\"position\":1,\"name\":\"Inici\",\"item\":\"https:\/\/baixas.es\/es\/\"},{\"@type\":\"ListItem\",\"position\":2,\"name\":\"Tienda\",\"item\":\"https:\/\/baixas.es\/es\/tienda\/\"},{\"@type\":\"ListItem\",\"position\":3,\"name\":\"Schweppes de naranja (25cl)\"}]},{\"@type\":\"WebSite\",\"@id\":\"https:\/\/baixas.es\/es\/#website\",\"url\":\"https:\/\/baixas.es\/es\/\",\"name\":\"Pastisseria Baixas\",\"description\":\"La pasteler\u00eda de Barcelona m\u00e1s sostenible con el m\u00ednimo intervencionismo y artificialidad\",\"publisher\":{\"@id\":\"https:\/\/baixas.es\/es\/#organization\"},\"alternateName\":\"Baixas\",\"potentialAction\":[{\"@type\":\"SearchAction\",\"target\":{\"@type\":\"EntryPoint\",\"urlTemplate\":\"https:\/\/baixas.es\/es\/?s={search_term_string}\"},\"query-input\":{\"@type\":\"PropertyValueSpecification\",\"valueRequired\":true,\"valueName\":\"search_term_string\"}}],\"inLanguage\":\"es\"},{\"@type\":\"Organization\",\"@id\":\"https:\/\/baixas.es\/es\/#organization\",\"name\":\"Pastisseria Baixas\",\"alternateName\":\"Baixas\",\"url\":\"https:\/\/baixas.es\/es\/\",\"logo\":{\"@type\":\"ImageObject\",\"inLanguage\":\"es\",\"@id\":\"https:\/\/baixas.es\/es\/#\/schema\/logo\/image\/\",\"url\":\"https:\/\/baixas.es\/wp-content\/uploads\/2023\/03\/logo.svg\",\"contentUrl\":\"https:\/\/baixas.es\/wp-content\/uploads\/2023\/03\/logo.svg\",\"width\":155,\"height\":41,\"caption\":\"Pastisseria Baixas\"},\"image\":{\"@id\":\"https:\/\/baixas.es\/es\/#\/schema\/logo\/image\/\"},\"sameAs\":[\"https:\/\/www.instagram.com\/baixasbarcelona\/\",\"https:\/\/www.linkedin.com\/company\/baixas-barcelona\/\"]}]}<\/script>\n<!-- \/ Yoast SEO plugin. -->","yoast_head_json":{"title":"Schweppes de naranja (25cl) &#8211; Pastisseria Baixas","description":"Pasteler\u00eda Baixas : Del\u00e9itese con la dicha c\u00edtrica de Schweppes Orange (25cl) en Pasteler\u00eda Baixas . Perfecci\u00f3n refrescante para ti paladar.","robots":{"index":"index","follow":"follow","max-snippet":"max-snippet:-1","max-image-preview":"max-image-preview:large","max-video-preview":"max-video-preview:-1"},"canonical":"https:\/\/baixas.es\/es\/sin-categoria-2\/schweppes-de-naranja-25cl\/","og_locale":"es_ES","og_type":"article","og_title":"Schweppes de naranja (25cl) &#8211; Pastisseria Baixas","og_description":"Pasteler\u00eda Baixas : Del\u00e9itese con la dicha c\u00edtrica de Schweppes Orange (25cl) en Pasteler\u00eda Baixas . Perfecci\u00f3n refrescante para ti paladar.","og_url":"https:\/\/baixas.es\/es\/sin-categoria-2\/schweppes-de-naranja-25cl\/","og_site_name":"Pastisseria Baixas","og_image":[{"width":2000,"height":2000,"url":"https:\/\/baixas.es\/wp-content\/uploads\/2023\/07\/Schweppes-NEW.jpg","type":"image\/jpeg"}],"twitter_card":"summary_large_image","schema":{"@context":"https:\/\/schema.org","@graph":[{"@type":"WebPage","@id":"https:\/\/baixas.es\/es\/sin-categoria-2\/schweppes-de-naranja-25cl\/","url":"https:\/\/baixas.es\/es\/sin-categoria-2\/schweppes-de-naranja-25cl\/","name":"Schweppes de naranja (25cl) &#8211; Pastisseria Baixas","isPartOf":{"@id":"https:\/\/baixas.es\/es\/#website"},"primaryImageOfPage":{"@id":"https:\/\/baixas.es\/es\/sin-categoria-2\/schweppes-de-naranja-25cl\/#primaryimage"},"image":{"@id":"https:\/\/baixas.es\/es\/sin-categoria-2\/schweppes-de-naranja-25cl\/#primaryimage"},"thumbnailUrl":"https:\/\/baixas.es\/wp-content\/uploads\/2023\/07\/Schweppes-NEW.jpg","datePublished":"2023-07-31T13:46:04+00:00","description":"Pasteler\u00eda Baixas : Del\u00e9itese con la dicha c\u00edtrica de Schweppes Orange (25cl) en Pasteler\u00eda Baixas . Perfecci\u00f3n refrescante para ti paladar.","breadcrumb":{"@id":"https:\/\/baixas.es\/es\/sin-categoria-2\/schweppes-de-naranja-25cl\/#breadcrumb"},"inLanguage":"es","potentialAction":[{"@type":"ReadAction","target":["https:\/\/baixas.es\/es\/sin-categoria-2\/schweppes-de-naranja-25cl\/"]}]},{"@type":"ImageObject","inLanguage":"es","@id":"https:\/\/baixas.es\/es\/sin-categoria-2\/schweppes-de-naranja-25cl\/#primaryimage","url":"https:\/\/baixas.es\/wp-content\/uploads\/2023\/07\/Schweppes-NEW.jpg","contentUrl":"https:\/\/baixas.es\/wp-content\/uploads\/2023\/07\/Schweppes-NEW.jpg","width":2000,"height":2000,"caption":"Schweppes NEW"},{"@type":"BreadcrumbList","@id":"https:\/\/baixas.es\/es\/sin-categoria-2\/schweppes-de-naranja-25cl\/#breadcrumb","itemListElement":[{"@type":"ListItem","position":1,"name":"Inici","item":"https:\/\/baixas.es\/es\/"},{"@type":"ListItem","position":2,"name":"Tienda","item":"https:\/\/baixas.es\/es\/tienda\/"},{"@type":"ListItem","position":3,"name":"Schweppes de naranja (25cl)"}]},{"@type":"WebSite","@id":"https:\/\/baixas.es\/es\/#website","url":"https:\/\/baixas.es\/es\/","name":"Pastisseria Baixas","description":"La pasteler\u00eda de Barcelona m\u00e1s sostenible con el m\u00ednimo intervencionismo y artificialidad","publisher":{"@id":"https:\/\/baixas.es\/es\/#organization"},"alternateName":"Baixas","potentialAction":[{"@type":"SearchAction","target":{"@type":"EntryPoint","urlTemplate":"https:\/\/baixas.es\/es\/?s={search_term_string}"},"query-input":{"@type":"PropertyValueSpecification","valueRequired":true,"valueName":"search_term_string"}}],"inLanguage":"es"},{"@type":"Organization","@id":"https:\/\/baixas.es\/es\/#organization","name":"Pastisseria Baixas","alternateName":"Baixas","url":"https:\/\/baixas.es\/es\/","logo":{"@type":"ImageObject","inLanguage":"es","@id":"https:\/\/baixas.es\/es\/#\/schema\/logo\/image\/","url":"https:\/\/baixas.es\/wp-content\/uploads\/2023\/03\/logo.svg","contentUrl":"https:\/\/baixas.es\/wp-content\/uploads\/2023\/03\/logo.svg","width":155,"height":41,"caption":"Pastisseria Baixas"},"image":{"@id":"https:\/\/baixas.es\/es\/#\/schema\/logo\/image\/"},"sameAs":["https:\/\/www.instagram.com\/baixasbarcelona\/","https:\/\/www.linkedin.com\/company\/baixas-barcelona\/"]}]}},"_links":{"self":[{"href":"https:\/\/baixas.es\/es\/wp-json\/wp\/v2\/product\/6949","targetHints":{"allow":["GET"]}}],"collection":[{"href":"https:\/\/baixas.es\/es\/wp-json\/wp\/v2\/product"}],"about":[{"href":"https:\/\/baixas.es\/es\/wp-json\/wp\/v2\/types\/product"}],"wp:featuredmedia":[{"embeddable":true,"href":"https:\/\/baixas.es\/es\/wp-json\/wp\/v2\/media\/2105"}],"wp:attachment":[{"href":"https:\/\/baixas.es\/es\/wp-json\/wp\/v2\/media?parent=6949"}],"wp:term":[{"taxonomy":"product_brand","embeddable":true,"href":"https:\/\/baixas.es\/es\/wp-json\/wp\/v2\/product_brand?post=6949"},{"taxonomy":"product_cat","embeddable":true,"href":"https:\/\/baixas.es\/es\/wp-json\/wp\/v2\/product_cat?post=6949"},{"taxonomy":"product_tag","embeddable":true,"href":"https:\/\/baixas.es\/es\/wp-json\/wp\/v2\/product_tag?post=6949"}],"curies":[{"name":"wp","href":"https:\/\/api.w.org\/{rel}","templated":true}]}}