{"id":6928,"date":"2023-09-12T06:35:44","date_gmt":"2023-09-12T06:35:44","guid":{"rendered":"https:\/\/baixas.es\/sin categor\u00eda\/rosa-del-desierto\/"},"modified":"2023-09-12T06:35:44","modified_gmt":"2023-09-12T06:35:44","slug":"rosa-del-desierto","status":"publish","type":"product","link":"https:\/\/baixas.es\/es\/pasteleria-barcelona\/rosa-del-desierto\/","title":{"rendered":"Rosa del desierto"},"content":{"rendered":"<p>Rosa del desierto es un cl\u00e1sico de la casa muy refrescante reinterpretado con una est\u00e9tica contempor\u00e1nea y sofisticada. Una explosi\u00f3n de frutos rojos concentrada en una mousse de frambuesa y fresa, adem\u00e1s de una capa de bizcocho de chocolate y una segunda de bizcocho de almendra. <\/p>\n<p>La plancha de bizcocho de chocolate es fina y esponjosa, hecha de huevos, az\u00facar, harina de trigo, harina de almendra y cacao en polvo. Estas planchas de bizcocho son ligeramente dulces y tienen un intenso sabor a chocolate. Proporcionan un sabor rico y profundo perfectamente alineado con el conjunto de la tarta.  <\/p>\n<p>La capa del bizcocho cl\u00e1sico, hecha tambi\u00e9n con harina de almendra, confiere una textura tierna y delicada.<\/p>\n<p>Para complementar la mousse de frambuesa, rellenamos entre capas con una gelatina de lichis que aportar\u00e1 una nota floral m\u00e1s pronunciada, ex\u00f3tica, muy refrescante. Un recuerdo entre las fresas y las uvas de lo m\u00e1s interesante. <\/p>\n<p>Finalizamos con un ba\u00f1o rojo muy natural, hecho de frutos del bosque y p\u00e9talos de rosa, que confieren un color hipn\u00f3tico, muy atractivo. Una aut\u00e9ntica explosi\u00f3n sensorial, una deliciosa experiencia. Id\u00f3neo para cualquier celebraci\u00f3n, especialmente adecuado para los meses m\u00e1s calurosos.  <\/p>\n<p>\u00a1A disfrutarlo en Baixas, la <a href=\"https:\/\/baixas.es\/es\/pasteleria\/\">pasteler\u00eda de Barcelona<\/a> que no te dejar\u00e1 indiferente! \u00a1Buen provecho! \u00a1Que aproveche!<\/p>\n","protected":false},"excerpt":{"rendered":"<p>Mousse de fresa y frambuesa con gelatina de lichis y capa de bizcocho de chocolate con bizcocho de almendra.<\/p>\n","protected":false},"featured_media":2066,"template":"","meta":{"_acf_changed":false,"inline_featured_image":false},"product_brand":[],"product_cat":[211,229,230,210],"product_tag":[],"class_list":{"0":"post-6928","1":"product","2":"type-product","3":"status-publish","4":"has-post-thumbnail","6":"product_cat-formatos-grans","7":"product_cat-destacados-barcelona","8":"product_cat-nuestros-destacados","9":"product_cat-pasteleria-barcelona","11":"first","12":"instock","13":"shipping-taxable","14":"purchasable","15":"product-type-variable"},"acf":[],"yoast_head":"<!-- This site is optimized with the Yoast SEO plugin v27.2 - https:\/\/yoast.com\/product\/yoast-seo-wordpress\/ -->\n<title>Rosa del desierto &#8211; Pastisseria Baixas<\/title>\n<meta name=\"description\" content=\"La Rosa del desierto es un cl\u00e1sico Baixas , la pasteler\u00eda de Barcelona. Es muy refrescante y est\u00e1 reinterpretado con una est\u00e9tica contempor\u00e1nea y sofisticada.\" \/>\n<meta name=\"robots\" content=\"index, follow, max-snippet:-1, max-image-preview:large, max-video-preview:-1\" \/>\n<link rel=\"canonical\" href=\"https:\/\/baixas.es\/es\/pasteleria-barcelona\/rosa-del-desierto\/\" \/>\n<meta property=\"og:locale\" content=\"es_ES\" \/>\n<meta property=\"og:type\" content=\"article\" \/>\n<meta property=\"og:title\" content=\"Rosa del desierto &#8211; Pastisseria Baixas\" \/>\n<meta property=\"og:description\" content=\"La Rosa del desierto es un cl\u00e1sico Baixas , la pasteler\u00eda de Barcelona. Es muy refrescante y est\u00e1 reinterpretado con una est\u00e9tica contempor\u00e1nea y sofisticada.\" \/>\n<meta property=\"og:url\" content=\"https:\/\/baixas.es\/es\/pasteleria-barcelona\/rosa-del-desierto\/\" \/>\n<meta property=\"og:site_name\" content=\"Pastisseria Baixas\" \/>\n<meta property=\"og:image\" content=\"https:\/\/baixas.es\/wp-content\/uploads\/2023\/09\/BAIXAS-Rosa-Grande.jpg\" \/>\n\t<meta property=\"og:image:width\" content=\"2000\" \/>\n\t<meta property=\"og:image:height\" content=\"2000\" \/>\n\t<meta property=\"og:image:type\" content=\"image\/jpeg\" \/>\n<meta name=\"twitter:card\" content=\"summary_large_image\" \/>\n<meta name=\"twitter:label1\" content=\"Tiempo de lectura\" \/>\n\t<meta name=\"twitter:data1\" content=\"1 minuto\" \/>\n<script type=\"application\/ld+json\" class=\"yoast-schema-graph\">{\"@context\":\"https:\/\/schema.org\",\"@graph\":[{\"@type\":\"WebPage\",\"@id\":\"https:\/\/baixas.es\/es\/pasteleria-barcelona\/rosa-del-desierto\/\",\"url\":\"https:\/\/baixas.es\/es\/pasteleria-barcelona\/rosa-del-desierto\/\",\"name\":\"Rosa del desierto &#8211; Pastisseria Baixas\",\"isPartOf\":{\"@id\":\"https:\/\/baixas.es\/es\/#website\"},\"primaryImageOfPage\":{\"@id\":\"https:\/\/baixas.es\/es\/pasteleria-barcelona\/rosa-del-desierto\/#primaryimage\"},\"image\":{\"@id\":\"https:\/\/baixas.es\/es\/pasteleria-barcelona\/rosa-del-desierto\/#primaryimage\"},\"thumbnailUrl\":\"https:\/\/baixas.es\/wp-content\/uploads\/2023\/09\/BAIXAS-Rosa-Grande.jpg\",\"datePublished\":\"2023-09-12T06:35:44+00:00\",\"description\":\"La Rosa del desierto es un cl\u00e1sico Baixas , la pasteler\u00eda de Barcelona. Es muy refrescante y est\u00e1 reinterpretado con una est\u00e9tica contempor\u00e1nea y sofisticada.\",\"breadcrumb\":{\"@id\":\"https:\/\/baixas.es\/es\/pasteleria-barcelona\/rosa-del-desierto\/#breadcrumb\"},\"inLanguage\":\"es\",\"potentialAction\":[{\"@type\":\"ReadAction\",\"target\":[\"https:\/\/baixas.es\/es\/pasteleria-barcelona\/rosa-del-desierto\/\"]}]},{\"@type\":\"ImageObject\",\"inLanguage\":\"es\",\"@id\":\"https:\/\/baixas.es\/es\/pasteleria-barcelona\/rosa-del-desierto\/#primaryimage\",\"url\":\"https:\/\/baixas.es\/wp-content\/uploads\/2023\/09\/BAIXAS-Rosa-Grande.jpg\",\"contentUrl\":\"https:\/\/baixas.es\/wp-content\/uploads\/2023\/09\/BAIXAS-Rosa-Grande.jpg\",\"width\":2000,\"height\":2000,\"caption\":\"BAIXAS Rosa Grande\"},{\"@type\":\"BreadcrumbList\",\"@id\":\"https:\/\/baixas.es\/es\/pasteleria-barcelona\/rosa-del-desierto\/#breadcrumb\",\"itemListElement\":[{\"@type\":\"ListItem\",\"position\":1,\"name\":\"Inici\",\"item\":\"https:\/\/baixas.es\/es\/\"},{\"@type\":\"ListItem\",\"position\":2,\"name\":\"Tienda\",\"item\":\"https:\/\/baixas.es\/es\/tienda\/\"},{\"@type\":\"ListItem\",\"position\":3,\"name\":\"Rosa del desierto\"}]},{\"@type\":\"WebSite\",\"@id\":\"https:\/\/baixas.es\/es\/#website\",\"url\":\"https:\/\/baixas.es\/es\/\",\"name\":\"Pastisseria Baixas\",\"description\":\"La pasteler\u00eda de Barcelona m\u00e1s sostenible con el m\u00ednimo intervencionismo y artificialidad\",\"publisher\":{\"@id\":\"https:\/\/baixas.es\/es\/#organization\"},\"alternateName\":\"Baixas\",\"potentialAction\":[{\"@type\":\"SearchAction\",\"target\":{\"@type\":\"EntryPoint\",\"urlTemplate\":\"https:\/\/baixas.es\/es\/?s={search_term_string}\"},\"query-input\":{\"@type\":\"PropertyValueSpecification\",\"valueRequired\":true,\"valueName\":\"search_term_string\"}}],\"inLanguage\":\"es\"},{\"@type\":\"Organization\",\"@id\":\"https:\/\/baixas.es\/es\/#organization\",\"name\":\"Pastisseria Baixas\",\"alternateName\":\"Baixas\",\"url\":\"https:\/\/baixas.es\/es\/\",\"logo\":{\"@type\":\"ImageObject\",\"inLanguage\":\"es\",\"@id\":\"https:\/\/baixas.es\/es\/#\/schema\/logo\/image\/\",\"url\":\"https:\/\/baixas.es\/wp-content\/uploads\/2023\/03\/logo.svg\",\"contentUrl\":\"https:\/\/baixas.es\/wp-content\/uploads\/2023\/03\/logo.svg\",\"width\":155,\"height\":41,\"caption\":\"Pastisseria Baixas\"},\"image\":{\"@id\":\"https:\/\/baixas.es\/es\/#\/schema\/logo\/image\/\"},\"sameAs\":[\"https:\/\/www.instagram.com\/baixasbarcelona\/\",\"https:\/\/www.linkedin.com\/company\/baixas-barcelona\/\"]}]}<\/script>\n<!-- \/ Yoast SEO plugin. -->","yoast_head_json":{"title":"Rosa del desierto &#8211; Pastisseria Baixas","description":"La Rosa del desierto es un cl\u00e1sico Baixas , la pasteler\u00eda de Barcelona. Es muy refrescante y est\u00e1 reinterpretado con una est\u00e9tica contempor\u00e1nea y sofisticada.","robots":{"index":"index","follow":"follow","max-snippet":"max-snippet:-1","max-image-preview":"max-image-preview:large","max-video-preview":"max-video-preview:-1"},"canonical":"https:\/\/baixas.es\/es\/pasteleria-barcelona\/rosa-del-desierto\/","og_locale":"es_ES","og_type":"article","og_title":"Rosa del desierto &#8211; Pastisseria Baixas","og_description":"La Rosa del desierto es un cl\u00e1sico Baixas , la pasteler\u00eda de Barcelona. Es muy refrescante y est\u00e1 reinterpretado con una est\u00e9tica contempor\u00e1nea y sofisticada.","og_url":"https:\/\/baixas.es\/es\/pasteleria-barcelona\/rosa-del-desierto\/","og_site_name":"Pastisseria Baixas","og_image":[{"width":2000,"height":2000,"url":"https:\/\/baixas.es\/wp-content\/uploads\/2023\/09\/BAIXAS-Rosa-Grande.jpg","type":"image\/jpeg"}],"twitter_card":"summary_large_image","twitter_misc":{"Tiempo de lectura":"1 minuto"},"schema":{"@context":"https:\/\/schema.org","@graph":[{"@type":"WebPage","@id":"https:\/\/baixas.es\/es\/pasteleria-barcelona\/rosa-del-desierto\/","url":"https:\/\/baixas.es\/es\/pasteleria-barcelona\/rosa-del-desierto\/","name":"Rosa del desierto &#8211; Pastisseria Baixas","isPartOf":{"@id":"https:\/\/baixas.es\/es\/#website"},"primaryImageOfPage":{"@id":"https:\/\/baixas.es\/es\/pasteleria-barcelona\/rosa-del-desierto\/#primaryimage"},"image":{"@id":"https:\/\/baixas.es\/es\/pasteleria-barcelona\/rosa-del-desierto\/#primaryimage"},"thumbnailUrl":"https:\/\/baixas.es\/wp-content\/uploads\/2023\/09\/BAIXAS-Rosa-Grande.jpg","datePublished":"2023-09-12T06:35:44+00:00","description":"La Rosa del desierto es un cl\u00e1sico Baixas , la pasteler\u00eda de Barcelona. Es muy refrescante y est\u00e1 reinterpretado con una est\u00e9tica contempor\u00e1nea y sofisticada.","breadcrumb":{"@id":"https:\/\/baixas.es\/es\/pasteleria-barcelona\/rosa-del-desierto\/#breadcrumb"},"inLanguage":"es","potentialAction":[{"@type":"ReadAction","target":["https:\/\/baixas.es\/es\/pasteleria-barcelona\/rosa-del-desierto\/"]}]},{"@type":"ImageObject","inLanguage":"es","@id":"https:\/\/baixas.es\/es\/pasteleria-barcelona\/rosa-del-desierto\/#primaryimage","url":"https:\/\/baixas.es\/wp-content\/uploads\/2023\/09\/BAIXAS-Rosa-Grande.jpg","contentUrl":"https:\/\/baixas.es\/wp-content\/uploads\/2023\/09\/BAIXAS-Rosa-Grande.jpg","width":2000,"height":2000,"caption":"BAIXAS Rosa Grande"},{"@type":"BreadcrumbList","@id":"https:\/\/baixas.es\/es\/pasteleria-barcelona\/rosa-del-desierto\/#breadcrumb","itemListElement":[{"@type":"ListItem","position":1,"name":"Inici","item":"https:\/\/baixas.es\/es\/"},{"@type":"ListItem","position":2,"name":"Tienda","item":"https:\/\/baixas.es\/es\/tienda\/"},{"@type":"ListItem","position":3,"name":"Rosa del desierto"}]},{"@type":"WebSite","@id":"https:\/\/baixas.es\/es\/#website","url":"https:\/\/baixas.es\/es\/","name":"Pastisseria Baixas","description":"La pasteler\u00eda de Barcelona m\u00e1s sostenible con el m\u00ednimo intervencionismo y artificialidad","publisher":{"@id":"https:\/\/baixas.es\/es\/#organization"},"alternateName":"Baixas","potentialAction":[{"@type":"SearchAction","target":{"@type":"EntryPoint","urlTemplate":"https:\/\/baixas.es\/es\/?s={search_term_string}"},"query-input":{"@type":"PropertyValueSpecification","valueRequired":true,"valueName":"search_term_string"}}],"inLanguage":"es"},{"@type":"Organization","@id":"https:\/\/baixas.es\/es\/#organization","name":"Pastisseria Baixas","alternateName":"Baixas","url":"https:\/\/baixas.es\/es\/","logo":{"@type":"ImageObject","inLanguage":"es","@id":"https:\/\/baixas.es\/es\/#\/schema\/logo\/image\/","url":"https:\/\/baixas.es\/wp-content\/uploads\/2023\/03\/logo.svg","contentUrl":"https:\/\/baixas.es\/wp-content\/uploads\/2023\/03\/logo.svg","width":155,"height":41,"caption":"Pastisseria Baixas"},"image":{"@id":"https:\/\/baixas.es\/es\/#\/schema\/logo\/image\/"},"sameAs":["https:\/\/www.instagram.com\/baixasbarcelona\/","https:\/\/www.linkedin.com\/company\/baixas-barcelona\/"]}]}},"_links":{"self":[{"href":"https:\/\/baixas.es\/es\/wp-json\/wp\/v2\/product\/6928","targetHints":{"allow":["GET"]}}],"collection":[{"href":"https:\/\/baixas.es\/es\/wp-json\/wp\/v2\/product"}],"about":[{"href":"https:\/\/baixas.es\/es\/wp-json\/wp\/v2\/types\/product"}],"wp:featuredmedia":[{"embeddable":true,"href":"https:\/\/baixas.es\/es\/wp-json\/wp\/v2\/media\/2066"}],"wp:attachment":[{"href":"https:\/\/baixas.es\/es\/wp-json\/wp\/v2\/media?parent=6928"}],"wp:term":[{"taxonomy":"product_brand","embeddable":true,"href":"https:\/\/baixas.es\/es\/wp-json\/wp\/v2\/product_brand?post=6928"},{"taxonomy":"product_cat","embeddable":true,"href":"https:\/\/baixas.es\/es\/wp-json\/wp\/v2\/product_cat?post=6928"},{"taxonomy":"product_tag","embeddable":true,"href":"https:\/\/baixas.es\/es\/wp-json\/wp\/v2\/product_tag?post=6928"}],"curies":[{"name":"wp","href":"https:\/\/api.w.org\/{rel}","templated":true}]}}