{"id":6908,"date":"2023-11-15T22:35:33","date_gmt":"2023-11-15T22:35:33","guid":{"rendered":"https:\/\/baixas.es\/sin%20categor\u00eda\/turron-crujiente-con-neula-420gr-aprox\/"},"modified":"2025-11-19T23:04:20","modified_gmt":"2025-11-19T23:04:20","slug":"turron-crujiente-con-neula-420gr","status":"publish","type":"product","link":"https:\/\/baixas.es\/es\/nadal-a-baixas-es\/turron-crujiente-con-neula-420gr\/","title":{"rendered":"Turr\u00f3n crujiente con Neula (420gr)"},"content":{"rendered":"","protected":false},"excerpt":{"rendered":"<div class=\"page\" title=\"Page 1\">\n<div class=\"section\">\n<div class=\"layoutArea\">\n<div class=\"column\">\n<p>AL\u00c9RGENOS: Gluten, lactosa, huevo, trazas de soja y frutos secos.<\/p>\n<\/div>\n<\/div>\n<\/div>\n<\/div>\n","protected":false},"featured_media":5061,"template":"","meta":{"_acf_changed":false,"inline_featured_image":false},"product_brand":[],"product_cat":[243],"product_tag":[],"class_list":{"0":"post-6908","1":"product","2":"type-product","3":"status-publish","4":"has-post-thumbnail","6":"product_cat-nadal-a-baixas-es","8":"first","9":"outofstock","10":"shipping-taxable","11":"purchasable","12":"product-type-simple"},"acf":[],"yoast_head":"<!-- This site is optimized with the Yoast SEO plugin v27.2 - https:\/\/yoast.com\/product\/yoast-seo-wordpress\/ -->\n<title>Turr\u00f3n crujiente con Neula (420gr) &#8211; Pastisseria Baixas<\/title>\n<meta name=\"robots\" content=\"index, follow, max-snippet:-1, max-image-preview:large, max-video-preview:-1\" \/>\n<link rel=\"canonical\" href=\"https:\/\/baixas.es\/es\/nadal-a-baixas-es\/turron-crujiente-con-neula-420gr\/\" \/>\n<meta property=\"og:locale\" content=\"es_ES\" \/>\n<meta property=\"og:type\" content=\"article\" \/>\n<meta property=\"og:title\" content=\"Turr\u00f3n crujiente con Neula (420gr) &#8211; Pastisseria Baixas\" \/>\n<meta property=\"og:description\" content=\"AL\u00c9RGENOS: Gluten, lactosa, huevo, trazas de soja y frutos secos.\" \/>\n<meta property=\"og:url\" content=\"https:\/\/baixas.es\/es\/nadal-a-baixas-es\/turron-crujiente-con-neula-420gr\/\" \/>\n<meta property=\"og:site_name\" content=\"Pastisseria Baixas\" \/>\n<meta property=\"article:modified_time\" content=\"2025-11-19T23:04:20+00:00\" \/>\n<meta property=\"og:image\" content=\"https:\/\/baixas.es\/wp-content\/uploads\/2023\/11\/Turro-de-neules-gran-Retouched.jpg\" \/>\n\t<meta property=\"og:image:width\" content=\"2000\" \/>\n\t<meta property=\"og:image:height\" content=\"2000\" \/>\n\t<meta property=\"og:image:type\" content=\"image\/jpeg\" \/>\n<meta name=\"twitter:card\" content=\"summary_large_image\" \/>\n<meta name=\"twitter:label1\" content=\"Tiempo de lectura\" \/>\n\t<meta name=\"twitter:data1\" content=\"1 minuto\" \/>\n<script type=\"application\/ld+json\" class=\"yoast-schema-graph\">{\"@context\":\"https:\/\/schema.org\",\"@graph\":[{\"@type\":\"WebPage\",\"@id\":\"https:\/\/baixas.es\/es\/nadal-a-baixas-es\/turron-crujiente-con-neula-420gr\/\",\"url\":\"https:\/\/baixas.es\/es\/nadal-a-baixas-es\/turron-crujiente-con-neula-420gr\/\",\"name\":\"Turr\u00f3n crujiente con Neula (420gr) &#8211; Pastisseria Baixas\",\"isPartOf\":{\"@id\":\"https:\/\/baixas.es\/es\/#website\"},\"primaryImageOfPage\":{\"@id\":\"https:\/\/baixas.es\/es\/nadal-a-baixas-es\/turron-crujiente-con-neula-420gr\/#primaryimage\"},\"image\":{\"@id\":\"https:\/\/baixas.es\/es\/nadal-a-baixas-es\/turron-crujiente-con-neula-420gr\/#primaryimage\"},\"thumbnailUrl\":\"https:\/\/baixas.es\/wp-content\/uploads\/2023\/11\/Turro-de-neules-gran-Retouched.jpg\",\"datePublished\":\"2023-11-15T22:35:33+00:00\",\"dateModified\":\"2025-11-19T23:04:20+00:00\",\"breadcrumb\":{\"@id\":\"https:\/\/baixas.es\/es\/nadal-a-baixas-es\/turron-crujiente-con-neula-420gr\/#breadcrumb\"},\"inLanguage\":\"es\",\"potentialAction\":[{\"@type\":\"ReadAction\",\"target\":[\"https:\/\/baixas.es\/es\/nadal-a-baixas-es\/turron-crujiente-con-neula-420gr\/\"]}]},{\"@type\":\"ImageObject\",\"inLanguage\":\"es\",\"@id\":\"https:\/\/baixas.es\/es\/nadal-a-baixas-es\/turron-crujiente-con-neula-420gr\/#primaryimage\",\"url\":\"https:\/\/baixas.es\/wp-content\/uploads\/2023\/11\/Turro-de-neules-gran-Retouched.jpg\",\"contentUrl\":\"https:\/\/baixas.es\/wp-content\/uploads\/2023\/11\/Turro-de-neules-gran-Retouched.jpg\",\"width\":2000,\"height\":2000,\"caption\":\"Turr\u00f3 de neules gran Retouched\"},{\"@type\":\"BreadcrumbList\",\"@id\":\"https:\/\/baixas.es\/es\/nadal-a-baixas-es\/turron-crujiente-con-neula-420gr\/#breadcrumb\",\"itemListElement\":[{\"@type\":\"ListItem\",\"position\":1,\"name\":\"Inici\",\"item\":\"https:\/\/baixas.es\/es\/\"},{\"@type\":\"ListItem\",\"position\":2,\"name\":\"Tienda\",\"item\":\"https:\/\/baixas.es\/es\/tienda\/\"},{\"@type\":\"ListItem\",\"position\":3,\"name\":\"Turr\u00f3n crujiente con Neula (420gr)\"}]},{\"@type\":\"WebSite\",\"@id\":\"https:\/\/baixas.es\/es\/#website\",\"url\":\"https:\/\/baixas.es\/es\/\",\"name\":\"Pastisseria Baixas\",\"description\":\"La pasteler\u00eda de Barcelona m\u00e1s sostenible con el m\u00ednimo intervencionismo y artificialidad\",\"publisher\":{\"@id\":\"https:\/\/baixas.es\/es\/#organization\"},\"alternateName\":\"Baixas\",\"potentialAction\":[{\"@type\":\"SearchAction\",\"target\":{\"@type\":\"EntryPoint\",\"urlTemplate\":\"https:\/\/baixas.es\/es\/?s={search_term_string}\"},\"query-input\":{\"@type\":\"PropertyValueSpecification\",\"valueRequired\":true,\"valueName\":\"search_term_string\"}}],\"inLanguage\":\"es\"},{\"@type\":\"Organization\",\"@id\":\"https:\/\/baixas.es\/es\/#organization\",\"name\":\"Pastisseria Baixas\",\"alternateName\":\"Baixas\",\"url\":\"https:\/\/baixas.es\/es\/\",\"logo\":{\"@type\":\"ImageObject\",\"inLanguage\":\"es\",\"@id\":\"https:\/\/baixas.es\/es\/#\/schema\/logo\/image\/\",\"url\":\"https:\/\/baixas.es\/wp-content\/uploads\/2023\/03\/logo.svg\",\"contentUrl\":\"https:\/\/baixas.es\/wp-content\/uploads\/2023\/03\/logo.svg\",\"width\":155,\"height\":41,\"caption\":\"Pastisseria Baixas\"},\"image\":{\"@id\":\"https:\/\/baixas.es\/es\/#\/schema\/logo\/image\/\"},\"sameAs\":[\"https:\/\/www.instagram.com\/baixasbarcelona\/\",\"https:\/\/www.linkedin.com\/company\/baixas-barcelona\/\"]}]}<\/script>\n<!-- \/ Yoast SEO plugin. -->","yoast_head_json":{"title":"Turr\u00f3n crujiente con Neula (420gr) &#8211; Pastisseria Baixas","robots":{"index":"index","follow":"follow","max-snippet":"max-snippet:-1","max-image-preview":"max-image-preview:large","max-video-preview":"max-video-preview:-1"},"canonical":"https:\/\/baixas.es\/es\/nadal-a-baixas-es\/turron-crujiente-con-neula-420gr\/","og_locale":"es_ES","og_type":"article","og_title":"Turr\u00f3n crujiente con Neula (420gr) &#8211; Pastisseria Baixas","og_description":"AL\u00c9RGENOS: Gluten, lactosa, huevo, trazas de soja y frutos secos.","og_url":"https:\/\/baixas.es\/es\/nadal-a-baixas-es\/turron-crujiente-con-neula-420gr\/","og_site_name":"Pastisseria Baixas","article_modified_time":"2025-11-19T23:04:20+00:00","og_image":[{"width":2000,"height":2000,"url":"https:\/\/baixas.es\/wp-content\/uploads\/2023\/11\/Turro-de-neules-gran-Retouched.jpg","type":"image\/jpeg"}],"twitter_card":"summary_large_image","twitter_misc":{"Tiempo de lectura":"1 minuto"},"schema":{"@context":"https:\/\/schema.org","@graph":[{"@type":"WebPage","@id":"https:\/\/baixas.es\/es\/nadal-a-baixas-es\/turron-crujiente-con-neula-420gr\/","url":"https:\/\/baixas.es\/es\/nadal-a-baixas-es\/turron-crujiente-con-neula-420gr\/","name":"Turr\u00f3n crujiente con Neula (420gr) &#8211; Pastisseria Baixas","isPartOf":{"@id":"https:\/\/baixas.es\/es\/#website"},"primaryImageOfPage":{"@id":"https:\/\/baixas.es\/es\/nadal-a-baixas-es\/turron-crujiente-con-neula-420gr\/#primaryimage"},"image":{"@id":"https:\/\/baixas.es\/es\/nadal-a-baixas-es\/turron-crujiente-con-neula-420gr\/#primaryimage"},"thumbnailUrl":"https:\/\/baixas.es\/wp-content\/uploads\/2023\/11\/Turro-de-neules-gran-Retouched.jpg","datePublished":"2023-11-15T22:35:33+00:00","dateModified":"2025-11-19T23:04:20+00:00","breadcrumb":{"@id":"https:\/\/baixas.es\/es\/nadal-a-baixas-es\/turron-crujiente-con-neula-420gr\/#breadcrumb"},"inLanguage":"es","potentialAction":[{"@type":"ReadAction","target":["https:\/\/baixas.es\/es\/nadal-a-baixas-es\/turron-crujiente-con-neula-420gr\/"]}]},{"@type":"ImageObject","inLanguage":"es","@id":"https:\/\/baixas.es\/es\/nadal-a-baixas-es\/turron-crujiente-con-neula-420gr\/#primaryimage","url":"https:\/\/baixas.es\/wp-content\/uploads\/2023\/11\/Turro-de-neules-gran-Retouched.jpg","contentUrl":"https:\/\/baixas.es\/wp-content\/uploads\/2023\/11\/Turro-de-neules-gran-Retouched.jpg","width":2000,"height":2000,"caption":"Turr\u00f3 de neules gran Retouched"},{"@type":"BreadcrumbList","@id":"https:\/\/baixas.es\/es\/nadal-a-baixas-es\/turron-crujiente-con-neula-420gr\/#breadcrumb","itemListElement":[{"@type":"ListItem","position":1,"name":"Inici","item":"https:\/\/baixas.es\/es\/"},{"@type":"ListItem","position":2,"name":"Tienda","item":"https:\/\/baixas.es\/es\/tienda\/"},{"@type":"ListItem","position":3,"name":"Turr\u00f3n crujiente con Neula (420gr)"}]},{"@type":"WebSite","@id":"https:\/\/baixas.es\/es\/#website","url":"https:\/\/baixas.es\/es\/","name":"Pastisseria Baixas","description":"La pasteler\u00eda de Barcelona m\u00e1s sostenible con el m\u00ednimo intervencionismo y artificialidad","publisher":{"@id":"https:\/\/baixas.es\/es\/#organization"},"alternateName":"Baixas","potentialAction":[{"@type":"SearchAction","target":{"@type":"EntryPoint","urlTemplate":"https:\/\/baixas.es\/es\/?s={search_term_string}"},"query-input":{"@type":"PropertyValueSpecification","valueRequired":true,"valueName":"search_term_string"}}],"inLanguage":"es"},{"@type":"Organization","@id":"https:\/\/baixas.es\/es\/#organization","name":"Pastisseria Baixas","alternateName":"Baixas","url":"https:\/\/baixas.es\/es\/","logo":{"@type":"ImageObject","inLanguage":"es","@id":"https:\/\/baixas.es\/es\/#\/schema\/logo\/image\/","url":"https:\/\/baixas.es\/wp-content\/uploads\/2023\/03\/logo.svg","contentUrl":"https:\/\/baixas.es\/wp-content\/uploads\/2023\/03\/logo.svg","width":155,"height":41,"caption":"Pastisseria Baixas"},"image":{"@id":"https:\/\/baixas.es\/es\/#\/schema\/logo\/image\/"},"sameAs":["https:\/\/www.instagram.com\/baixasbarcelona\/","https:\/\/www.linkedin.com\/company\/baixas-barcelona\/"]}]}},"_links":{"self":[{"href":"https:\/\/baixas.es\/es\/wp-json\/wp\/v2\/product\/6908","targetHints":{"allow":["GET"]}}],"collection":[{"href":"https:\/\/baixas.es\/es\/wp-json\/wp\/v2\/product"}],"about":[{"href":"https:\/\/baixas.es\/es\/wp-json\/wp\/v2\/types\/product"}],"wp:featuredmedia":[{"embeddable":true,"href":"https:\/\/baixas.es\/es\/wp-json\/wp\/v2\/media\/5061"}],"wp:attachment":[{"href":"https:\/\/baixas.es\/es\/wp-json\/wp\/v2\/media?parent=6908"}],"wp:term":[{"taxonomy":"product_brand","embeddable":true,"href":"https:\/\/baixas.es\/es\/wp-json\/wp\/v2\/product_brand?post=6908"},{"taxonomy":"product_cat","embeddable":true,"href":"https:\/\/baixas.es\/es\/wp-json\/wp\/v2\/product_cat?post=6908"},{"taxonomy":"product_tag","embeddable":true,"href":"https:\/\/baixas.es\/es\/wp-json\/wp\/v2\/product_tag?post=6908"}],"curies":[{"name":"wp","href":"https:\/\/api.w.org\/{rel}","templated":true}]}}