{"id":6398,"date":"2023-04-21T21:27:05","date_gmt":"2023-04-21T21:27:05","guid":{"rendered":"https:\/\/baixas.es\/sin categor\u00eda\/macaron-de-nata-y-frambuesas\/"},"modified":"2023-04-21T21:27:05","modified_gmt":"2023-04-21T21:27:05","slug":"macaron-de-nata-y-frambuesas","status":"publish","type":"product","link":"https:\/\/baixas.es\/es\/sin-categoria-2\/macaron-de-nata-y-frambuesas\/","title":{"rendered":"Macar\u00f3n de nata y frambuesas"},"content":{"rendered":"<p>El macar\u00f3n de nata y frambuesas es un dulce, generalmente individual, originario de la pasteler\u00eda francesa; la base y la \u201cgorra\u201d est\u00e1n hechos de una masa de merengue y almendra. El interior es de chocolate blanco y nata combinada con frambuesas naturales. Una experiencia exquisita.  <\/p>\n<p>En primer lugar, tamizamos la almendra y el az\u00facar. Paralelamente, vamos preparando el merengue. Cuando alcanzamos la deseada estabilidad y el fascinante perlado, el merengue est\u00e1 listo. En ese momento, a\u00f1adiremos la mezcla tamizada, mezcl\u00e1ndola con una lengua pastelera. Es muy importante no perder el aire del merengue, as\u00ed la masa ser\u00e1 100 % extensible y mantendr\u00e1 su estructura. La masa estar\u00e1 lista. Por tanto, la podremos trabajar con una manga pastelera sin problema. Daremos la forma correspondiente al macar\u00f3n y hornearemos.       <\/p>\n<p>El relleno del macar\u00f3n se compone de nata y chocolate blanco batido, hasta obtener una textura ligera y sedosa. Las frambuesas aportar\u00e1n una nota de frescor y color, y har\u00e1n del conjunto una propuesta de lo m\u00e1s atractiva. <\/p>\n<p>El macar\u00f3n de nata y frambuesas es una receta tradicional y al mismo tiempo innovadora. Hecho y acabado en Baixas, 100 % artesanal. Pensado para todos los p\u00fablicos, especialmente para los m\u00e1s peque\u00f1os. Nuestro macar\u00f3n no te dejar\u00e1 indiferente.   <\/p>\n<p>A disfrutarlo en Baixas, la <a href=\"https:\/\/baixas.es\/es\/pasteleria\/\">pasteler\u00eda de Barcelona<\/a> que no te dejar\u00e1 indiferente. \u00a1Que aproveche! <\/p>\n","protected":false},"excerpt":{"rendered":"<p>Masa de macar\u00f3n con nata y chocolate blanco y frambuesas al natural.<\/p>\n<p>AL\u00c9RGENOS: Gluten, lactosa, huevo, trazas de soja y frutos secos.<\/p>\n","protected":false},"featured_media":244,"template":"","meta":{"_acf_changed":false,"inline_featured_image":false},"product_brand":[],"product_cat":[207],"product_tag":[],"class_list":{"0":"post-6398","1":"product","2":"type-product","3":"status-publish","4":"has-post-thumbnail","6":"product_cat-sin-categoria-2","8":"first","9":"outofstock","10":"product-type-simple"},"acf":[],"yoast_head":"<!-- This site is optimized with the Yoast SEO plugin v27.2 - https:\/\/yoast.com\/product\/yoast-seo-wordpress\/ -->\n<title>Macar\u00f3n de nata y frambuesas &#8211; Pastisseria Baixas<\/title>\n<meta name=\"description\" content=\"Macar\u00f3n de nata y frambuesas individual hecho con merengue y almendra, relleno de nata, chocolate blanco y frambuesas naturales.\" \/>\n<meta name=\"robots\" content=\"index, follow, max-snippet:-1, max-image-preview:large, max-video-preview:-1\" \/>\n<link rel=\"canonical\" href=\"https:\/\/baixas.es\/es\/sin-categoria-2\/macaron-de-nata-y-frambuesas\/\" \/>\n<meta property=\"og:locale\" content=\"es_ES\" \/>\n<meta property=\"og:type\" content=\"article\" \/>\n<meta property=\"og:title\" content=\"Macar\u00f3n de nata y frambuesas &#8211; Pastisseria Baixas\" \/>\n<meta property=\"og:description\" content=\"Macar\u00f3n de nata y frambuesas individual hecho con merengue y almendra, relleno de nata, chocolate blanco y frambuesas naturales.\" \/>\n<meta property=\"og:url\" content=\"https:\/\/baixas.es\/es\/sin-categoria-2\/macaron-de-nata-y-frambuesas\/\" \/>\n<meta property=\"og:site_name\" content=\"Pastisseria Baixas\" \/>\n<meta property=\"og:image\" content=\"https:\/\/baixas.es\/wp-content\/uploads\/2023\/04\/macaro-de-nata-i-gerds-pastisseria-baixas.jpg\" \/>\n\t<meta property=\"og:image:width\" content=\"2000\" \/>\n\t<meta property=\"og:image:height\" content=\"2000\" \/>\n\t<meta property=\"og:image:type\" content=\"image\/jpeg\" \/>\n<meta name=\"twitter:card\" content=\"summary_large_image\" \/>\n<meta name=\"twitter:label1\" content=\"Tiempo de lectura\" \/>\n\t<meta name=\"twitter:data1\" content=\"1 minuto\" \/>\n<script type=\"application\/ld+json\" class=\"yoast-schema-graph\">{\"@context\":\"https:\/\/schema.org\",\"@graph\":[{\"@type\":\"WebPage\",\"@id\":\"https:\/\/baixas.es\/es\/sin-categoria-2\/macaron-de-nata-y-frambuesas\/\",\"url\":\"https:\/\/baixas.es\/es\/sin-categoria-2\/macaron-de-nata-y-frambuesas\/\",\"name\":\"Macar\u00f3n de nata y frambuesas &#8211; Pastisseria Baixas\",\"isPartOf\":{\"@id\":\"https:\/\/baixas.es\/es\/#website\"},\"primaryImageOfPage\":{\"@id\":\"https:\/\/baixas.es\/es\/sin-categoria-2\/macaron-de-nata-y-frambuesas\/#primaryimage\"},\"image\":{\"@id\":\"https:\/\/baixas.es\/es\/sin-categoria-2\/macaron-de-nata-y-frambuesas\/#primaryimage\"},\"thumbnailUrl\":\"https:\/\/baixas.es\/wp-content\/uploads\/2023\/04\/macaro-de-nata-i-gerds-pastisseria-baixas.jpg\",\"datePublished\":\"2023-04-21T21:27:05+00:00\",\"description\":\"Macar\u00f3n de nata y frambuesas individual hecho con merengue y almendra, relleno de nata, chocolate blanco y frambuesas naturales.\",\"breadcrumb\":{\"@id\":\"https:\/\/baixas.es\/es\/sin-categoria-2\/macaron-de-nata-y-frambuesas\/#breadcrumb\"},\"inLanguage\":\"es\",\"potentialAction\":[{\"@type\":\"ReadAction\",\"target\":[\"https:\/\/baixas.es\/es\/sin-categoria-2\/macaron-de-nata-y-frambuesas\/\"]}]},{\"@type\":\"ImageObject\",\"inLanguage\":\"es\",\"@id\":\"https:\/\/baixas.es\/es\/sin-categoria-2\/macaron-de-nata-y-frambuesas\/#primaryimage\",\"url\":\"https:\/\/baixas.es\/wp-content\/uploads\/2023\/04\/macaro-de-nata-i-gerds-pastisseria-baixas.jpg\",\"contentUrl\":\"https:\/\/baixas.es\/wp-content\/uploads\/2023\/04\/macaro-de-nata-i-gerds-pastisseria-baixas.jpg\",\"width\":2000,\"height\":2000,\"caption\":\"macaro-de-nata-i-gerds-pastisseria-baixas\"},{\"@type\":\"BreadcrumbList\",\"@id\":\"https:\/\/baixas.es\/es\/sin-categoria-2\/macaron-de-nata-y-frambuesas\/#breadcrumb\",\"itemListElement\":[{\"@type\":\"ListItem\",\"position\":1,\"name\":\"Inici\",\"item\":\"https:\/\/baixas.es\/es\/\"},{\"@type\":\"ListItem\",\"position\":2,\"name\":\"Tienda\",\"item\":\"https:\/\/baixas.es\/es\/tienda\/\"},{\"@type\":\"ListItem\",\"position\":3,\"name\":\"Macar\u00f3n de nata y frambuesas\"}]},{\"@type\":\"WebSite\",\"@id\":\"https:\/\/baixas.es\/es\/#website\",\"url\":\"https:\/\/baixas.es\/es\/\",\"name\":\"Pastisseria Baixas\",\"description\":\"La pasteler\u00eda de Barcelona m\u00e1s sostenible con el m\u00ednimo intervencionismo y artificialidad\",\"publisher\":{\"@id\":\"https:\/\/baixas.es\/es\/#organization\"},\"alternateName\":\"Baixas\",\"potentialAction\":[{\"@type\":\"SearchAction\",\"target\":{\"@type\":\"EntryPoint\",\"urlTemplate\":\"https:\/\/baixas.es\/es\/?s={search_term_string}\"},\"query-input\":{\"@type\":\"PropertyValueSpecification\",\"valueRequired\":true,\"valueName\":\"search_term_string\"}}],\"inLanguage\":\"es\"},{\"@type\":\"Organization\",\"@id\":\"https:\/\/baixas.es\/es\/#organization\",\"name\":\"Pastisseria Baixas\",\"alternateName\":\"Baixas\",\"url\":\"https:\/\/baixas.es\/es\/\",\"logo\":{\"@type\":\"ImageObject\",\"inLanguage\":\"es\",\"@id\":\"https:\/\/baixas.es\/es\/#\/schema\/logo\/image\/\",\"url\":\"https:\/\/baixas.es\/wp-content\/uploads\/2023\/03\/logo.svg\",\"contentUrl\":\"https:\/\/baixas.es\/wp-content\/uploads\/2023\/03\/logo.svg\",\"width\":155,\"height\":41,\"caption\":\"Pastisseria Baixas\"},\"image\":{\"@id\":\"https:\/\/baixas.es\/es\/#\/schema\/logo\/image\/\"},\"sameAs\":[\"https:\/\/www.instagram.com\/baixasbarcelona\/\",\"https:\/\/www.linkedin.com\/company\/baixas-barcelona\/\"]}]}<\/script>\n<!-- \/ Yoast SEO plugin. -->","yoast_head_json":{"title":"Macar\u00f3n de nata y frambuesas &#8211; Pastisseria Baixas","description":"Macar\u00f3n de nata y frambuesas individual hecho con merengue y almendra, relleno de nata, chocolate blanco y frambuesas naturales.","robots":{"index":"index","follow":"follow","max-snippet":"max-snippet:-1","max-image-preview":"max-image-preview:large","max-video-preview":"max-video-preview:-1"},"canonical":"https:\/\/baixas.es\/es\/sin-categoria-2\/macaron-de-nata-y-frambuesas\/","og_locale":"es_ES","og_type":"article","og_title":"Macar\u00f3n de nata y frambuesas &#8211; Pastisseria Baixas","og_description":"Macar\u00f3n de nata y frambuesas individual hecho con merengue y almendra, relleno de nata, chocolate blanco y frambuesas naturales.","og_url":"https:\/\/baixas.es\/es\/sin-categoria-2\/macaron-de-nata-y-frambuesas\/","og_site_name":"Pastisseria Baixas","og_image":[{"width":2000,"height":2000,"url":"https:\/\/baixas.es\/wp-content\/uploads\/2023\/04\/macaro-de-nata-i-gerds-pastisseria-baixas.jpg","type":"image\/jpeg"}],"twitter_card":"summary_large_image","twitter_misc":{"Tiempo de lectura":"1 minuto"},"schema":{"@context":"https:\/\/schema.org","@graph":[{"@type":"WebPage","@id":"https:\/\/baixas.es\/es\/sin-categoria-2\/macaron-de-nata-y-frambuesas\/","url":"https:\/\/baixas.es\/es\/sin-categoria-2\/macaron-de-nata-y-frambuesas\/","name":"Macar\u00f3n de nata y frambuesas &#8211; Pastisseria Baixas","isPartOf":{"@id":"https:\/\/baixas.es\/es\/#website"},"primaryImageOfPage":{"@id":"https:\/\/baixas.es\/es\/sin-categoria-2\/macaron-de-nata-y-frambuesas\/#primaryimage"},"image":{"@id":"https:\/\/baixas.es\/es\/sin-categoria-2\/macaron-de-nata-y-frambuesas\/#primaryimage"},"thumbnailUrl":"https:\/\/baixas.es\/wp-content\/uploads\/2023\/04\/macaro-de-nata-i-gerds-pastisseria-baixas.jpg","datePublished":"2023-04-21T21:27:05+00:00","description":"Macar\u00f3n de nata y frambuesas individual hecho con merengue y almendra, relleno de nata, chocolate blanco y frambuesas naturales.","breadcrumb":{"@id":"https:\/\/baixas.es\/es\/sin-categoria-2\/macaron-de-nata-y-frambuesas\/#breadcrumb"},"inLanguage":"es","potentialAction":[{"@type":"ReadAction","target":["https:\/\/baixas.es\/es\/sin-categoria-2\/macaron-de-nata-y-frambuesas\/"]}]},{"@type":"ImageObject","inLanguage":"es","@id":"https:\/\/baixas.es\/es\/sin-categoria-2\/macaron-de-nata-y-frambuesas\/#primaryimage","url":"https:\/\/baixas.es\/wp-content\/uploads\/2023\/04\/macaro-de-nata-i-gerds-pastisseria-baixas.jpg","contentUrl":"https:\/\/baixas.es\/wp-content\/uploads\/2023\/04\/macaro-de-nata-i-gerds-pastisseria-baixas.jpg","width":2000,"height":2000,"caption":"macaro-de-nata-i-gerds-pastisseria-baixas"},{"@type":"BreadcrumbList","@id":"https:\/\/baixas.es\/es\/sin-categoria-2\/macaron-de-nata-y-frambuesas\/#breadcrumb","itemListElement":[{"@type":"ListItem","position":1,"name":"Inici","item":"https:\/\/baixas.es\/es\/"},{"@type":"ListItem","position":2,"name":"Tienda","item":"https:\/\/baixas.es\/es\/tienda\/"},{"@type":"ListItem","position":3,"name":"Macar\u00f3n de nata y frambuesas"}]},{"@type":"WebSite","@id":"https:\/\/baixas.es\/es\/#website","url":"https:\/\/baixas.es\/es\/","name":"Pastisseria Baixas","description":"La pasteler\u00eda de Barcelona m\u00e1s sostenible con el m\u00ednimo intervencionismo y artificialidad","publisher":{"@id":"https:\/\/baixas.es\/es\/#organization"},"alternateName":"Baixas","potentialAction":[{"@type":"SearchAction","target":{"@type":"EntryPoint","urlTemplate":"https:\/\/baixas.es\/es\/?s={search_term_string}"},"query-input":{"@type":"PropertyValueSpecification","valueRequired":true,"valueName":"search_term_string"}}],"inLanguage":"es"},{"@type":"Organization","@id":"https:\/\/baixas.es\/es\/#organization","name":"Pastisseria Baixas","alternateName":"Baixas","url":"https:\/\/baixas.es\/es\/","logo":{"@type":"ImageObject","inLanguage":"es","@id":"https:\/\/baixas.es\/es\/#\/schema\/logo\/image\/","url":"https:\/\/baixas.es\/wp-content\/uploads\/2023\/03\/logo.svg","contentUrl":"https:\/\/baixas.es\/wp-content\/uploads\/2023\/03\/logo.svg","width":155,"height":41,"caption":"Pastisseria Baixas"},"image":{"@id":"https:\/\/baixas.es\/es\/#\/schema\/logo\/image\/"},"sameAs":["https:\/\/www.instagram.com\/baixasbarcelona\/","https:\/\/www.linkedin.com\/company\/baixas-barcelona\/"]}]}},"_links":{"self":[{"href":"https:\/\/baixas.es\/es\/wp-json\/wp\/v2\/product\/6398","targetHints":{"allow":["GET"]}}],"collection":[{"href":"https:\/\/baixas.es\/es\/wp-json\/wp\/v2\/product"}],"about":[{"href":"https:\/\/baixas.es\/es\/wp-json\/wp\/v2\/types\/product"}],"wp:featuredmedia":[{"embeddable":true,"href":"https:\/\/baixas.es\/es\/wp-json\/wp\/v2\/media\/244"}],"wp:attachment":[{"href":"https:\/\/baixas.es\/es\/wp-json\/wp\/v2\/media?parent=6398"}],"wp:term":[{"taxonomy":"product_brand","embeddable":true,"href":"https:\/\/baixas.es\/es\/wp-json\/wp\/v2\/product_brand?post=6398"},{"taxonomy":"product_cat","embeddable":true,"href":"https:\/\/baixas.es\/es\/wp-json\/wp\/v2\/product_cat?post=6398"},{"taxonomy":"product_tag","embeddable":true,"href":"https:\/\/baixas.es\/es\/wp-json\/wp\/v2\/product_tag?post=6398"}],"curies":[{"name":"wp","href":"https:\/\/api.w.org\/{rel}","templated":true}]}}