{"id":6389,"date":"2023-04-21T21:27:05","date_gmt":"2023-04-21T21:27:05","guid":{"rendered":"https:\/\/baixas.es\/sin categor\u00eda\/sol-individual\/"},"modified":"2023-04-21T21:27:05","modified_gmt":"2023-04-21T21:27:05","slug":"sol-individual","status":"publish","type":"product","link":"https:\/\/baixas.es\/es\/sin-categoria-2\/sol-individual\/","title":{"rendered":"Sol individual"},"content":{"rendered":"<p>El Sol es un pastel que combina una base de Sabl\u00e9 Bret\u00f3n, un sabay\u00f3n de fruta de la pasi\u00f3n y mango, y una delicada decoraci\u00f3n de merengue seco. Este pastel destaca por su espectacular presentaci\u00f3n y sus sabores tropicales. <\/p>\n<p>La base de Sabl\u00e9 Bret\u00f3n es una masa de mantequilla crujiente elaborada con harina de trigo, mantequilla de la mejor calidad, az\u00facar y una pizca de sal. Esta base aporta una textura rica y mantecosa, lo suficientemente s\u00f3lida para soportar el sabay\u00f3n. <\/p>\n<p>La fruta de la pasi\u00f3n y el mango son las estrellas de esta receta, ahora transformadas en sabay\u00f3n. Primero seleccionamos la mejor fruta y preparamos un pur\u00e9. A\u00f1adimos yemas ecol\u00f3gicas, az\u00facar y calentamos al ba\u00f1o Mar\u00eda mientras removemos hasta obtener la textura adecuada. A continuaci\u00f3n incorporamos chocolate blanco, manteca de cacao y gelatina. El sabay\u00f3n ya est\u00e1 listo.    <\/p>\n<p>Finalmente, cerramos y decoramos con merengue seco para aportar personalidad al pastel. Este merengue, con su textura crujiente y ligera, a\u00f1ade una presentaci\u00f3n elegante y un contraste de texturas muy interesante. <\/p>\n<p>El Sol es toda una experiencia tropical, perfecta para cualquier celebraci\u00f3n en d\u00edas de calor. Es muy puro y refrescante, y conquista incluso a los m\u00e1s peque\u00f1os. Recuerda que lo puedes encontrar en formato grande o individual.  <\/p>\n<p>A disfrutarlo en Baixas,<a href=\"https:\/\/baixas.es\/es\/pasteleria\/\"> la pasteler\u00eda de Barcelona<\/a> que no te dejar\u00e1 indiferente. \u00a1Buen provecho y mucha salud para todos! <\/p>\n","protected":false},"excerpt":{"rendered":"<p>Sabl\u00e9 bret\u00f3n, sabay\u00f3n de fruta de la pasi\u00f3n y mango, y merengue seco.<\/p>\n<p>Al\u00e9rgenos: Gluten, lactosa, huevo, trazas de soja y frutos secos<\/p>\n","protected":false},"featured_media":262,"template":"","meta":{"_acf_changed":false,"inline_featured_image":false},"product_brand":[],"product_cat":[207],"product_tag":[],"class_list":{"0":"post-6389","1":"product","2":"type-product","3":"status-publish","4":"has-post-thumbnail","6":"product_cat-sin-categoria-2","8":"first","9":"outofstock","10":"product-type-simple"},"acf":[],"yoast_head":"<!-- This site is optimized with the Yoast SEO plugin v27.2 - https:\/\/yoast.com\/product\/yoast-seo-wordpress\/ -->\n<title>Sol individual &#8211; Pastisseria Baixas<\/title>\n<meta name=\"description\" content=\"El Sol individual es un pastel que combina una base de Sabl\u00e9 Bret\u00f3n, un sabay\u00f3n de fruta de la pasi\u00f3n y mango, y una delicada decoraci\u00f3n de merengue seco.\" \/>\n<meta name=\"robots\" content=\"index, follow, max-snippet:-1, max-image-preview:large, max-video-preview:-1\" \/>\n<link rel=\"canonical\" href=\"https:\/\/baixas.es\/es\/sin-categoria-2\/sol-individual\/\" \/>\n<meta property=\"og:locale\" content=\"es_ES\" \/>\n<meta property=\"og:type\" content=\"article\" \/>\n<meta property=\"og:title\" content=\"Sol individual &#8211; Pastisseria Baixas\" \/>\n<meta property=\"og:description\" content=\"El Sol individual es un pastel que combina una base de Sabl\u00e9 Bret\u00f3n, un sabay\u00f3n de fruta de la pasi\u00f3n y mango, y una delicada decoraci\u00f3n de merengue seco.\" \/>\n<meta property=\"og:url\" content=\"https:\/\/baixas.es\/es\/sin-categoria-2\/sol-individual\/\" \/>\n<meta property=\"og:site_name\" content=\"Pastisseria Baixas\" \/>\n<meta property=\"og:image\" content=\"https:\/\/baixas.es\/wp-content\/uploads\/2023\/04\/sol-individual-pastisseria-baixas.jpg\" \/>\n\t<meta property=\"og:image:width\" content=\"2000\" \/>\n\t<meta property=\"og:image:height\" content=\"2000\" \/>\n\t<meta property=\"og:image:type\" content=\"image\/jpeg\" \/>\n<meta name=\"twitter:card\" content=\"summary_large_image\" \/>\n<meta name=\"twitter:label1\" content=\"Tiempo de lectura\" \/>\n\t<meta name=\"twitter:data1\" content=\"1 minuto\" \/>\n<script type=\"application\/ld+json\" class=\"yoast-schema-graph\">{\"@context\":\"https:\/\/schema.org\",\"@graph\":[{\"@type\":\"WebPage\",\"@id\":\"https:\/\/baixas.es\/es\/sin-categoria-2\/sol-individual\/\",\"url\":\"https:\/\/baixas.es\/es\/sin-categoria-2\/sol-individual\/\",\"name\":\"Sol individual &#8211; Pastisseria Baixas\",\"isPartOf\":{\"@id\":\"https:\/\/baixas.es\/es\/#website\"},\"primaryImageOfPage\":{\"@id\":\"https:\/\/baixas.es\/es\/sin-categoria-2\/sol-individual\/#primaryimage\"},\"image\":{\"@id\":\"https:\/\/baixas.es\/es\/sin-categoria-2\/sol-individual\/#primaryimage\"},\"thumbnailUrl\":\"https:\/\/baixas.es\/wp-content\/uploads\/2023\/04\/sol-individual-pastisseria-baixas.jpg\",\"datePublished\":\"2023-04-21T21:27:05+00:00\",\"description\":\"El Sol individual es un pastel que combina una base de Sabl\u00e9 Bret\u00f3n, un sabay\u00f3n de fruta de la pasi\u00f3n y mango, y una delicada decoraci\u00f3n de merengue seco.\",\"breadcrumb\":{\"@id\":\"https:\/\/baixas.es\/es\/sin-categoria-2\/sol-individual\/#breadcrumb\"},\"inLanguage\":\"es\",\"potentialAction\":[{\"@type\":\"ReadAction\",\"target\":[\"https:\/\/baixas.es\/es\/sin-categoria-2\/sol-individual\/\"]}]},{\"@type\":\"ImageObject\",\"inLanguage\":\"es\",\"@id\":\"https:\/\/baixas.es\/es\/sin-categoria-2\/sol-individual\/#primaryimage\",\"url\":\"https:\/\/baixas.es\/wp-content\/uploads\/2023\/04\/sol-individual-pastisseria-baixas.jpg\",\"contentUrl\":\"https:\/\/baixas.es\/wp-content\/uploads\/2023\/04\/sol-individual-pastisseria-baixas.jpg\",\"width\":2000,\"height\":2000,\"caption\":\"sol-individual-pastisseria-baixas\"},{\"@type\":\"BreadcrumbList\",\"@id\":\"https:\/\/baixas.es\/es\/sin-categoria-2\/sol-individual\/#breadcrumb\",\"itemListElement\":[{\"@type\":\"ListItem\",\"position\":1,\"name\":\"Inici\",\"item\":\"https:\/\/baixas.es\/es\/\"},{\"@type\":\"ListItem\",\"position\":2,\"name\":\"Tienda\",\"item\":\"https:\/\/baixas.es\/es\/tienda\/\"},{\"@type\":\"ListItem\",\"position\":3,\"name\":\"Sol individual\"}]},{\"@type\":\"WebSite\",\"@id\":\"https:\/\/baixas.es\/es\/#website\",\"url\":\"https:\/\/baixas.es\/es\/\",\"name\":\"Pastisseria Baixas\",\"description\":\"La pasteler\u00eda de Barcelona m\u00e1s sostenible con el m\u00ednimo intervencionismo y artificialidad\",\"publisher\":{\"@id\":\"https:\/\/baixas.es\/es\/#organization\"},\"alternateName\":\"Baixas\",\"potentialAction\":[{\"@type\":\"SearchAction\",\"target\":{\"@type\":\"EntryPoint\",\"urlTemplate\":\"https:\/\/baixas.es\/es\/?s={search_term_string}\"},\"query-input\":{\"@type\":\"PropertyValueSpecification\",\"valueRequired\":true,\"valueName\":\"search_term_string\"}}],\"inLanguage\":\"es\"},{\"@type\":\"Organization\",\"@id\":\"https:\/\/baixas.es\/es\/#organization\",\"name\":\"Pastisseria Baixas\",\"alternateName\":\"Baixas\",\"url\":\"https:\/\/baixas.es\/es\/\",\"logo\":{\"@type\":\"ImageObject\",\"inLanguage\":\"es\",\"@id\":\"https:\/\/baixas.es\/es\/#\/schema\/logo\/image\/\",\"url\":\"https:\/\/baixas.es\/wp-content\/uploads\/2023\/03\/logo.svg\",\"contentUrl\":\"https:\/\/baixas.es\/wp-content\/uploads\/2023\/03\/logo.svg\",\"width\":155,\"height\":41,\"caption\":\"Pastisseria Baixas\"},\"image\":{\"@id\":\"https:\/\/baixas.es\/es\/#\/schema\/logo\/image\/\"},\"sameAs\":[\"https:\/\/www.instagram.com\/baixasbarcelona\/\",\"https:\/\/www.linkedin.com\/company\/baixas-barcelona\/\"]}]}<\/script>\n<!-- \/ Yoast SEO plugin. -->","yoast_head_json":{"title":"Sol individual &#8211; Pastisseria Baixas","description":"El Sol individual es un pastel que combina una base de Sabl\u00e9 Bret\u00f3n, un sabay\u00f3n de fruta de la pasi\u00f3n y mango, y una delicada decoraci\u00f3n de merengue seco.","robots":{"index":"index","follow":"follow","max-snippet":"max-snippet:-1","max-image-preview":"max-image-preview:large","max-video-preview":"max-video-preview:-1"},"canonical":"https:\/\/baixas.es\/es\/sin-categoria-2\/sol-individual\/","og_locale":"es_ES","og_type":"article","og_title":"Sol individual &#8211; Pastisseria Baixas","og_description":"El Sol individual es un pastel que combina una base de Sabl\u00e9 Bret\u00f3n, un sabay\u00f3n de fruta de la pasi\u00f3n y mango, y una delicada decoraci\u00f3n de merengue seco.","og_url":"https:\/\/baixas.es\/es\/sin-categoria-2\/sol-individual\/","og_site_name":"Pastisseria Baixas","og_image":[{"width":2000,"height":2000,"url":"https:\/\/baixas.es\/wp-content\/uploads\/2023\/04\/sol-individual-pastisseria-baixas.jpg","type":"image\/jpeg"}],"twitter_card":"summary_large_image","twitter_misc":{"Tiempo de lectura":"1 minuto"},"schema":{"@context":"https:\/\/schema.org","@graph":[{"@type":"WebPage","@id":"https:\/\/baixas.es\/es\/sin-categoria-2\/sol-individual\/","url":"https:\/\/baixas.es\/es\/sin-categoria-2\/sol-individual\/","name":"Sol individual &#8211; Pastisseria Baixas","isPartOf":{"@id":"https:\/\/baixas.es\/es\/#website"},"primaryImageOfPage":{"@id":"https:\/\/baixas.es\/es\/sin-categoria-2\/sol-individual\/#primaryimage"},"image":{"@id":"https:\/\/baixas.es\/es\/sin-categoria-2\/sol-individual\/#primaryimage"},"thumbnailUrl":"https:\/\/baixas.es\/wp-content\/uploads\/2023\/04\/sol-individual-pastisseria-baixas.jpg","datePublished":"2023-04-21T21:27:05+00:00","description":"El Sol individual es un pastel que combina una base de Sabl\u00e9 Bret\u00f3n, un sabay\u00f3n de fruta de la pasi\u00f3n y mango, y una delicada decoraci\u00f3n de merengue seco.","breadcrumb":{"@id":"https:\/\/baixas.es\/es\/sin-categoria-2\/sol-individual\/#breadcrumb"},"inLanguage":"es","potentialAction":[{"@type":"ReadAction","target":["https:\/\/baixas.es\/es\/sin-categoria-2\/sol-individual\/"]}]},{"@type":"ImageObject","inLanguage":"es","@id":"https:\/\/baixas.es\/es\/sin-categoria-2\/sol-individual\/#primaryimage","url":"https:\/\/baixas.es\/wp-content\/uploads\/2023\/04\/sol-individual-pastisseria-baixas.jpg","contentUrl":"https:\/\/baixas.es\/wp-content\/uploads\/2023\/04\/sol-individual-pastisseria-baixas.jpg","width":2000,"height":2000,"caption":"sol-individual-pastisseria-baixas"},{"@type":"BreadcrumbList","@id":"https:\/\/baixas.es\/es\/sin-categoria-2\/sol-individual\/#breadcrumb","itemListElement":[{"@type":"ListItem","position":1,"name":"Inici","item":"https:\/\/baixas.es\/es\/"},{"@type":"ListItem","position":2,"name":"Tienda","item":"https:\/\/baixas.es\/es\/tienda\/"},{"@type":"ListItem","position":3,"name":"Sol individual"}]},{"@type":"WebSite","@id":"https:\/\/baixas.es\/es\/#website","url":"https:\/\/baixas.es\/es\/","name":"Pastisseria Baixas","description":"La pasteler\u00eda de Barcelona m\u00e1s sostenible con el m\u00ednimo intervencionismo y artificialidad","publisher":{"@id":"https:\/\/baixas.es\/es\/#organization"},"alternateName":"Baixas","potentialAction":[{"@type":"SearchAction","target":{"@type":"EntryPoint","urlTemplate":"https:\/\/baixas.es\/es\/?s={search_term_string}"},"query-input":{"@type":"PropertyValueSpecification","valueRequired":true,"valueName":"search_term_string"}}],"inLanguage":"es"},{"@type":"Organization","@id":"https:\/\/baixas.es\/es\/#organization","name":"Pastisseria Baixas","alternateName":"Baixas","url":"https:\/\/baixas.es\/es\/","logo":{"@type":"ImageObject","inLanguage":"es","@id":"https:\/\/baixas.es\/es\/#\/schema\/logo\/image\/","url":"https:\/\/baixas.es\/wp-content\/uploads\/2023\/03\/logo.svg","contentUrl":"https:\/\/baixas.es\/wp-content\/uploads\/2023\/03\/logo.svg","width":155,"height":41,"caption":"Pastisseria Baixas"},"image":{"@id":"https:\/\/baixas.es\/es\/#\/schema\/logo\/image\/"},"sameAs":["https:\/\/www.instagram.com\/baixasbarcelona\/","https:\/\/www.linkedin.com\/company\/baixas-barcelona\/"]}]}},"_links":{"self":[{"href":"https:\/\/baixas.es\/es\/wp-json\/wp\/v2\/product\/6389","targetHints":{"allow":["GET"]}}],"collection":[{"href":"https:\/\/baixas.es\/es\/wp-json\/wp\/v2\/product"}],"about":[{"href":"https:\/\/baixas.es\/es\/wp-json\/wp\/v2\/types\/product"}],"wp:featuredmedia":[{"embeddable":true,"href":"https:\/\/baixas.es\/es\/wp-json\/wp\/v2\/media\/262"}],"wp:attachment":[{"href":"https:\/\/baixas.es\/es\/wp-json\/wp\/v2\/media?parent=6389"}],"wp:term":[{"taxonomy":"product_brand","embeddable":true,"href":"https:\/\/baixas.es\/es\/wp-json\/wp\/v2\/product_brand?post=6389"},{"taxonomy":"product_cat","embeddable":true,"href":"https:\/\/baixas.es\/es\/wp-json\/wp\/v2\/product_cat?post=6389"},{"taxonomy":"product_tag","embeddable":true,"href":"https:\/\/baixas.es\/es\/wp-json\/wp\/v2\/product_tag?post=6389"}],"curies":[{"name":"wp","href":"https:\/\/api.w.org\/{rel}","templated":true}]}}