{"id":5932,"date":"2024-03-11T08:19:57","date_gmt":"2024-03-11T08:19:57","guid":{"rendered":"https:\/\/baixas.es\/sin%20categor\u00eda\/mona-de-pascua-el-gallo-y-la-gallina\/"},"modified":"2026-03-15T21:49:34","modified_gmt":"2026-03-15T21:49:34","slug":"mona-de-pascua-el-gallo-y-la-gallina","status":"publish","type":"product","link":"https:\/\/baixas.es\/es\/pascua-en-baixas\/mona-de-pascua-el-gallo-y-la-gallina\/","title":{"rendered":"Mona de Pascua \u00abEl gallo y la gallina\u00bb"},"content":{"rendered":"","protected":false},"excerpt":{"rendered":"<p>Figuras de chocolate negro 62% (gallo y gallina).<\/p>\n<p>Dimensiones = 23cm x 15cm x 15cm<\/p>\n<p><strong>*Imagen orientativa<\/strong><\/p>\n<p>AL\u00c9RGENOS: Gluten, lactosa, huevo, trazas de soja y frutos secos.<\/p>\n","protected":false},"featured_media":5511,"template":"","meta":{"_acf_changed":false,"inline_featured_image":false},"product_brand":[],"product_cat":[215],"product_tag":[],"class_list":{"0":"post-5932","1":"product","2":"type-product","3":"status-publish","4":"has-post-thumbnail","6":"product_cat-pascua-en-baixas","8":"first","9":"outofstock","10":"purchasable","11":"product-type-simple"},"acf":[],"yoast_head":"<!-- This site is optimized with the Yoast SEO plugin v27.2 - https:\/\/yoast.com\/product\/yoast-seo-wordpress\/ -->\n<title>Mona de Pascua &quot;El gallo y la gallina&quot; &#8211; Pastisseria Baixas<\/title>\n<meta name=\"description\" content=\"Disfruta de la Mona de Pascua &quot;El gallo y la gallina&quot;: estaban en el balc\u00f3n y pueden estar en tu casa. Te esperan en Baixas, la pasteler\u00eda de Barcelona.\" \/>\n<meta name=\"robots\" content=\"index, follow, max-snippet:-1, max-image-preview:large, max-video-preview:-1\" \/>\n<link rel=\"canonical\" href=\"https:\/\/baixas.es\/es\/pascua-en-baixas\/mona-de-pascua-el-gallo-y-la-gallina\/\" \/>\n<meta property=\"og:locale\" content=\"es_ES\" \/>\n<meta property=\"og:type\" content=\"article\" \/>\n<meta property=\"og:title\" content=\"Mona de Pascua &quot;El gallo y la gallina&quot; &#8211; Pastisseria Baixas\" \/>\n<meta property=\"og:description\" content=\"Disfruta de la Mona de Pascua &quot;El gallo y la gallina&quot;: estaban en el balc\u00f3n y pueden estar en tu casa. Te esperan en Baixas, la pasteler\u00eda de Barcelona.\" \/>\n<meta property=\"og:url\" content=\"https:\/\/baixas.es\/es\/pascua-en-baixas\/mona-de-pascua-el-gallo-y-la-gallina\/\" \/>\n<meta property=\"og:site_name\" content=\"Pastisseria Baixas\" \/>\n<meta property=\"article:modified_time\" content=\"2026-03-15T21:49:34+00:00\" \/>\n<meta property=\"og:image\" content=\"https:\/\/baixas.es\/wp-content\/uploads\/2024\/03\/El-Gall-i-la-Gallina-42.jpg\" \/>\n\t<meta property=\"og:image:width\" content=\"2000\" \/>\n\t<meta property=\"og:image:height\" content=\"2000\" \/>\n\t<meta property=\"og:image:type\" content=\"image\/jpeg\" \/>\n<meta name=\"twitter:card\" content=\"summary_large_image\" \/>\n<meta name=\"twitter:label1\" content=\"Tiempo de lectura\" \/>\n\t<meta name=\"twitter:data1\" content=\"1 minuto\" \/>\n<script type=\"application\/ld+json\" class=\"yoast-schema-graph\">{\"@context\":\"https:\/\/schema.org\",\"@graph\":[{\"@type\":\"WebPage\",\"@id\":\"https:\/\/baixas.es\/es\/pascua-en-baixas\/mona-de-pascua-el-gallo-y-la-gallina\/\",\"url\":\"https:\/\/baixas.es\/es\/pascua-en-baixas\/mona-de-pascua-el-gallo-y-la-gallina\/\",\"name\":\"Mona de Pascua \\\"El gallo y la gallina\\\" &#8211; Pastisseria Baixas\",\"isPartOf\":{\"@id\":\"https:\/\/baixas.es\/es\/#website\"},\"primaryImageOfPage\":{\"@id\":\"https:\/\/baixas.es\/es\/pascua-en-baixas\/mona-de-pascua-el-gallo-y-la-gallina\/#primaryimage\"},\"image\":{\"@id\":\"https:\/\/baixas.es\/es\/pascua-en-baixas\/mona-de-pascua-el-gallo-y-la-gallina\/#primaryimage\"},\"thumbnailUrl\":\"https:\/\/baixas.es\/wp-content\/uploads\/2024\/03\/El-Gall-i-la-Gallina-42.jpg\",\"datePublished\":\"2024-03-11T08:19:57+00:00\",\"dateModified\":\"2026-03-15T21:49:34+00:00\",\"description\":\"Disfruta de la Mona de Pascua \\\"El gallo y la gallina\\\": estaban en el balc\u00f3n y pueden estar en tu casa. Te esperan en Baixas, la pasteler\u00eda de Barcelona.\",\"breadcrumb\":{\"@id\":\"https:\/\/baixas.es\/es\/pascua-en-baixas\/mona-de-pascua-el-gallo-y-la-gallina\/#breadcrumb\"},\"inLanguage\":\"es\",\"potentialAction\":[{\"@type\":\"ReadAction\",\"target\":[\"https:\/\/baixas.es\/es\/pascua-en-baixas\/mona-de-pascua-el-gallo-y-la-gallina\/\"]}]},{\"@type\":\"ImageObject\",\"inLanguage\":\"es\",\"@id\":\"https:\/\/baixas.es\/es\/pascua-en-baixas\/mona-de-pascua-el-gallo-y-la-gallina\/#primaryimage\",\"url\":\"https:\/\/baixas.es\/wp-content\/uploads\/2024\/03\/El-Gall-i-la-Gallina-42.jpg\",\"contentUrl\":\"https:\/\/baixas.es\/wp-content\/uploads\/2024\/03\/El-Gall-i-la-Gallina-42.jpg\",\"width\":2000,\"height\":2000,\"caption\":\"Mona de pasqua\"},{\"@type\":\"BreadcrumbList\",\"@id\":\"https:\/\/baixas.es\/es\/pascua-en-baixas\/mona-de-pascua-el-gallo-y-la-gallina\/#breadcrumb\",\"itemListElement\":[{\"@type\":\"ListItem\",\"position\":1,\"name\":\"Inici\",\"item\":\"https:\/\/baixas.es\/es\/\"},{\"@type\":\"ListItem\",\"position\":2,\"name\":\"Tienda\",\"item\":\"https:\/\/baixas.es\/es\/tienda\/\"},{\"@type\":\"ListItem\",\"position\":3,\"name\":\"Mona de Pascua &#8220;El gallo y la gallina&#8221;\"}]},{\"@type\":\"WebSite\",\"@id\":\"https:\/\/baixas.es\/es\/#website\",\"url\":\"https:\/\/baixas.es\/es\/\",\"name\":\"Pastisseria Baixas\",\"description\":\"La pasteler\u00eda de Barcelona m\u00e1s sostenible con el m\u00ednimo intervencionismo y artificialidad\",\"publisher\":{\"@id\":\"https:\/\/baixas.es\/es\/#organization\"},\"alternateName\":\"Baixas\",\"potentialAction\":[{\"@type\":\"SearchAction\",\"target\":{\"@type\":\"EntryPoint\",\"urlTemplate\":\"https:\/\/baixas.es\/es\/?s={search_term_string}\"},\"query-input\":{\"@type\":\"PropertyValueSpecification\",\"valueRequired\":true,\"valueName\":\"search_term_string\"}}],\"inLanguage\":\"es\"},{\"@type\":\"Organization\",\"@id\":\"https:\/\/baixas.es\/es\/#organization\",\"name\":\"Pastisseria Baixas\",\"alternateName\":\"Baixas\",\"url\":\"https:\/\/baixas.es\/es\/\",\"logo\":{\"@type\":\"ImageObject\",\"inLanguage\":\"es\",\"@id\":\"https:\/\/baixas.es\/es\/#\/schema\/logo\/image\/\",\"url\":\"https:\/\/baixas.es\/wp-content\/uploads\/2023\/03\/logo.svg\",\"contentUrl\":\"https:\/\/baixas.es\/wp-content\/uploads\/2023\/03\/logo.svg\",\"width\":155,\"height\":41,\"caption\":\"Pastisseria Baixas\"},\"image\":{\"@id\":\"https:\/\/baixas.es\/es\/#\/schema\/logo\/image\/\"},\"sameAs\":[\"https:\/\/www.instagram.com\/baixasbarcelona\/\",\"https:\/\/www.linkedin.com\/company\/baixas-barcelona\/\"]}]}<\/script>\n<!-- \/ Yoast SEO plugin. -->","yoast_head_json":{"title":"Mona de Pascua \"El gallo y la gallina\" &#8211; Pastisseria Baixas","description":"Disfruta de la Mona de Pascua \"El gallo y la gallina\": estaban en el balc\u00f3n y pueden estar en tu casa. Te esperan en Baixas, la pasteler\u00eda de Barcelona.","robots":{"index":"index","follow":"follow","max-snippet":"max-snippet:-1","max-image-preview":"max-image-preview:large","max-video-preview":"max-video-preview:-1"},"canonical":"https:\/\/baixas.es\/es\/pascua-en-baixas\/mona-de-pascua-el-gallo-y-la-gallina\/","og_locale":"es_ES","og_type":"article","og_title":"Mona de Pascua \"El gallo y la gallina\" &#8211; Pastisseria Baixas","og_description":"Disfruta de la Mona de Pascua \"El gallo y la gallina\": estaban en el balc\u00f3n y pueden estar en tu casa. Te esperan en Baixas, la pasteler\u00eda de Barcelona.","og_url":"https:\/\/baixas.es\/es\/pascua-en-baixas\/mona-de-pascua-el-gallo-y-la-gallina\/","og_site_name":"Pastisseria Baixas","article_modified_time":"2026-03-15T21:49:34+00:00","og_image":[{"width":2000,"height":2000,"url":"https:\/\/baixas.es\/wp-content\/uploads\/2024\/03\/El-Gall-i-la-Gallina-42.jpg","type":"image\/jpeg"}],"twitter_card":"summary_large_image","twitter_misc":{"Tiempo de lectura":"1 minuto"},"schema":{"@context":"https:\/\/schema.org","@graph":[{"@type":"WebPage","@id":"https:\/\/baixas.es\/es\/pascua-en-baixas\/mona-de-pascua-el-gallo-y-la-gallina\/","url":"https:\/\/baixas.es\/es\/pascua-en-baixas\/mona-de-pascua-el-gallo-y-la-gallina\/","name":"Mona de Pascua \"El gallo y la gallina\" &#8211; Pastisseria Baixas","isPartOf":{"@id":"https:\/\/baixas.es\/es\/#website"},"primaryImageOfPage":{"@id":"https:\/\/baixas.es\/es\/pascua-en-baixas\/mona-de-pascua-el-gallo-y-la-gallina\/#primaryimage"},"image":{"@id":"https:\/\/baixas.es\/es\/pascua-en-baixas\/mona-de-pascua-el-gallo-y-la-gallina\/#primaryimage"},"thumbnailUrl":"https:\/\/baixas.es\/wp-content\/uploads\/2024\/03\/El-Gall-i-la-Gallina-42.jpg","datePublished":"2024-03-11T08:19:57+00:00","dateModified":"2026-03-15T21:49:34+00:00","description":"Disfruta de la Mona de Pascua \"El gallo y la gallina\": estaban en el balc\u00f3n y pueden estar en tu casa. Te esperan en Baixas, la pasteler\u00eda de Barcelona.","breadcrumb":{"@id":"https:\/\/baixas.es\/es\/pascua-en-baixas\/mona-de-pascua-el-gallo-y-la-gallina\/#breadcrumb"},"inLanguage":"es","potentialAction":[{"@type":"ReadAction","target":["https:\/\/baixas.es\/es\/pascua-en-baixas\/mona-de-pascua-el-gallo-y-la-gallina\/"]}]},{"@type":"ImageObject","inLanguage":"es","@id":"https:\/\/baixas.es\/es\/pascua-en-baixas\/mona-de-pascua-el-gallo-y-la-gallina\/#primaryimage","url":"https:\/\/baixas.es\/wp-content\/uploads\/2024\/03\/El-Gall-i-la-Gallina-42.jpg","contentUrl":"https:\/\/baixas.es\/wp-content\/uploads\/2024\/03\/El-Gall-i-la-Gallina-42.jpg","width":2000,"height":2000,"caption":"Mona de pasqua"},{"@type":"BreadcrumbList","@id":"https:\/\/baixas.es\/es\/pascua-en-baixas\/mona-de-pascua-el-gallo-y-la-gallina\/#breadcrumb","itemListElement":[{"@type":"ListItem","position":1,"name":"Inici","item":"https:\/\/baixas.es\/es\/"},{"@type":"ListItem","position":2,"name":"Tienda","item":"https:\/\/baixas.es\/es\/tienda\/"},{"@type":"ListItem","position":3,"name":"Mona de Pascua &#8220;El gallo y la gallina&#8221;"}]},{"@type":"WebSite","@id":"https:\/\/baixas.es\/es\/#website","url":"https:\/\/baixas.es\/es\/","name":"Pastisseria Baixas","description":"La pasteler\u00eda de Barcelona m\u00e1s sostenible con el m\u00ednimo intervencionismo y artificialidad","publisher":{"@id":"https:\/\/baixas.es\/es\/#organization"},"alternateName":"Baixas","potentialAction":[{"@type":"SearchAction","target":{"@type":"EntryPoint","urlTemplate":"https:\/\/baixas.es\/es\/?s={search_term_string}"},"query-input":{"@type":"PropertyValueSpecification","valueRequired":true,"valueName":"search_term_string"}}],"inLanguage":"es"},{"@type":"Organization","@id":"https:\/\/baixas.es\/es\/#organization","name":"Pastisseria Baixas","alternateName":"Baixas","url":"https:\/\/baixas.es\/es\/","logo":{"@type":"ImageObject","inLanguage":"es","@id":"https:\/\/baixas.es\/es\/#\/schema\/logo\/image\/","url":"https:\/\/baixas.es\/wp-content\/uploads\/2023\/03\/logo.svg","contentUrl":"https:\/\/baixas.es\/wp-content\/uploads\/2023\/03\/logo.svg","width":155,"height":41,"caption":"Pastisseria Baixas"},"image":{"@id":"https:\/\/baixas.es\/es\/#\/schema\/logo\/image\/"},"sameAs":["https:\/\/www.instagram.com\/baixasbarcelona\/","https:\/\/www.linkedin.com\/company\/baixas-barcelona\/"]}]}},"_links":{"self":[{"href":"https:\/\/baixas.es\/es\/wp-json\/wp\/v2\/product\/5932","targetHints":{"allow":["GET"]}}],"collection":[{"href":"https:\/\/baixas.es\/es\/wp-json\/wp\/v2\/product"}],"about":[{"href":"https:\/\/baixas.es\/es\/wp-json\/wp\/v2\/types\/product"}],"wp:featuredmedia":[{"embeddable":true,"href":"https:\/\/baixas.es\/es\/wp-json\/wp\/v2\/media\/5511"}],"wp:attachment":[{"href":"https:\/\/baixas.es\/es\/wp-json\/wp\/v2\/media?parent=5932"}],"wp:term":[{"taxonomy":"product_brand","embeddable":true,"href":"https:\/\/baixas.es\/es\/wp-json\/wp\/v2\/product_brand?post=5932"},{"taxonomy":"product_cat","embeddable":true,"href":"https:\/\/baixas.es\/es\/wp-json\/wp\/v2\/product_cat?post=5932"},{"taxonomy":"product_tag","embeddable":true,"href":"https:\/\/baixas.es\/es\/wp-json\/wp\/v2\/product_tag?post=5932"}],"curies":[{"name":"wp","href":"https:\/\/api.w.org\/{rel}","templated":true}]}}