{"id":5900,"date":"2024-06-06T11:41:03","date_gmt":"2024-06-06T11:41:03","guid":{"rendered":"https:\/\/baixas.es\/sin categor\u00eda\/coca-de-hojaldre-y-crema-rellena\/"},"modified":"2024-06-06T11:41:03","modified_gmt":"2024-06-06T11:41:03","slug":"coca-de-hojaldre-y-crema-rellena","status":"publish","type":"product","link":"https:\/\/baixas.es\/es\/coques-sant-joan-es-2\/coca-de-hojaldre-y-crema-rellena\/","title":{"rendered":"Coca de hojaldre y crema rellena"},"content":{"rendered":"","protected":false},"excerpt":{"rendered":"<p style=\"font-weight: 400;\">Masa de hojaldre rellena de crema pastelera, acabada con cereza confitada y almendra.<\/p>\n<div class=\"product-summary-description\">\n<p>AL\u00c9RGENOS: Gluten, lactosa, huevo, trazas de soja y frutos secos.<\/p>\n<\/div>\n","protected":false},"featured_media":5575,"template":"","meta":{"_acf_changed":false,"inline_featured_image":false},"product_brand":[],"product_cat":[232],"product_tag":[],"class_list":{"0":"post-5900","1":"product","2":"type-product","3":"status-publish","4":"has-post-thumbnail","6":"product_cat-coques-sant-joan-es-2","8":"first","9":"outofstock","10":"purchasable","11":"product-type-variable"},"acf":[],"yoast_head":"<!-- This site is optimized with the Yoast SEO plugin v27.3 - https:\/\/yoast.com\/product\/yoast-seo-wordpress\/ -->\n<title>Coca de hojaldre y crema rellena &#8211; Pastisseria Baixas<\/title>\n<meta name=\"description\" content=\"La coca de Llavaneres es una delicia tradicional de la pasteler\u00eda catalana, en este caso, \u00edntimamente ligada a la pasteler\u00eda m\u00e1s tradicional del Maresme.\" \/>\n<meta name=\"robots\" content=\"index, follow, max-snippet:-1, max-image-preview:large, max-video-preview:-1\" \/>\n<link rel=\"canonical\" href=\"https:\/\/baixas.es\/es\/coques-sant-joan-es-2\/coca-de-hojaldre-y-crema-rellena\/\" \/>\n<meta property=\"og:locale\" content=\"es_ES\" \/>\n<meta property=\"og:type\" content=\"article\" \/>\n<meta property=\"og:title\" content=\"Coca de hojaldre y crema rellena &#8211; Pastisseria Baixas\" \/>\n<meta property=\"og:description\" content=\"La coca de Llavaneres es una delicia tradicional de la pasteler\u00eda catalana, en este caso, \u00edntimamente ligada a la pasteler\u00eda m\u00e1s tradicional del Maresme.\" \/>\n<meta property=\"og:url\" content=\"https:\/\/baixas.es\/es\/coques-sant-joan-es-2\/coca-de-hojaldre-y-crema-rellena\/\" \/>\n<meta property=\"og:site_name\" content=\"Pastisseria Baixas\" \/>\n<meta property=\"og:image\" content=\"https:\/\/baixas.es\/wp-content\/uploads\/2024\/06\/coca-farcida-crema-pastisera-1.jpg\" \/>\n\t<meta property=\"og:image:width\" content=\"2000\" \/>\n\t<meta property=\"og:image:height\" content=\"2000\" \/>\n\t<meta property=\"og:image:type\" content=\"image\/jpeg\" \/>\n<meta name=\"twitter:card\" content=\"summary_large_image\" \/>\n<script type=\"application\/ld+json\" class=\"yoast-schema-graph\">{\"@context\":\"https:\\\/\\\/schema.org\",\"@graph\":[{\"@type\":\"WebPage\",\"@id\":\"https:\\\/\\\/baixas.es\\\/es\\\/coques-sant-joan-es-2\\\/coca-de-hojaldre-y-crema-rellena\\\/\",\"url\":\"https:\\\/\\\/baixas.es\\\/es\\\/coques-sant-joan-es-2\\\/coca-de-hojaldre-y-crema-rellena\\\/\",\"name\":\"Coca de hojaldre y crema rellena &#8211; Pastisseria Baixas\",\"isPartOf\":{\"@id\":\"https:\\\/\\\/baixas.es\\\/es\\\/#website\"},\"primaryImageOfPage\":{\"@id\":\"https:\\\/\\\/baixas.es\\\/es\\\/coques-sant-joan-es-2\\\/coca-de-hojaldre-y-crema-rellena\\\/#primaryimage\"},\"image\":{\"@id\":\"https:\\\/\\\/baixas.es\\\/es\\\/coques-sant-joan-es-2\\\/coca-de-hojaldre-y-crema-rellena\\\/#primaryimage\"},\"thumbnailUrl\":\"https:\\\/\\\/baixas.es\\\/wp-content\\\/uploads\\\/2024\\\/06\\\/coca-farcida-crema-pastisera-1.jpg\",\"datePublished\":\"2024-06-06T11:41:03+00:00\",\"description\":\"La coca de Llavaneres es una delicia tradicional de la pasteler\u00eda catalana, en este caso, \u00edntimamente ligada a la pasteler\u00eda m\u00e1s tradicional del Maresme.\",\"breadcrumb\":{\"@id\":\"https:\\\/\\\/baixas.es\\\/es\\\/coques-sant-joan-es-2\\\/coca-de-hojaldre-y-crema-rellena\\\/#breadcrumb\"},\"inLanguage\":\"es\",\"potentialAction\":[{\"@type\":\"ReadAction\",\"target\":[\"https:\\\/\\\/baixas.es\\\/es\\\/coques-sant-joan-es-2\\\/coca-de-hojaldre-y-crema-rellena\\\/\"]}]},{\"@type\":\"ImageObject\",\"inLanguage\":\"es\",\"@id\":\"https:\\\/\\\/baixas.es\\\/es\\\/coques-sant-joan-es-2\\\/coca-de-hojaldre-y-crema-rellena\\\/#primaryimage\",\"url\":\"https:\\\/\\\/baixas.es\\\/wp-content\\\/uploads\\\/2024\\\/06\\\/coca-farcida-crema-pastisera-1.jpg\",\"contentUrl\":\"https:\\\/\\\/baixas.es\\\/wp-content\\\/uploads\\\/2024\\\/06\\\/coca-farcida-crema-pastisera-1.jpg\",\"width\":2000,\"height\":2000,\"caption\":\"coca-farcida-crema-pastisera\"},{\"@type\":\"BreadcrumbList\",\"@id\":\"https:\\\/\\\/baixas.es\\\/es\\\/coques-sant-joan-es-2\\\/coca-de-hojaldre-y-crema-rellena\\\/#breadcrumb\",\"itemListElement\":[{\"@type\":\"ListItem\",\"position\":1,\"name\":\"Inici\",\"item\":\"https:\\\/\\\/baixas.es\\\/es\\\/\"},{\"@type\":\"ListItem\",\"position\":2,\"name\":\"Tienda\",\"item\":\"https:\\\/\\\/baixas.es\\\/es\\\/tienda\\\/\"},{\"@type\":\"ListItem\",\"position\":3,\"name\":\"Coca de hojaldre y crema rellena\"}]},{\"@type\":\"WebSite\",\"@id\":\"https:\\\/\\\/baixas.es\\\/es\\\/#website\",\"url\":\"https:\\\/\\\/baixas.es\\\/es\\\/\",\"name\":\"Pastisseria Baixas\",\"description\":\"La pasteler\u00eda de Barcelona m\u00e1s sostenible con el m\u00ednimo intervencionismo y artificialidad\",\"publisher\":{\"@id\":\"https:\\\/\\\/baixas.es\\\/es\\\/#organization\"},\"alternateName\":\"Baixas\",\"potentialAction\":[{\"@type\":\"SearchAction\",\"target\":{\"@type\":\"EntryPoint\",\"urlTemplate\":\"https:\\\/\\\/baixas.es\\\/es\\\/?s={search_term_string}\"},\"query-input\":{\"@type\":\"PropertyValueSpecification\",\"valueRequired\":true,\"valueName\":\"search_term_string\"}}],\"inLanguage\":\"es\"},{\"@type\":\"Organization\",\"@id\":\"https:\\\/\\\/baixas.es\\\/es\\\/#organization\",\"name\":\"Pastisseria Baixas\",\"alternateName\":\"Baixas\",\"url\":\"https:\\\/\\\/baixas.es\\\/es\\\/\",\"logo\":{\"@type\":\"ImageObject\",\"inLanguage\":\"es\",\"@id\":\"https:\\\/\\\/baixas.es\\\/es\\\/#\\\/schema\\\/logo\\\/image\\\/\",\"url\":\"https:\\\/\\\/baixas.es\\\/wp-content\\\/uploads\\\/2023\\\/03\\\/logo.svg\",\"contentUrl\":\"https:\\\/\\\/baixas.es\\\/wp-content\\\/uploads\\\/2023\\\/03\\\/logo.svg\",\"width\":155,\"height\":41,\"caption\":\"Pastisseria Baixas\"},\"image\":{\"@id\":\"https:\\\/\\\/baixas.es\\\/es\\\/#\\\/schema\\\/logo\\\/image\\\/\"},\"sameAs\":[\"https:\\\/\\\/www.instagram.com\\\/baixasbarcelona\\\/\",\"https:\\\/\\\/www.linkedin.com\\\/company\\\/baixas-barcelona\\\/\"]}]}<\/script>\n<!-- \/ Yoast SEO plugin. -->","yoast_head_json":{"title":"Coca de hojaldre y crema rellena &#8211; Pastisseria Baixas","description":"La coca de Llavaneres es una delicia tradicional de la pasteler\u00eda catalana, en este caso, \u00edntimamente ligada a la pasteler\u00eda m\u00e1s tradicional del Maresme.","robots":{"index":"index","follow":"follow","max-snippet":"max-snippet:-1","max-image-preview":"max-image-preview:large","max-video-preview":"max-video-preview:-1"},"canonical":"https:\/\/baixas.es\/es\/coques-sant-joan-es-2\/coca-de-hojaldre-y-crema-rellena\/","og_locale":"es_ES","og_type":"article","og_title":"Coca de hojaldre y crema rellena &#8211; Pastisseria Baixas","og_description":"La coca de Llavaneres es una delicia tradicional de la pasteler\u00eda catalana, en este caso, \u00edntimamente ligada a la pasteler\u00eda m\u00e1s tradicional del Maresme.","og_url":"https:\/\/baixas.es\/es\/coques-sant-joan-es-2\/coca-de-hojaldre-y-crema-rellena\/","og_site_name":"Pastisseria Baixas","og_image":[{"width":2000,"height":2000,"url":"https:\/\/baixas.es\/wp-content\/uploads\/2024\/06\/coca-farcida-crema-pastisera-1.jpg","type":"image\/jpeg"}],"twitter_card":"summary_large_image","schema":{"@context":"https:\/\/schema.org","@graph":[{"@type":"WebPage","@id":"https:\/\/baixas.es\/es\/coques-sant-joan-es-2\/coca-de-hojaldre-y-crema-rellena\/","url":"https:\/\/baixas.es\/es\/coques-sant-joan-es-2\/coca-de-hojaldre-y-crema-rellena\/","name":"Coca de hojaldre y crema rellena &#8211; Pastisseria Baixas","isPartOf":{"@id":"https:\/\/baixas.es\/es\/#website"},"primaryImageOfPage":{"@id":"https:\/\/baixas.es\/es\/coques-sant-joan-es-2\/coca-de-hojaldre-y-crema-rellena\/#primaryimage"},"image":{"@id":"https:\/\/baixas.es\/es\/coques-sant-joan-es-2\/coca-de-hojaldre-y-crema-rellena\/#primaryimage"},"thumbnailUrl":"https:\/\/baixas.es\/wp-content\/uploads\/2024\/06\/coca-farcida-crema-pastisera-1.jpg","datePublished":"2024-06-06T11:41:03+00:00","description":"La coca de Llavaneres es una delicia tradicional de la pasteler\u00eda catalana, en este caso, \u00edntimamente ligada a la pasteler\u00eda m\u00e1s tradicional del Maresme.","breadcrumb":{"@id":"https:\/\/baixas.es\/es\/coques-sant-joan-es-2\/coca-de-hojaldre-y-crema-rellena\/#breadcrumb"},"inLanguage":"es","potentialAction":[{"@type":"ReadAction","target":["https:\/\/baixas.es\/es\/coques-sant-joan-es-2\/coca-de-hojaldre-y-crema-rellena\/"]}]},{"@type":"ImageObject","inLanguage":"es","@id":"https:\/\/baixas.es\/es\/coques-sant-joan-es-2\/coca-de-hojaldre-y-crema-rellena\/#primaryimage","url":"https:\/\/baixas.es\/wp-content\/uploads\/2024\/06\/coca-farcida-crema-pastisera-1.jpg","contentUrl":"https:\/\/baixas.es\/wp-content\/uploads\/2024\/06\/coca-farcida-crema-pastisera-1.jpg","width":2000,"height":2000,"caption":"coca-farcida-crema-pastisera"},{"@type":"BreadcrumbList","@id":"https:\/\/baixas.es\/es\/coques-sant-joan-es-2\/coca-de-hojaldre-y-crema-rellena\/#breadcrumb","itemListElement":[{"@type":"ListItem","position":1,"name":"Inici","item":"https:\/\/baixas.es\/es\/"},{"@type":"ListItem","position":2,"name":"Tienda","item":"https:\/\/baixas.es\/es\/tienda\/"},{"@type":"ListItem","position":3,"name":"Coca de hojaldre y crema rellena"}]},{"@type":"WebSite","@id":"https:\/\/baixas.es\/es\/#website","url":"https:\/\/baixas.es\/es\/","name":"Pastisseria Baixas","description":"La pasteler\u00eda de Barcelona m\u00e1s sostenible con el m\u00ednimo intervencionismo y artificialidad","publisher":{"@id":"https:\/\/baixas.es\/es\/#organization"},"alternateName":"Baixas","potentialAction":[{"@type":"SearchAction","target":{"@type":"EntryPoint","urlTemplate":"https:\/\/baixas.es\/es\/?s={search_term_string}"},"query-input":{"@type":"PropertyValueSpecification","valueRequired":true,"valueName":"search_term_string"}}],"inLanguage":"es"},{"@type":"Organization","@id":"https:\/\/baixas.es\/es\/#organization","name":"Pastisseria Baixas","alternateName":"Baixas","url":"https:\/\/baixas.es\/es\/","logo":{"@type":"ImageObject","inLanguage":"es","@id":"https:\/\/baixas.es\/es\/#\/schema\/logo\/image\/","url":"https:\/\/baixas.es\/wp-content\/uploads\/2023\/03\/logo.svg","contentUrl":"https:\/\/baixas.es\/wp-content\/uploads\/2023\/03\/logo.svg","width":155,"height":41,"caption":"Pastisseria Baixas"},"image":{"@id":"https:\/\/baixas.es\/es\/#\/schema\/logo\/image\/"},"sameAs":["https:\/\/www.instagram.com\/baixasbarcelona\/","https:\/\/www.linkedin.com\/company\/baixas-barcelona\/"]}]}},"_links":{"self":[{"href":"https:\/\/baixas.es\/es\/wp-json\/wp\/v2\/product\/5900","targetHints":{"allow":["GET"]}}],"collection":[{"href":"https:\/\/baixas.es\/es\/wp-json\/wp\/v2\/product"}],"about":[{"href":"https:\/\/baixas.es\/es\/wp-json\/wp\/v2\/types\/product"}],"wp:featuredmedia":[{"embeddable":true,"href":"https:\/\/baixas.es\/es\/wp-json\/wp\/v2\/media\/5575"}],"wp:attachment":[{"href":"https:\/\/baixas.es\/es\/wp-json\/wp\/v2\/media?parent=5900"}],"wp:term":[{"taxonomy":"product_brand","embeddable":true,"href":"https:\/\/baixas.es\/es\/wp-json\/wp\/v2\/product_brand?post=5900"},{"taxonomy":"product_cat","embeddable":true,"href":"https:\/\/baixas.es\/es\/wp-json\/wp\/v2\/product_cat?post=5900"},{"taxonomy":"product_tag","embeddable":true,"href":"https:\/\/baixas.es\/es\/wp-json\/wp\/v2\/product_tag?post=5900"}],"curies":[{"name":"wp","href":"https:\/\/api.w.org\/{rel}","templated":true}]}}